{"id":1808,"date":"2020-11-30T13:53:53","date_gmt":"2020-11-30T13:53:53","guid":{"rendered":"https:\/\/webshop.foodspecialties.eu\/betaling-verzending\/"},"modified":"2026-02-10T10:57:09","modified_gmt":"2026-02-10T09:57:09","slug":"zahlung-versand","status":"publish","type":"page","link":"https:\/\/webshop.foodspecialties.eu\/de\/zahlung-versand\/","title":{"rendered":"Zahlung &#038; Versand"},"content":{"rendered":"<p><span style=\"color: #709302;\"><strong>Wie hoch sind die Versandkosten?<\/strong><\/span><\/p>\n<p><a href=\"https:\/\/webshop.foodspecialties.eu\/wp-content\/uploads\/2026\/02\/VA-verzendkosten-DU-2026-e1770717381857.png\"><img loading=\"lazy\" decoding=\"async\" class=\"alignnone wp-image-4619 size-full\" src=\"https:\/\/webshop.foodspecialties.eu\/wp-content\/uploads\/2026\/02\/VA-verzendkosten-DU-2026-e1770717381857.png\" alt=\"VA Foods versandkosten\" width=\"940\" height=\"456\" srcset=\"https:\/\/webshop.foodspecialties.eu\/wp-content\/uploads\/2026\/02\/VA-verzendkosten-DU-2026-e1770717381857.png 940w, https:\/\/webshop.foodspecialties.eu\/wp-content\/uploads\/2026\/02\/VA-verzendkosten-DU-2026-e1770717381857-300x146.png 300w, https:\/\/webshop.foodspecialties.eu\/wp-content\/uploads\/2026\/02\/VA-verzendkosten-DU-2026-e1770717381857-768x373.png 768w, https:\/\/webshop.foodspecialties.eu\/wp-content\/uploads\/2026\/02\/VA-verzendkosten-DU-2026-e1770717381857-600x291.png 600w\" sizes=\"auto, (max-width: 940px) 100vw, 940px\" \/><\/a><\/p>\n<p><span style=\"color: #d88c02;\"><strong>Die oben genannten Preise gelten f\u00fcr NL, BE, FR, LUX und MON<\/strong><\/span><\/p>\n<p><span style=\"color: #709302;\"><strong>Wohin liefern Sie?<\/strong><\/span><br \/>\nLieferung in die gesamten Niederlande mit Ausnahme der Watteninseln (Preise erfahren Sie bei uns).<br \/>\nBelgien, Luxemburg, Frankreich, Monaco<\/p>\n<p><span style=\"color: #709302;\"><strong>Wie wird Trockenware (R\u00f6stzwiebeln und Paniermehl) geliefert?<\/strong><\/span><br \/>\nWenn Sie nur Trockenware bestellen, erfolgt der Versand per Paketpost. Es gelten die regul\u00e4ren Pakettarife (DHL oder Bpost).<\/p>\n<p><span style=\"color: #709302;\"><strong>Wie werden Tiefk\u00fchlprodukte (&#x2744;&#xfe0f;)\u00a0geliefert?<\/strong><\/span><br \/>\nIhr Paket wird per Kurier zugestellt. Wenn Sie nicht zu Hause sind, liefern wir an Ihre Nachbarn. Am Abend vor der Lieferung erhalten Sie eine E-Mail mit Sendungsverfolgung. Behalten Sie Ihre E-Mails (und Ihren Spam-Ordner) im Auge!<br \/>\n<strong>Tipp!<\/strong> Wussten Sie, dass Sie zur angegebenen Zeit nicht zu Hause sind? Fragen Sie vorab Ihren Nachbarn, ob er das Paket f\u00fcr Sie in Empfang nehmen m\u00f6chte. Fragen Sie auch, ob Ihre Nachbarn die Produkte maximal f\u00fcr ein paar Stunden im Gefrierschrank oder in der K\u00fchlbox mit Elementen aufbewahren m\u00f6chten.<\/p>\n<p><span style=\"text-decoration: underline; color: #696969;\"><strong>Lieferwoche:<\/strong><\/span><\/p>\n<table style=\"height: 291px; width: 100%; border-collapse: collapse; background-color: #709302;\">\n<tbody>\n<tr style=\"height: 27px;\">\n<td style=\"width: 64.149111%; height: 27px;\" colspan=\"3\"><strong><span style=\"color: #ffffff; font-size: large;\"><span style=\"caret-color: #ffffff;\">Niederlande <\/span>\u00a0| 2025<\/span><\/strong><\/td>\n<\/tr>\n<tr style=\"height: 24px;\">\n<td style=\"width: 20.203373%; height: 24px;\"><span style=\"color: #ffffff; font-size: 10pt;\"><strong>Bestellen Sie sp\u00e4testens bis<\/strong><\/span><\/td>\n<td style=\"width: 1.27551%; height: 24px;\"><span style=\"color: #ffffff; font-size: 10pt;\"><strong>Lieferwoche<\/strong><\/span><\/td>\n<td style=\"width: 42.670228%; height: 24px;\"><span style=\"color: #ffffff; font-size: 10pt;\"><strong>Lieferung*\/**<\/strong><\/span><\/td>\n<\/tr>\n<tr>\n<td style=\"width: 20.203373%;\"><span style=\"color: #ffffff; font-size: 13px;\">Sonntag, 3. August 22 Uhr<\/span><\/td>\n<td style=\"width: 1.27551%;\"><span style=\"color: #ffffff; font-size: 13px;\">Woche 32<\/span><\/td>\n<td style=\"width: 42.670228%;\"><span style=\"color: #ffffff; font-size: 13px;\">Donnerstag, 7. oder Dienstag, 12. August 2025<\/span><\/td>\n<\/tr>\n<tr>\n<td style=\"width: 20.203373%;\"><span style=\"color: #ffffff; font-size: 13px;\">Sonntag, 17. August, 22 Uhr<\/span><\/td>\n<td style=\"width: 1.27551%;\"><span style=\"color: #ffffff; font-size: 13px;\">Woche 34<\/span><\/td>\n<td style=\"width: 42.670228%;\"><span style=\"color: #ffffff; font-size: 13px;\">Donnerstag, 21. oder Dienstag, 26. August 2025<\/span><\/td>\n<\/tr>\n<tr>\n<td style=\"width: 20.203373%;\"><span style=\"color: #ffffff; font-size: 13px;\">Sonntag, 31. August, 22 Uhr<\/span><\/td>\n<td style=\"width: 1.27551%;\"><span style=\"color: #ffffff; font-size: 13px;\">Woche 36<\/span><\/td>\n<td style=\"width: 42.670228%;\"><span style=\"color: #ffffff; font-size: 13px;\">Donnerstag, 4. oder Dienstag, 9. September 2025<\/span><\/td>\n<\/tr>\n<tr>\n<td style=\"width: 20.203373%;\"><span style=\"color: #ffffff; font-size: 13px;\">Sonntag, 14. September, 22 Uhr<\/span><\/td>\n<td style=\"width: 1.27551%;\"><span style=\"color: #ffffff; font-size: 13px;\">Woche 38<\/span><\/td>\n<td style=\"width: 42.670228%;\"><span style=\"color: #ffffff; font-size: 13px;\">Donnerstag, 18. oder Dienstag, 23. September 2025<\/span><\/td>\n<\/tr>\n<tr>\n<td style=\"width: 20.203373%;\"><span style=\"color: #ffffff; font-size: 13px;\">Sonntag, 28. September 22 Uhr<\/span><\/td>\n<td style=\"width: 1.27551%;\"><span style=\"color: #ffffff; font-size: 13px;\">Woche 40<\/span><\/td>\n<td style=\"width: 42.670228%;\"><span style=\"color: #ffffff; font-size: 13px;\">Donnerstag, 2. oder Dienstag, 7. Oktober 2025<\/span><\/td>\n<\/tr>\n<tr>\n<td style=\"width: 20.203373%;\"><span style=\"color: #ffffff; font-size: 13px;\">Sonntag, 12. Oktober 22 Uhr<\/span><\/td>\n<td style=\"width: 1.27551%;\"><span style=\"color: #ffffff; font-size: 13px;\">Woche 42<\/span><\/td>\n<td style=\"width: 42.670228%;\"><span style=\"color: #ffffff; font-size: 13px;\">Donnerstag, 16. oder Dienstag, 21. Oktober 2025<\/span><\/td>\n<\/tr>\n<tr>\n<td style=\"width: 20.203373%;\"><span style=\"color: #ffffff; font-size: 13px;\">Sonntag, 26. Oktober 22 Uhr<\/span><\/td>\n<td style=\"width: 1.27551%;\"><span style=\"color: #ffffff; font-size: 13px;\">Woche 44<\/span><\/td>\n<td style=\"width: 42.670228%;\"><span style=\"color: #ffffff; font-size: 13px;\">Donnerstag, 30. Oktober oder Dienstag, 4. November 2025<\/span><\/td>\n<\/tr>\n<tr>\n<td style=\"width: 20.203373%;\"><span style=\"color: #ffffff; font-size: 13px;\">Sonntag, 9. November 22 Uhr<\/span><\/td>\n<td style=\"width: 1.27551%;\"><span style=\"color: #ffffff; font-size: 13px;\">Woche 46<\/span><\/td>\n<td style=\"width: 42.670228%;\"><span style=\"color: #ffffff; font-size: 13px;\">Donnerstag, 13. oder Dienstag, 18. November 2025<\/span><\/td>\n<\/tr>\n<tr>\n<td style=\"width: 20.203373%;\"><span style=\"color: #ffffff; font-size: 13px;\">Sonntag, 23. November 22 Uhr<\/span><\/td>\n<td style=\"width: 1.27551%;\"><span style=\"color: #ffffff; font-size: 13px;\">Woche 48<\/span><\/td>\n<td style=\"width: 42.670228%;\"><span style=\"color: #ffffff; font-size: 13px;\">Donnerstag, 27. November oder Dienstag, 2. Dezember 2025<\/span><\/td>\n<\/tr>\n<tr>\n<td style=\"width: 20.203373%;\"><span style=\"color: #ffffff; font-size: 13px;\">Sonntag, 7. Dezember 22 Uhr<\/span><\/td>\n<td style=\"width: 1.27551%;\"><span style=\"color: #ffffff; font-size: 13px;\">Woche 50<\/span><\/td>\n<td style=\"width: 42.670228%;\"><span style=\"color: #ffffff; font-size: 13px;\">Donnerstag, 11. oder Dienstag, 16. Dezember 2025<\/span><\/td>\n<\/tr>\n<\/tbody>\n<\/table>\n<p><span style=\"color: #696969;\"><em>\\*= Termin\u00e4nderungen vorbehalten.<br \/>\n**= An Feiertagen erfolgt keine Zustellung.<\/em><\/span><\/p>\n<table style=\"height: 291px; width: 100%; border-collapse: collapse; background-color: #709302;\">\n<tbody>\n<tr style=\"height: 27px;\">\n<td style=\"width: 64.149111%; height: 27px;\" colspan=\"3\"><strong><span style=\"color: #ffffff; font-size: large;\"><span style=\"caret-color: #ffffff;\">Belgi\u00eb (Flandern)<\/span>\u00a0| 2025<\/span><\/strong><\/td>\n<\/tr>\n<tr style=\"height: 24px;\">\n<td style=\"width: 20.203373%; height: 24px;\"><span style=\"color: #ffffff; font-size: 10pt;\"><strong>Bestellen Sie sp\u00e4testens bis<\/strong><\/span><\/td>\n<td style=\"width: 1.27551%; height: 24px;\"><span style=\"color: #ffffff; font-size: 10pt;\"><strong>Lieferwoche<\/strong><\/span><\/td>\n<td style=\"width: 42.670228%; height: 24px;\"><span style=\"color: #ffffff; font-size: 10pt;\"><strong>Lieferung*\/**<\/strong><\/span><\/td>\n<\/tr>\n<tr style=\"height: 24px;\">\n<td style=\"width: 20.203373%; height: 24px;\"><span style=\"font-size: 10pt; color: #ffffff;\">sonntag 3 august 22 uur<\/span><\/td>\n<td style=\"width: 1.27551%; height: 24px;\"><span style=\"color: #ffffff; font-size: small;\"><span style=\"caret-color: #ffffff;\">wk 32<\/span><\/span><\/td>\n<td style=\"width: 42.670228%; height: 24px;\"><span style=\"font-size: 10pt; color: #ffffff;\">donnerstag 7 oder dienstag 12 august 2025<\/span><\/td>\n<\/tr>\n<tr style=\"height: 24px;\">\n<td style=\"width: 20.203373%; height: 24px;\"><span style=\"font-size: 10pt; color: #ffffff;\">sonntag 17 august 22 uur<\/span><\/td>\n<td style=\"width: 1.27551%; height: 24px;\"><span style=\"color: #ffffff; font-size: small;\"><span style=\"caret-color: #ffffff;\">wk 34<\/span><\/span><\/td>\n<td style=\"width: 42.670228%; height: 24px;\"><span style=\"font-size: 10pt; color: #ffffff;\">donnerstag 21 oder dienstag 26 august 2025<\/span><\/td>\n<\/tr>\n<tr style=\"height: 24px;\">\n<td style=\"width: 20.203373%; height: 24px;\"><span style=\"font-size: 10pt; color: #ffffff;\">sonntag 31 august 22 uur<\/span><\/td>\n<td style=\"width: 1.27551%; height: 24px;\"><span style=\"color: #ffffff; font-size: small;\"><span style=\"caret-color: #ffffff;\">wk 36<\/span><\/span><\/td>\n<td style=\"width: 42.670228%; height: 24px;\"><span style=\"font-size: 10pt; color: #ffffff;\">donnerstag 4 oder dienstag 9 september 2025<\/span><\/td>\n<\/tr>\n<tr style=\"height: 24px;\">\n<td style=\"width: 20.203373%; height: 24px;\"><span style=\"font-size: 10pt; color: #ffffff;\">sonntag 14 september 22 uur <\/span><\/td>\n<td style=\"width: 1.27551%; height: 24px;\"><span style=\"color: #ffffff; font-size: small;\"><span style=\"caret-color: #ffffff;\">wk 38<\/span><\/span><\/td>\n<td style=\"width: 42.670228%; height: 24px;\"><span style=\"font-size: 10pt; color: #ffffff;\">donnerstag 18 oder dienstag 23 september 2025\u00a0<\/span><\/td>\n<\/tr>\n<tr style=\"height: 24px;\">\n<td style=\"width: 20.203373%; height: 24px;\"><span style=\"font-size: 10pt; color: #ffffff;\">sonntag 28 september 22 uur<\/span><\/td>\n<td style=\"width: 1.27551%; height: 24px;\"><span style=\"color: #ffffff; font-size: small;\"><span style=\"caret-color: #ffffff;\">wk 40<\/span><\/span><\/td>\n<td style=\"width: 42.670228%; height: 24px;\"><span style=\"font-size: 10pt; color: #ffffff;\">donnerstag \u00a02 oder dienstag 7 oktober 2025<\/span><\/td>\n<\/tr>\n<tr style=\"height: 24px;\">\n<td style=\"width: 20.203373%; height: 24px;\"><span style=\"font-size: 10pt; color: #ffffff;\">sonntag 12 oktober 22 uur<\/span><\/td>\n<td style=\"width: 1.27551%; height: 24px;\"><span style=\"color: #ffffff; font-size: small;\"><span style=\"caret-color: #ffffff;\">wk 42<\/span><\/span><\/td>\n<td style=\"width: 42.670228%; height: 24px;\"><span style=\"font-size: 10pt; color: #ffffff;\">donnerstag 16 oder dienstag 21 oktober 2025\u00a0<\/span><\/td>\n<\/tr>\n<tr style=\"height: 24px;\">\n<td style=\"width: 20.203373%; height: 24px;\"><span style=\"font-size: 10pt; color: #ffffff;\">sonntag 26 oktober 22 uur<\/span><\/td>\n<td style=\"width: 1.27551%; height: 24px;\"><span style=\"color: #ffffff; font-size: small;\"><span style=\"caret-color: #ffffff;\">wk 44\u00a0<\/span><\/span><\/td>\n<td style=\"width: 42.670228%; height: 24px;\"><span style=\"font-size: 10pt; color: #ffffff;\">donnerstag 30 oktober oder dienstag 4 november 2025<\/span><\/td>\n<\/tr>\n<tr style=\"height: 24px;\">\n<td style=\"width: 20.203373%; height: 24px;\"><span style=\"font-size: 10pt; color: #ffffff;\">sonntag 9 november 22 uur\u00a0<\/span><\/td>\n<td style=\"width: 1.27551%; height: 24px;\"><span style=\"color: #ffffff; font-size: small;\"><span style=\"caret-color: #ffffff;\">wk 46<\/span><\/span><\/td>\n<td style=\"width: 42.670228%; height: 24px;\"><span style=\"font-size: 10pt; color: #ffffff;\">donnerstag 13 oder dienstag\u00a018 november 2025<\/span><\/td>\n<\/tr>\n<tr style=\"height: 24px;\">\n<td style=\"width: 20.203373%; height: 24px;\"><span style=\"font-size: 10pt; color: #ffffff;\">sonntag 23 november 22 uur<\/span><\/td>\n<td style=\"width: 1.27551%; height: 24px;\"><span style=\"color: #ffffff; font-size: small;\"><span style=\"caret-color: #ffffff;\">wk 48<\/span><\/span><\/td>\n<td style=\"width: 42.670228%; height: 24px;\"><span style=\"font-size: 10pt; color: #ffffff;\">donnerstag 27 november oder dienstag 2 dezember 2025<\/span><\/td>\n<\/tr>\n<tr style=\"height: 24px;\">\n<td style=\"width: 20.203373%; height: 24px;\"><span style=\"font-size: 10pt; color: #ffffff;\">sonntag 7 dezember 22 uur<\/span><\/td>\n<td style=\"width: 1.27551%; height: 24px;\"><span style=\"color: #ffffff; font-size: small;\"><span style=\"caret-color: #ffffff;\">wk 50\u00a0<\/span><\/span><\/td>\n<td style=\"width: 42.670228%; height: 24px;\"><span style=\"font-size: 10pt; color: #ffffff;\">donnerstag 11 oder dienstag 16 dezember 2025 <\/span><\/td>\n<\/tr>\n<\/tbody>\n<\/table>\n<p><span style=\"color: #696969;\"><em>*= Termin\u00e4nderungen vorbehalten.<br \/>\n**= An Feiertagen erfolgt keine Zustellung.<\/em><\/span><\/p>\n<table style=\"height: 160px; width: 100%; border-collapse: collapse; background-color: #709302;\">\n<tbody>\n<tr style=\"height: 30px;\">\n<td style=\"width: 122.10431%; height: 30px;\" colspan=\"4\"><span style=\"color: #ffffff; font-size: 14pt;\"><strong>Belgien (Wallonien), Luxemburg, Frankreich, Monaco | 2025<\/strong><\/span><\/td>\n<\/tr>\n<tr style=\"height: 24px;\">\n<td style=\"width: 21.939188%; height: 10px;\"><span style=\"color: #ffffff; font-size: 10pt;\"><strong>Bestellen Sie sp\u00e4testens bis<\/strong><\/span><\/td>\n<td style=\"width: 12.798374%; height: 10px;\"><span style=\"color: #ffffff; font-size: 10pt;\"><strong>Lieferwoche<\/strong><\/span><\/td>\n<td style=\"width: 20.631085%; height: 10px;\"><span style=\"color: #ffffff; font-size: 10pt;\"><strong>Lieferung Belgien*\/**<\/strong><\/span><\/td>\n<td style=\"width: 66.735663%; height: 10px;\"><span style=\"color: #ffffff; font-size: 10pt;\"><strong>Lieferung Frankreich, Luxemburg, Monaco*\/**<\/strong><\/span><\/td>\n<\/tr>\n<tr style=\"height: 24px;\">\n<td style=\"width: 21.939188%; height: 24px;\"><span style=\"font-size: 10pt; color: #ffffff;\">sonntag 7 september 22 uhr<\/span><\/td>\n<td style=\"width: 12.798374%; height: 24px;\"><span style=\"font-size: 10pt; color: #ffffff;\">wk 37<\/span><\/td>\n<td style=\"width: 20.631085%; height: 24px;\"><span style=\"font-size: 10pt; color: #ffffff;\">freitag 12 juni 2025<\/span><\/td>\n<td style=\"width: 66.735663%; height: 24px;\"><span style=\"font-size: 10pt; color: #ffffff;\">samstag 13 juni 2025<\/span><\/td>\n<\/tr>\n<tr style=\"height: 24px;\">\n<td style=\"width: 21.939188%; height: 24px;\"><span style=\"font-size: 10pt; color: #ffffff;\">sonntag 19 oktober 22 uhr<\/span><\/td>\n<td style=\"width: 12.798374%; height: 24px;\"><span style=\"font-size: 10pt; color: #ffffff;\">wk 43<\/span><\/td>\n<td style=\"width: 20.631085%; height: 24px;\"><span style=\"font-size: 10pt; color: #ffffff;\">freitag 24 oktober 2025<\/span><\/td>\n<td style=\"width: 66.735663%; height: 24px;\"><span style=\"font-size: 10pt; color: #ffffff;\">samstag 25 oktober 2025<\/span><\/td>\n<\/tr>\n<tr style=\"height: 24px;\">\n<td style=\"width: 21.939188%; height: 24px;\"><span style=\"font-size: 10pt; color: #ffffff;\">sonntag 7 december 22 uhr<\/span><\/td>\n<td style=\"width: 12.798374%; height: 24px;\"><span style=\"font-size: 10pt; color: #ffffff;\">wk 50<\/span><\/td>\n<td style=\"width: 20.631085%; height: 24px;\"><span style=\"font-size: 10pt; color: #ffffff;\">freitag 12 dezember 2025<\/span><\/td>\n<td style=\"width: 66.735663%; height: 24px;\"><span style=\"font-size: 10pt; color: #ffffff;\">samstag 13 dezember 2025<\/span><\/td>\n<\/tr>\n<\/tbody>\n<\/table>\n<p><span style=\"color: #696969;\"><em>*= Termin\u00e4nderungen vorbehalten.<br \/>\n**= An Feiertagen erfolgt keine Zustellung.<\/em><\/span><\/p>\n<p><span style=\"color: #709302;\"><strong>Wann sollte ich meine Bestellung aufgeben?<\/strong><\/span><br \/>\nStellen Sie sicher, dass wir Ihre Bestellung bis sp\u00e4testens Sonntag, 22:00 Uhr erhalten. So kann Ihre Bestellung in die n\u00e4chste Lieferrunde aufgenommen werden. Siehe Tabelle oben.<\/p>\n<p><span style=\"color: #709302;\"><strong>Erhalte ich nach der Bestellung eine Best\u00e4tigungs-E-Mail?<\/strong><\/span><br \/>\nJa, \u00fcberpr\u00fcfen Sie auch Ihr Spam-Postfach. Wenn die E-Mail im Spam- oder Junk-Ordner gelandet ist, markieren Sie die E-Mail bitte als \u201eKein Spam\u201c oder \u201eNicht unerw\u00fcnschte E-Mail\u201c.<\/p>\n<p><span style=\"color: #709302;\"><strong>Kann ich meine Bestellung abholen?<\/strong><\/span><br \/>\nNein, das ist im Moment nicht m\u00f6glich.<\/p>\n<p><span style=\"color: #709302;\"><strong>Ich m\u00f6chte eine Bestellung zur Abholung auf einem glutenfreien Markt oder einer Messe aufgeben, an der Sie teilnehmen. Ist das m\u00f6glich?<\/strong><\/span>Ja, das ist m\u00f6glich. Geben Sie Ihre Bestellung im Webshop auf und w\u00e4hlen Sie beim Bezahlvorgang den richtigen Markt oder die richtige B\u00f6rse als Versandoption aus. ACHTUNG! Diese Option ist nur sichtbar, wenn tats\u00e4chlich ein Markt oder eine Messe geplant ist, an der wir teilnehmen.<\/p>\n<p><span style=\"color: #709302;\"><strong>Welche Zahlungsarten bieten Sie an?<\/strong><\/span><br \/>\niDEAL<br \/>\nKBC \/CBC<br \/>\nBancontant<br \/>\nCreditcard<br \/>\nGiroplay<br \/>\nEPS<br \/>\nING Home&#8217;Pay<br \/>\nPrzelewy24<br \/>\nSOFORT Banking<\/p>\n<p>&nbsp;<\/p>\n","protected":false},"excerpt":{"rendered":"<p>Wie hoch sind die Versandkosten? Die oben genannten Preise gelten f\u00fcr NL, BE, FR, LUX und MON Wohin liefern Sie? Lieferung in die gesamten Niederlande mit Ausnahme der Watteninseln (Preise erfahren Sie bei uns). Belgien, Luxemburg, Frankreich, Monaco Wie wird Trockenware (R\u00f6stzwiebeln und Paniermehl) geliefert? Wenn Sie nur Trockenware bestellen, erfolgt der Versand per Paketpost. [&hellip;]<\/p>\n","protected":false},"author":7,"featured_media":0,"parent":0,"menu_order":0,"comment_status":"closed","ping_status":"closed","template":"","meta":{"_acf_changed":false,"footnotes":""},"class_list":["post-1808","page","type-page","status-publish","hentry"],"acf":[],"yoast_head":"<!-- This site is optimized with the Yoast SEO plugin v27.2 - https:\/\/yoast.com\/product\/yoast-seo-wordpress\/ -->\n<title>Zahlung &amp; Versand | Food Specialties<\/title>\n<meta name=\"robots\" content=\"index, follow, max-snippet:-1, max-image-preview:large, max-video-preview:-1\" \/>\n<link rel=\"canonical\" href=\"https:\/\/webshop.foodspecialties.eu\/de\/zahlung-versand\/\" \/>\n<meta property=\"og:locale\" content=\"de_DE\" \/>\n<meta property=\"og:type\" content=\"article\" \/>\n<meta property=\"og:title\" content=\"Zahlung &amp; Versand | Food Specialties\" \/>\n<meta property=\"og:description\" content=\"Wie hoch sind die Versandkosten? Die oben genannten Preise gelten f\u00fcr NL, BE, FR, LUX und MON Wohin liefern Sie? Lieferung in die gesamten Niederlande mit Ausnahme der Watteninseln (Preise erfahren Sie bei uns). Belgien, Luxemburg, Frankreich, Monaco Wie wird Trockenware (R\u00f6stzwiebeln und Paniermehl) geliefert? Wenn Sie nur Trockenware bestellen, erfolgt der Versand per Paketpost. [&hellip;]\" \/>\n<meta property=\"og:url\" content=\"https:\/\/webshop.foodspecialties.eu\/de\/zahlung-versand\/\" \/>\n<meta property=\"og:site_name\" content=\"Food Specialties\" \/>\n<meta property=\"article:modified_time\" content=\"2026-02-10T09:57:09+00:00\" \/>\n<meta property=\"og:image\" content=\"https:\/\/webshop.foodspecialties.eu\/wp-content\/uploads\/2026\/02\/VA-verzendkosten-DU-2026-e1770717381857.png\" \/>\n\t<meta property=\"og:image:width\" content=\"940\" \/>\n\t<meta property=\"og:image:height\" content=\"456\" \/>\n\t<meta property=\"og:image:type\" content=\"image\/png\" \/>\n<meta name=\"twitter:card\" content=\"summary_large_image\" \/>\n<meta name=\"twitter:label1\" content=\"Gesch\u00e4tzte Lesezeit\" \/>\n\t<meta name=\"twitter:data1\" content=\"4\u00a0Minuten\" \/>\n<script type=\"application\/ld+json\" class=\"yoast-schema-graph\">{\"@context\":\"https:\/\/schema.org\",\"@graph\":[{\"@type\":\"WebPage\",\"@id\":\"https:\/\/webshop.foodspecialties.eu\/de\/zahlung-versand\/\",\"url\":\"https:\/\/webshop.foodspecialties.eu\/de\/zahlung-versand\/\",\"name\":\"Zahlung & Versand | Food Specialties\",\"isPartOf\":{\"@id\":\"https:\/\/webshop.foodspecialties.eu\/de\/#website\"},\"primaryImageOfPage\":{\"@id\":\"https:\/\/webshop.foodspecialties.eu\/de\/zahlung-versand\/#primaryimage\"},\"image\":{\"@id\":\"https:\/\/webshop.foodspecialties.eu\/de\/zahlung-versand\/#primaryimage\"},\"thumbnailUrl\":\"https:\/\/webshop.foodspecialties.eu\/wp-content\/uploads\/2026\/02\/VA-verzendkosten-DU-2026-e1770717381857.png\",\"datePublished\":\"2020-11-30T13:53:53+00:00\",\"dateModified\":\"2026-02-10T09:57:09+00:00\",\"breadcrumb\":{\"@id\":\"https:\/\/webshop.foodspecialties.eu\/de\/zahlung-versand\/#breadcrumb\"},\"inLanguage\":\"de\",\"potentialAction\":[{\"@type\":\"ReadAction\",\"target\":[\"https:\/\/webshop.foodspecialties.eu\/de\/zahlung-versand\/\"]}]},{\"@type\":\"ImageObject\",\"inLanguage\":\"de\",\"@id\":\"https:\/\/webshop.foodspecialties.eu\/de\/zahlung-versand\/#primaryimage\",\"url\":\"https:\/\/webshop.foodspecialties.eu\/wp-content\/uploads\/2026\/02\/VA-verzendkosten-DU-2026-e1770717381857.png\",\"contentUrl\":\"https:\/\/webshop.foodspecialties.eu\/wp-content\/uploads\/2026\/02\/VA-verzendkosten-DU-2026-e1770717381857.png\"},{\"@type\":\"BreadcrumbList\",\"@id\":\"https:\/\/webshop.foodspecialties.eu\/de\/zahlung-versand\/#breadcrumb\",\"itemListElement\":[{\"@type\":\"ListItem\",\"position\":1,\"name\":\"Home\",\"item\":\"https:\/\/webshop.foodspecialties.eu\/de\/\"},{\"@type\":\"ListItem\",\"position\":2,\"name\":\"Zahlung &#038; Versand\"}]},{\"@type\":\"WebSite\",\"@id\":\"https:\/\/webshop.foodspecialties.eu\/de\/#website\",\"url\":\"https:\/\/webshop.foodspecialties.eu\/de\/\",\"name\":\"Food Specialties\",\"description\":\"Food Specialties - Webshop | Glutenvrij | Vegan\",\"potentialAction\":[{\"@type\":\"SearchAction\",\"target\":{\"@type\":\"EntryPoint\",\"urlTemplate\":\"https:\/\/webshop.foodspecialties.eu\/de\/?s={search_term_string}\"},\"query-input\":{\"@type\":\"PropertyValueSpecification\",\"valueRequired\":true,\"valueName\":\"search_term_string\"}}],\"inLanguage\":\"de\"}]}<\/script>\n<!-- \/ Yoast SEO plugin. -->","yoast_head_json":{"title":"Zahlung & Versand | Food Specialties","robots":{"index":"index","follow":"follow","max-snippet":"max-snippet:-1","max-image-preview":"max-image-preview:large","max-video-preview":"max-video-preview:-1"},"canonical":"https:\/\/webshop.foodspecialties.eu\/de\/zahlung-versand\/","og_locale":"de_DE","og_type":"article","og_title":"Zahlung & Versand | Food Specialties","og_description":"Wie hoch sind die Versandkosten? Die oben genannten Preise gelten f\u00fcr NL, BE, FR, LUX und MON Wohin liefern Sie? Lieferung in die gesamten Niederlande mit Ausnahme der Watteninseln (Preise erfahren Sie bei uns). Belgien, Luxemburg, Frankreich, Monaco Wie wird Trockenware (R\u00f6stzwiebeln und Paniermehl) geliefert? Wenn Sie nur Trockenware bestellen, erfolgt der Versand per Paketpost. [&hellip;]","og_url":"https:\/\/webshop.foodspecialties.eu\/de\/zahlung-versand\/","og_site_name":"Food Specialties","article_modified_time":"2026-02-10T09:57:09+00:00","og_image":[{"width":940,"height":456,"url":"https:\/\/webshop.foodspecialties.eu\/wp-content\/uploads\/2026\/02\/VA-verzendkosten-DU-2026-e1770717381857.png","type":"image\/png"}],"twitter_card":"summary_large_image","twitter_misc":{"Gesch\u00e4tzte Lesezeit":"4\u00a0Minuten"},"schema":{"@context":"https:\/\/schema.org","@graph":[{"@type":"WebPage","@id":"https:\/\/webshop.foodspecialties.eu\/de\/zahlung-versand\/","url":"https:\/\/webshop.foodspecialties.eu\/de\/zahlung-versand\/","name":"Zahlung & Versand | Food Specialties","isPartOf":{"@id":"https:\/\/webshop.foodspecialties.eu\/de\/#website"},"primaryImageOfPage":{"@id":"https:\/\/webshop.foodspecialties.eu\/de\/zahlung-versand\/#primaryimage"},"image":{"@id":"https:\/\/webshop.foodspecialties.eu\/de\/zahlung-versand\/#primaryimage"},"thumbnailUrl":"https:\/\/webshop.foodspecialties.eu\/wp-content\/uploads\/2026\/02\/VA-verzendkosten-DU-2026-e1770717381857.png","datePublished":"2020-11-30T13:53:53+00:00","dateModified":"2026-02-10T09:57:09+00:00","breadcrumb":{"@id":"https:\/\/webshop.foodspecialties.eu\/de\/zahlung-versand\/#breadcrumb"},"inLanguage":"de","potentialAction":[{"@type":"ReadAction","target":["https:\/\/webshop.foodspecialties.eu\/de\/zahlung-versand\/"]}]},{"@type":"ImageObject","inLanguage":"de","@id":"https:\/\/webshop.foodspecialties.eu\/de\/zahlung-versand\/#primaryimage","url":"https:\/\/webshop.foodspecialties.eu\/wp-content\/uploads\/2026\/02\/VA-verzendkosten-DU-2026-e1770717381857.png","contentUrl":"https:\/\/webshop.foodspecialties.eu\/wp-content\/uploads\/2026\/02\/VA-verzendkosten-DU-2026-e1770717381857.png"},{"@type":"BreadcrumbList","@id":"https:\/\/webshop.foodspecialties.eu\/de\/zahlung-versand\/#breadcrumb","itemListElement":[{"@type":"ListItem","position":1,"name":"Home","item":"https:\/\/webshop.foodspecialties.eu\/de\/"},{"@type":"ListItem","position":2,"name":"Zahlung &#038; Versand"}]},{"@type":"WebSite","@id":"https:\/\/webshop.foodspecialties.eu\/de\/#website","url":"https:\/\/webshop.foodspecialties.eu\/de\/","name":"Food Specialties","description":"Food Specialties - Webshop | Glutenvrij | Vegan","potentialAction":[{"@type":"SearchAction","target":{"@type":"EntryPoint","urlTemplate":"https:\/\/webshop.foodspecialties.eu\/de\/?s={search_term_string}"},"query-input":{"@type":"PropertyValueSpecification","valueRequired":true,"valueName":"search_term_string"}}],"inLanguage":"de"}]}},"_links":{"self":[{"href":"https:\/\/webshop.foodspecialties.eu\/de\/wp-json\/wp\/v2\/pages\/1808","targetHints":{"allow":["GET"]}}],"collection":[{"href":"https:\/\/webshop.foodspecialties.eu\/de\/wp-json\/wp\/v2\/pages"}],"about":[{"href":"https:\/\/webshop.foodspecialties.eu\/de\/wp-json\/wp\/v2\/types\/page"}],"author":[{"embeddable":true,"href":"https:\/\/webshop.foodspecialties.eu\/de\/wp-json\/wp\/v2\/users\/7"}],"replies":[{"embeddable":true,"href":"https:\/\/webshop.foodspecialties.eu\/de\/wp-json\/wp\/v2\/comments?post=1808"}],"version-history":[{"count":69,"href":"https:\/\/webshop.foodspecialties.eu\/de\/wp-json\/wp\/v2\/pages\/1808\/revisions"}],"predecessor-version":[{"id":4623,"href":"https:\/\/webshop.foodspecialties.eu\/de\/wp-json\/wp\/v2\/pages\/1808\/revisions\/4623"}],"wp:attachment":[{"href":"https:\/\/webshop.foodspecialties.eu\/de\/wp-json\/wp\/v2\/media?parent=1808"}],"curies":[{"name":"wp","href":"https:\/\/api.w.org\/{rel}","templated":true}]}}