{"id":625,"date":"2019-01-14T14:03:38","date_gmt":"2019-01-14T14:03:38","guid":{"rendered":"http:\/\/webshop.foodspecialties.eu\/webshop-foodspecialties\/"},"modified":"2024-09-16T11:15:53","modified_gmt":"2024-09-16T09:15:53","slug":"uber-uns","status":"publish","type":"page","link":"https:\/\/webshop.foodspecialties.eu\/de\/uber-uns\/","title":{"rendered":"\u00dcber uns"},"content":{"rendered":"<p><img loading=\"lazy\" decoding=\"async\" class=\"alignright size-full wp-image-621\" src=\"https:\/\/webshop.foodspecialties.eu\/wp-content\/uploads\/2019\/04\/Food-Specialties-Famly-Tree.jpg\" alt=\"\" width=\"300\" height=\"300\" srcset=\"https:\/\/webshop.foodspecialties.eu\/wp-content\/uploads\/2019\/04\/Food-Specialties-Famly-Tree.jpg 300w, https:\/\/webshop.foodspecialties.eu\/wp-content\/uploads\/2019\/04\/Food-Specialties-Famly-Tree-150x150.jpg 150w, https:\/\/webshop.foodspecialties.eu\/wp-content\/uploads\/2019\/04\/Food-Specialties-Famly-Tree-100x100.jpg 100w\" sizes=\"auto, (max-width: 300px) 100vw, 300px\" \/><\/p>\n<h2><span style=\"color: #709302;\">Kaufen Sie glutenfrei online bei Food Specialties!<\/span><\/h2>\n<p>Food Specialties ist ein relativ junges Familienunternehmen, das 2017 gegr\u00fcndet wurde und von der Liebe zum Essen angetrieben wird. Begonnen hat man mit dem Vertrieb der Marken VA Foods und Norman\u2019s, inzwischen wurde das Sortiment um verschiedene Marken erweitert. Der Import und Export wird f\u00fcr verschiedene europ\u00e4ische Handelspartner \u00fcbernommen. Die Produkte werden an Gesch\u00e4fte und Gastronomiebetriebe verteilt. Alle zwei Wochen kann der Unternehmer auf unser dichtes Vertriebsnetz z\u00e4hlen. Wir haben auch einen privaten Webshop, um den Bed\u00fcrfnissen von Verbrauchern gerecht zu werden, die glutenfreie Produkte online kaufen m\u00f6chten.<\/p>\n<p>Neben dem Vertrieb entwickelt und produziert Food Specialties verschiedene Lebensmittelprodukte, darunter auch Handelsmarken. Food Specialties ist ein Familienunternehmen, in dem pers\u00f6nliche Motivation die treibende Kraft ist, um Unternehmern einzigartige Alternativprodukte anzubieten. Die Vermarktung der Produkte erfolgt vollst\u00e4ndig in eigener Regie. Das Ergebnis sind begeisterte Kunden.<\/p>\n","protected":false},"excerpt":{"rendered":"<p>Hier komt de introtekst van de webshop voor Foodspecialties te staan.<\/p>\n","protected":false},"author":1,"featured_media":0,"parent":0,"menu_order":0,"comment_status":"closed","ping_status":"closed","template":"","meta":{"_acf_changed":false,"footnotes":""},"class_list":["post-625","page","type-page","status-publish","hentry"],"acf":[],"yoast_head":"<!-- This site is optimized with the Yoast SEO plugin v27.2 - https:\/\/yoast.com\/product\/yoast-seo-wordpress\/ -->\n<title>\u00dcber uns | Food Specialties<\/title>\n<meta name=\"robots\" content=\"index, follow, max-snippet:-1, max-image-preview:large, max-video-preview:-1\" \/>\n<link rel=\"canonical\" href=\"https:\/\/webshop.foodspecialties.eu\/de\/uber-uns\/\" \/>\n<meta property=\"og:locale\" content=\"de_DE\" \/>\n<meta property=\"og:type\" content=\"article\" \/>\n<meta property=\"og:title\" content=\"\u00dcber uns | Food Specialties\" \/>\n<meta property=\"og:description\" content=\"Hier komt de introtekst van de webshop voor Foodspecialties te staan.\" \/>\n<meta property=\"og:url\" content=\"https:\/\/webshop.foodspecialties.eu\/de\/uber-uns\/\" \/>\n<meta property=\"og:site_name\" content=\"Food Specialties\" \/>\n<meta property=\"article:modified_time\" content=\"2024-09-16T09:15:53+00:00\" \/>\n<meta property=\"og:image\" content=\"https:\/\/webshop.foodspecialties.eu\/wp-content\/uploads\/2019\/04\/Food-Specialties-Famly-Tree.jpg\" \/>\n<meta name=\"twitter:card\" content=\"summary_large_image\" \/>\n<meta name=\"twitter:label1\" content=\"Gesch\u00e4tzte Lesezeit\" \/>\n\t<meta name=\"twitter:data1\" content=\"1\u00a0Minute\" \/>\n<script type=\"application\/ld+json\" class=\"yoast-schema-graph\">{\"@context\":\"https:\/\/schema.org\",\"@graph\":[{\"@type\":\"WebPage\",\"@id\":\"https:\/\/webshop.foodspecialties.eu\/de\/uber-uns\/\",\"url\":\"https:\/\/webshop.foodspecialties.eu\/de\/uber-uns\/\",\"name\":\"\u00dcber uns | Food Specialties\",\"isPartOf\":{\"@id\":\"https:\/\/webshop.foodspecialties.eu\/de\/#website\"},\"primaryImageOfPage\":{\"@id\":\"https:\/\/webshop.foodspecialties.eu\/de\/uber-uns\/#primaryimage\"},\"image\":{\"@id\":\"https:\/\/webshop.foodspecialties.eu\/de\/uber-uns\/#primaryimage\"},\"thumbnailUrl\":\"https:\/\/webshop.foodspecialties.eu\/wp-content\/uploads\/2019\/04\/Food-Specialties-Famly-Tree.jpg\",\"datePublished\":\"2019-01-14T14:03:38+00:00\",\"dateModified\":\"2024-09-16T09:15:53+00:00\",\"breadcrumb\":{\"@id\":\"https:\/\/webshop.foodspecialties.eu\/de\/uber-uns\/#breadcrumb\"},\"inLanguage\":\"de\",\"potentialAction\":[{\"@type\":\"ReadAction\",\"target\":[\"https:\/\/webshop.foodspecialties.eu\/de\/uber-uns\/\"]}]},{\"@type\":\"ImageObject\",\"inLanguage\":\"de\",\"@id\":\"https:\/\/webshop.foodspecialties.eu\/de\/uber-uns\/#primaryimage\",\"url\":\"https:\/\/webshop.foodspecialties.eu\/wp-content\/uploads\/2019\/04\/Food-Specialties-Famly-Tree.jpg\",\"contentUrl\":\"https:\/\/webshop.foodspecialties.eu\/wp-content\/uploads\/2019\/04\/Food-Specialties-Famly-Tree.jpg\"},{\"@type\":\"BreadcrumbList\",\"@id\":\"https:\/\/webshop.foodspecialties.eu\/de\/uber-uns\/#breadcrumb\",\"itemListElement\":[{\"@type\":\"ListItem\",\"position\":1,\"name\":\"Home\",\"item\":\"https:\/\/webshop.foodspecialties.eu\/de\/\"},{\"@type\":\"ListItem\",\"position\":2,\"name\":\"\u00dcber uns\"}]},{\"@type\":\"WebSite\",\"@id\":\"https:\/\/webshop.foodspecialties.eu\/de\/#website\",\"url\":\"https:\/\/webshop.foodspecialties.eu\/de\/\",\"name\":\"Food Specialties\",\"description\":\"Food Specialties - Webshop | Glutenvrij | Vegan\",\"potentialAction\":[{\"@type\":\"SearchAction\",\"target\":{\"@type\":\"EntryPoint\",\"urlTemplate\":\"https:\/\/webshop.foodspecialties.eu\/de\/?s={search_term_string}\"},\"query-input\":{\"@type\":\"PropertyValueSpecification\",\"valueRequired\":true,\"valueName\":\"search_term_string\"}}],\"inLanguage\":\"de\"}]}<\/script>\n<!-- \/ Yoast SEO plugin. -->","yoast_head_json":{"title":"\u00dcber uns | Food Specialties","robots":{"index":"index","follow":"follow","max-snippet":"max-snippet:-1","max-image-preview":"max-image-preview:large","max-video-preview":"max-video-preview:-1"},"canonical":"https:\/\/webshop.foodspecialties.eu\/de\/uber-uns\/","og_locale":"de_DE","og_type":"article","og_title":"\u00dcber uns | Food Specialties","og_description":"Hier komt de introtekst van de webshop voor Foodspecialties te staan.","og_url":"https:\/\/webshop.foodspecialties.eu\/de\/uber-uns\/","og_site_name":"Food Specialties","article_modified_time":"2024-09-16T09:15:53+00:00","og_image":[{"url":"https:\/\/webshop.foodspecialties.eu\/wp-content\/uploads\/2019\/04\/Food-Specialties-Famly-Tree.jpg","type":"","width":"","height":""}],"twitter_card":"summary_large_image","twitter_misc":{"Gesch\u00e4tzte Lesezeit":"1\u00a0Minute"},"schema":{"@context":"https:\/\/schema.org","@graph":[{"@type":"WebPage","@id":"https:\/\/webshop.foodspecialties.eu\/de\/uber-uns\/","url":"https:\/\/webshop.foodspecialties.eu\/de\/uber-uns\/","name":"\u00dcber uns | Food Specialties","isPartOf":{"@id":"https:\/\/webshop.foodspecialties.eu\/de\/#website"},"primaryImageOfPage":{"@id":"https:\/\/webshop.foodspecialties.eu\/de\/uber-uns\/#primaryimage"},"image":{"@id":"https:\/\/webshop.foodspecialties.eu\/de\/uber-uns\/#primaryimage"},"thumbnailUrl":"https:\/\/webshop.foodspecialties.eu\/wp-content\/uploads\/2019\/04\/Food-Specialties-Famly-Tree.jpg","datePublished":"2019-01-14T14:03:38+00:00","dateModified":"2024-09-16T09:15:53+00:00","breadcrumb":{"@id":"https:\/\/webshop.foodspecialties.eu\/de\/uber-uns\/#breadcrumb"},"inLanguage":"de","potentialAction":[{"@type":"ReadAction","target":["https:\/\/webshop.foodspecialties.eu\/de\/uber-uns\/"]}]},{"@type":"ImageObject","inLanguage":"de","@id":"https:\/\/webshop.foodspecialties.eu\/de\/uber-uns\/#primaryimage","url":"https:\/\/webshop.foodspecialties.eu\/wp-content\/uploads\/2019\/04\/Food-Specialties-Famly-Tree.jpg","contentUrl":"https:\/\/webshop.foodspecialties.eu\/wp-content\/uploads\/2019\/04\/Food-Specialties-Famly-Tree.jpg"},{"@type":"BreadcrumbList","@id":"https:\/\/webshop.foodspecialties.eu\/de\/uber-uns\/#breadcrumb","itemListElement":[{"@type":"ListItem","position":1,"name":"Home","item":"https:\/\/webshop.foodspecialties.eu\/de\/"},{"@type":"ListItem","position":2,"name":"\u00dcber uns"}]},{"@type":"WebSite","@id":"https:\/\/webshop.foodspecialties.eu\/de\/#website","url":"https:\/\/webshop.foodspecialties.eu\/de\/","name":"Food Specialties","description":"Food Specialties - Webshop | Glutenvrij | Vegan","potentialAction":[{"@type":"SearchAction","target":{"@type":"EntryPoint","urlTemplate":"https:\/\/webshop.foodspecialties.eu\/de\/?s={search_term_string}"},"query-input":{"@type":"PropertyValueSpecification","valueRequired":true,"valueName":"search_term_string"}}],"inLanguage":"de"}]}},"_links":{"self":[{"href":"https:\/\/webshop.foodspecialties.eu\/de\/wp-json\/wp\/v2\/pages\/625","targetHints":{"allow":["GET"]}}],"collection":[{"href":"https:\/\/webshop.foodspecialties.eu\/de\/wp-json\/wp\/v2\/pages"}],"about":[{"href":"https:\/\/webshop.foodspecialties.eu\/de\/wp-json\/wp\/v2\/types\/page"}],"author":[{"embeddable":true,"href":"https:\/\/webshop.foodspecialties.eu\/de\/wp-json\/wp\/v2\/users\/1"}],"replies":[{"embeddable":true,"href":"https:\/\/webshop.foodspecialties.eu\/de\/wp-json\/wp\/v2\/comments?post=625"}],"version-history":[{"count":4,"href":"https:\/\/webshop.foodspecialties.eu\/de\/wp-json\/wp\/v2\/pages\/625\/revisions"}],"predecessor-version":[{"id":3199,"href":"https:\/\/webshop.foodspecialties.eu\/de\/wp-json\/wp\/v2\/pages\/625\/revisions\/3199"}],"wp:attachment":[{"href":"https:\/\/webshop.foodspecialties.eu\/de\/wp-json\/wp\/v2\/media?parent=625"}],"curies":[{"name":"wp","href":"https:\/\/api.w.org\/{rel}","templated":true}]}}