{"id":2962,"date":"2024-06-26T07:06:24","date_gmt":"2024-06-26T07:06:24","guid":{"rendered":"https:\/\/webshop.foodspecialties.eu\/product\/tweedekansjes-cheeszero-souffle\/"},"modified":"2024-09-15T14:23:18","modified_gmt":"2024-09-15T12:23:18","slug":"zweite-chance-cheeszero-souffle","status":"publish","type":"product","link":"https:\/\/webshop.foodspecialties.eu\/de\/produkt\/zweite-chance-cheeszero-souffle\/","title":{"rendered":"&#x2744;&#xfe0f; Zweite Chance &#8211; Cheeszero Souffl\u00e9"},"content":{"rendered":"","protected":false},"excerpt":{"rendered":"<p><strong>Inhoud:<\/strong><\/p>\n<ul>\n<li>E\u00e9n doosje Cheeszero Souffl\u00e9 welke bijvoorbeeld een deukje hebben of iets minder mooi zijn qua vorm (niet recht of te groot). Dit doet niets af aan de smaak of kwaliteit van de producten.<\/li>\n<\/ul>\n<p><strong>THT-datum van minimaal 3 maanden.<\/strong><\/p>\n","protected":false},"featured_media":2959,"template":"","meta":{"_acf_changed":false},"product_brand":[],"product_cat":[108,90],"product_tag":[],"class_list":{"0":"post-2962","1":"product","2":"type-product","3":"status-publish","4":"has-post-thumbnail","6":"product_cat-angebote","7":"product_cat-fs-produkte","8":"product_shipping_class-diepvriestoeslag-de","10":"first","11":"instock","12":"sale","13":"taxable","14":"shipping-taxable","15":"purchasable","16":"product-type-simple"},"acf":[],"yoast_head":"<!-- This site is optimized with the Yoast SEO plugin v27.2 - https:\/\/yoast.com\/product\/yoast-seo-wordpress\/ -->\n<title>&#x2744;&#xfe0f; Zweite Chance - Cheeszero Souffl\u00e9 | Food Specialties<\/title>\n<meta name=\"robots\" content=\"noindex, follow\" \/>\n<meta property=\"og:locale\" content=\"de_DE\" \/>\n<meta property=\"og:type\" content=\"article\" \/>\n<meta property=\"og:title\" content=\"&#x2744;&#xfe0f; Zweite Chance - Cheeszero Souffl\u00e9 | Food Specialties\" \/>\n<meta property=\"og:description\" content=\"Inhoud:   E\u00e9n doosje Cheeszero Souffl\u00e9 welke bijvoorbeeld een deukje hebben of iets minder mooi zijn qua vorm (niet recht of te groot). Dit doet niets af aan de smaak of kwaliteit van de producten.  THT-datum van minimaal 3 maanden.\" \/>\n<meta property=\"og:url\" content=\"https:\/\/webshop.foodspecialties.eu\/de\/produkt\/zweite-chance-cheeszero-souffle\/\" \/>\n<meta property=\"og:site_name\" content=\"Food Specialties\" \/>\n<meta property=\"article:modified_time\" content=\"2024-09-15T12:23:18+00:00\" \/>\n<meta property=\"og:image\" content=\"https:\/\/webshop.foodspecialties.eu\/wp-content\/uploads\/2024\/06\/VA-Foods-TWEEDEKANSJES-CH-S.png\" \/>\n\t<meta property=\"og:image:width\" content=\"1080\" \/>\n\t<meta property=\"og:image:height\" content=\"1080\" \/>\n\t<meta property=\"og:image:type\" content=\"image\/png\" \/>\n<meta name=\"twitter:card\" content=\"summary_large_image\" \/>\n<script type=\"application\/ld+json\" class=\"yoast-schema-graph\">{\"@context\":\"https:\/\/schema.org\",\"@graph\":[{\"@type\":\"WebPage\",\"@id\":\"https:\/\/webshop.foodspecialties.eu\/de\/produkt\/zweite-chance-cheeszero-souffle\/\",\"url\":\"https:\/\/webshop.foodspecialties.eu\/de\/produkt\/zweite-chance-cheeszero-souffle\/\",\"name\":\"&#x2744;&#xfe0f; Zweite Chance - Cheeszero Souffl\u00e9 | Food Specialties\",\"isPartOf\":{\"@id\":\"https:\/\/webshop.foodspecialties.eu\/de\/#website\"},\"primaryImageOfPage\":{\"@id\":\"https:\/\/webshop.foodspecialties.eu\/de\/produkt\/zweite-chance-cheeszero-souffle\/#primaryimage\"},\"image\":{\"@id\":\"https:\/\/webshop.foodspecialties.eu\/de\/produkt\/zweite-chance-cheeszero-souffle\/#primaryimage\"},\"thumbnailUrl\":\"https:\/\/webshop.foodspecialties.eu\/wp-content\/uploads\/2024\/06\/VA-Foods-TWEEDEKANSJES-CH-S.png\",\"datePublished\":\"2024-06-26T07:06:24+00:00\",\"dateModified\":\"2024-09-15T12:23:18+00:00\",\"breadcrumb\":{\"@id\":\"https:\/\/webshop.foodspecialties.eu\/de\/produkt\/zweite-chance-cheeszero-souffle\/#breadcrumb\"},\"inLanguage\":\"de\",\"potentialAction\":[{\"@type\":\"ReadAction\",\"target\":[\"https:\/\/webshop.foodspecialties.eu\/de\/produkt\/zweite-chance-cheeszero-souffle\/\"]}]},{\"@type\":\"ImageObject\",\"inLanguage\":\"de\",\"@id\":\"https:\/\/webshop.foodspecialties.eu\/de\/produkt\/zweite-chance-cheeszero-souffle\/#primaryimage\",\"url\":\"https:\/\/webshop.foodspecialties.eu\/wp-content\/uploads\/2024\/06\/VA-Foods-TWEEDEKANSJES-CH-S.png\",\"contentUrl\":\"https:\/\/webshop.foodspecialties.eu\/wp-content\/uploads\/2024\/06\/VA-Foods-TWEEDEKANSJES-CH-S.png\",\"width\":1080,\"height\":1080,\"caption\":\"VA Foods glutenvrij Cheeszero souffl\u00e9\"},{\"@type\":\"BreadcrumbList\",\"@id\":\"https:\/\/webshop.foodspecialties.eu\/de\/produkt\/zweite-chance-cheeszero-souffle\/#breadcrumb\",\"itemListElement\":[{\"@type\":\"ListItem\",\"position\":1,\"name\":\"Home\",\"item\":\"https:\/\/webshop.foodspecialties.eu\/de\/\"},{\"@type\":\"ListItem\",\"position\":2,\"name\":\"Pflanzlich\",\"item\":\"https:\/\/webshop.foodspecialties.eu\/de\/\"},{\"@type\":\"ListItem\",\"position\":3,\"name\":\"&#x2744;&#xfe0f; Zweite Chance &#8211; Cheeszero Souffl\u00e9\"}]},{\"@type\":\"WebSite\",\"@id\":\"https:\/\/webshop.foodspecialties.eu\/de\/#website\",\"url\":\"https:\/\/webshop.foodspecialties.eu\/de\/\",\"name\":\"Food Specialties\",\"description\":\"Food Specialties - Webshop | Glutenvrij | Vegan\",\"potentialAction\":[{\"@type\":\"SearchAction\",\"target\":{\"@type\":\"EntryPoint\",\"urlTemplate\":\"https:\/\/webshop.foodspecialties.eu\/de\/?s={search_term_string}\"},\"query-input\":{\"@type\":\"PropertyValueSpecification\",\"valueRequired\":true,\"valueName\":\"search_term_string\"}}],\"inLanguage\":\"de\"}]}<\/script>\n<!-- \/ Yoast SEO plugin. -->","yoast_head_json":{"title":"&#x2744;&#xfe0f; Zweite Chance - Cheeszero Souffl\u00e9 | Food Specialties","robots":{"index":"noindex","follow":"follow"},"og_locale":"de_DE","og_type":"article","og_title":"&#x2744;&#xfe0f; Zweite Chance - Cheeszero Souffl\u00e9 | Food Specialties","og_description":"Inhoud:   E\u00e9n doosje Cheeszero Souffl\u00e9 welke bijvoorbeeld een deukje hebben of iets minder mooi zijn qua vorm (niet recht of te groot). Dit doet niets af aan de smaak of kwaliteit van de producten.  THT-datum van minimaal 3 maanden.","og_url":"https:\/\/webshop.foodspecialties.eu\/de\/produkt\/zweite-chance-cheeszero-souffle\/","og_site_name":"Food Specialties","article_modified_time":"2024-09-15T12:23:18+00:00","og_image":[{"width":1080,"height":1080,"url":"https:\/\/webshop.foodspecialties.eu\/wp-content\/uploads\/2024\/06\/VA-Foods-TWEEDEKANSJES-CH-S.png","type":"image\/png"}],"twitter_card":"summary_large_image","schema":{"@context":"https:\/\/schema.org","@graph":[{"@type":"WebPage","@id":"https:\/\/webshop.foodspecialties.eu\/de\/produkt\/zweite-chance-cheeszero-souffle\/","url":"https:\/\/webshop.foodspecialties.eu\/de\/produkt\/zweite-chance-cheeszero-souffle\/","name":"&#x2744;&#xfe0f; Zweite Chance - Cheeszero Souffl\u00e9 | Food Specialties","isPartOf":{"@id":"https:\/\/webshop.foodspecialties.eu\/de\/#website"},"primaryImageOfPage":{"@id":"https:\/\/webshop.foodspecialties.eu\/de\/produkt\/zweite-chance-cheeszero-souffle\/#primaryimage"},"image":{"@id":"https:\/\/webshop.foodspecialties.eu\/de\/produkt\/zweite-chance-cheeszero-souffle\/#primaryimage"},"thumbnailUrl":"https:\/\/webshop.foodspecialties.eu\/wp-content\/uploads\/2024\/06\/VA-Foods-TWEEDEKANSJES-CH-S.png","datePublished":"2024-06-26T07:06:24+00:00","dateModified":"2024-09-15T12:23:18+00:00","breadcrumb":{"@id":"https:\/\/webshop.foodspecialties.eu\/de\/produkt\/zweite-chance-cheeszero-souffle\/#breadcrumb"},"inLanguage":"de","potentialAction":[{"@type":"ReadAction","target":["https:\/\/webshop.foodspecialties.eu\/de\/produkt\/zweite-chance-cheeszero-souffle\/"]}]},{"@type":"ImageObject","inLanguage":"de","@id":"https:\/\/webshop.foodspecialties.eu\/de\/produkt\/zweite-chance-cheeszero-souffle\/#primaryimage","url":"https:\/\/webshop.foodspecialties.eu\/wp-content\/uploads\/2024\/06\/VA-Foods-TWEEDEKANSJES-CH-S.png","contentUrl":"https:\/\/webshop.foodspecialties.eu\/wp-content\/uploads\/2024\/06\/VA-Foods-TWEEDEKANSJES-CH-S.png","width":1080,"height":1080,"caption":"VA Foods glutenvrij Cheeszero souffl\u00e9"},{"@type":"BreadcrumbList","@id":"https:\/\/webshop.foodspecialties.eu\/de\/produkt\/zweite-chance-cheeszero-souffle\/#breadcrumb","itemListElement":[{"@type":"ListItem","position":1,"name":"Home","item":"https:\/\/webshop.foodspecialties.eu\/de\/"},{"@type":"ListItem","position":2,"name":"Pflanzlich","item":"https:\/\/webshop.foodspecialties.eu\/de\/"},{"@type":"ListItem","position":3,"name":"&#x2744;&#xfe0f; Zweite Chance &#8211; Cheeszero Souffl\u00e9"}]},{"@type":"WebSite","@id":"https:\/\/webshop.foodspecialties.eu\/de\/#website","url":"https:\/\/webshop.foodspecialties.eu\/de\/","name":"Food Specialties","description":"Food Specialties - Webshop | Glutenvrij | Vegan","potentialAction":[{"@type":"SearchAction","target":{"@type":"EntryPoint","urlTemplate":"https:\/\/webshop.foodspecialties.eu\/de\/?s={search_term_string}"},"query-input":{"@type":"PropertyValueSpecification","valueRequired":true,"valueName":"search_term_string"}}],"inLanguage":"de"}]}},"_links":{"self":[{"href":"https:\/\/webshop.foodspecialties.eu\/de\/wp-json\/wp\/v2\/product\/2962","targetHints":{"allow":["GET"]}}],"collection":[{"href":"https:\/\/webshop.foodspecialties.eu\/de\/wp-json\/wp\/v2\/product"}],"about":[{"href":"https:\/\/webshop.foodspecialties.eu\/de\/wp-json\/wp\/v2\/types\/product"}],"wp:featuredmedia":[{"embeddable":true,"href":"https:\/\/webshop.foodspecialties.eu\/de\/wp-json\/wp\/v2\/media\/2959"}],"wp:attachment":[{"href":"https:\/\/webshop.foodspecialties.eu\/de\/wp-json\/wp\/v2\/media?parent=2962"}],"wp:term":[{"taxonomy":"product_brand","embeddable":true,"href":"https:\/\/webshop.foodspecialties.eu\/de\/wp-json\/wp\/v2\/product_brand?post=2962"},{"taxonomy":"product_cat","embeddable":true,"href":"https:\/\/webshop.foodspecialties.eu\/de\/wp-json\/wp\/v2\/product_cat?post=2962"},{"taxonomy":"product_tag","embeddable":true,"href":"https:\/\/webshop.foodspecialties.eu\/de\/wp-json\/wp\/v2\/product_tag?post=2962"}],"curies":[{"name":"wp","href":"https:\/\/api.w.org\/{rel}","templated":true}]}}