{"id":3340,"date":"2024-09-24T12:19:40","date_gmt":"2024-09-24T10:19:40","guid":{"rendered":"https:\/\/webshop.foodspecialties.eu\/?post_type=product&#038;p=3340"},"modified":"2024-09-24T12:19:41","modified_gmt":"2024-09-24T10:19:41","slug":"weitere-produkte-2","status":"publish","type":"product","link":"https:\/\/webshop.foodspecialties.eu\/de\/produkt\/weitere-produkte-2\/","title":{"rendered":"Weitere Produkte&#8230;"},"content":{"rendered":"<p>Klicken Sie <a href=\"https:\/\/webshop.foodspecialties.eu\/de\/snacks\/\">hier <\/a>f\u00fcr <strong>Snacks<\/strong><\/p>\n<p>Klicken Sie <a href=\"https:\/\/webshop.foodspecialties.eu\/de\/baeckerei\/\">hier <\/a>f\u00fcr <strong>Backwaren<\/strong><\/p>\n<p>Klicken Sie <a href=\"https:\/\/webshop.foodspecialties.eu\/de\/andere\/\">hier<\/a> f\u00fcr <strong>weitere Produkte<\/strong><\/p>\n","protected":false},"excerpt":{"rendered":"<p>Klicken Sie hier f\u00fcr Snacks Klicken Sie hier f\u00fcr Backwaren Klicken Sie hier f\u00fcr weitere Produkte<\/p>\n","protected":false},"featured_media":3284,"template":"","meta":{"_acf_changed":false},"product_brand":[],"product_cat":[62],"product_tag":[],"class_list":{"0":"post-3340","1":"product","2":"type-product","3":"status-publish","4":"has-post-thumbnail","6":"product_cat-vegane","8":"first","9":"instock","10":"taxable","11":"shipping-taxable","12":"product-type-simple"},"acf":[],"yoast_head":"<!-- This site is optimized with the Yoast SEO plugin v27.2 - https:\/\/yoast.com\/product\/yoast-seo-wordpress\/ -->\n<title>Weitere Produkte... | Food Specialties<\/title>\n<meta name=\"robots\" content=\"noindex, follow\" \/>\n<meta property=\"og:locale\" content=\"de_DE\" \/>\n<meta property=\"og:type\" content=\"article\" \/>\n<meta property=\"og:title\" content=\"Weitere Produkte... | Food Specialties\" \/>\n<meta property=\"og:description\" content=\"Klicken Sie hier f\u00fcr Snacks Klicken Sie hier f\u00fcr Backwaren Klicken Sie hier f\u00fcr weitere Produkte\" \/>\n<meta property=\"og:url\" content=\"https:\/\/webshop.foodspecialties.eu\/de\/produkt\/weitere-produkte-2\/\" \/>\n<meta property=\"og:site_name\" content=\"Food Specialties\" \/>\n<meta property=\"article:modified_time\" content=\"2024-09-24T10:19:41+00:00\" \/>\n<meta property=\"og:image\" content=\"https:\/\/webshop.foodspecialties.eu\/wp-content\/uploads\/2023\/04\/Meer-producten-DU.png\" \/>\n\t<meta property=\"og:image:width\" content=\"2398\" \/>\n\t<meta property=\"og:image:height\" content=\"2400\" \/>\n\t<meta property=\"og:image:type\" content=\"image\/png\" \/>\n<meta name=\"twitter:card\" content=\"summary_large_image\" \/>\n<script type=\"application\/ld+json\" class=\"yoast-schema-graph\">{\"@context\":\"https:\/\/schema.org\",\"@graph\":[{\"@type\":\"WebPage\",\"@id\":\"https:\/\/webshop.foodspecialties.eu\/de\/produkt\/weitere-produkte-2\/\",\"url\":\"https:\/\/webshop.foodspecialties.eu\/de\/produkt\/weitere-produkte-2\/\",\"name\":\"Weitere Produkte... | Food Specialties\",\"isPartOf\":{\"@id\":\"https:\/\/webshop.foodspecialties.eu\/de\/#website\"},\"primaryImageOfPage\":{\"@id\":\"https:\/\/webshop.foodspecialties.eu\/de\/produkt\/weitere-produkte-2\/#primaryimage\"},\"image\":{\"@id\":\"https:\/\/webshop.foodspecialties.eu\/de\/produkt\/weitere-produkte-2\/#primaryimage\"},\"thumbnailUrl\":\"https:\/\/webshop.foodspecialties.eu\/wp-content\/uploads\/2023\/04\/Meer-producten-DU.png\",\"datePublished\":\"2024-09-24T10:19:40+00:00\",\"dateModified\":\"2024-09-24T10:19:41+00:00\",\"breadcrumb\":{\"@id\":\"https:\/\/webshop.foodspecialties.eu\/de\/produkt\/weitere-produkte-2\/#breadcrumb\"},\"inLanguage\":\"de\",\"potentialAction\":[{\"@type\":\"ReadAction\",\"target\":[\"https:\/\/webshop.foodspecialties.eu\/de\/produkt\/weitere-produkte-2\/\"]}]},{\"@type\":\"ImageObject\",\"inLanguage\":\"de\",\"@id\":\"https:\/\/webshop.foodspecialties.eu\/de\/produkt\/weitere-produkte-2\/#primaryimage\",\"url\":\"https:\/\/webshop.foodspecialties.eu\/wp-content\/uploads\/2023\/04\/Meer-producten-DU.png\",\"contentUrl\":\"https:\/\/webshop.foodspecialties.eu\/wp-content\/uploads\/2023\/04\/Meer-producten-DU.png\",\"width\":2398,\"height\":2400,\"caption\":\"glutenvrije webshop va foods\"},{\"@type\":\"BreadcrumbList\",\"@id\":\"https:\/\/webshop.foodspecialties.eu\/de\/produkt\/weitere-produkte-2\/#breadcrumb\",\"itemListElement\":[{\"@type\":\"ListItem\",\"position\":1,\"name\":\"Home\",\"item\":\"https:\/\/webshop.foodspecialties.eu\/de\/\"},{\"@type\":\"ListItem\",\"position\":2,\"name\":\"Pflanzlich\",\"item\":\"https:\/\/webshop.foodspecialties.eu\/de\/\"},{\"@type\":\"ListItem\",\"position\":3,\"name\":\"Weitere Produkte&#8230;\"}]},{\"@type\":\"WebSite\",\"@id\":\"https:\/\/webshop.foodspecialties.eu\/de\/#website\",\"url\":\"https:\/\/webshop.foodspecialties.eu\/de\/\",\"name\":\"Food Specialties\",\"description\":\"Food Specialties - Webshop | Glutenvrij | Vegan\",\"potentialAction\":[{\"@type\":\"SearchAction\",\"target\":{\"@type\":\"EntryPoint\",\"urlTemplate\":\"https:\/\/webshop.foodspecialties.eu\/de\/?s={search_term_string}\"},\"query-input\":{\"@type\":\"PropertyValueSpecification\",\"valueRequired\":true,\"valueName\":\"search_term_string\"}}],\"inLanguage\":\"de\"}]}<\/script>\n<!-- \/ Yoast SEO plugin. -->","yoast_head_json":{"title":"Weitere Produkte... | Food Specialties","robots":{"index":"noindex","follow":"follow"},"og_locale":"de_DE","og_type":"article","og_title":"Weitere Produkte... | Food Specialties","og_description":"Klicken Sie hier f\u00fcr Snacks Klicken Sie hier f\u00fcr Backwaren Klicken Sie hier f\u00fcr weitere Produkte","og_url":"https:\/\/webshop.foodspecialties.eu\/de\/produkt\/weitere-produkte-2\/","og_site_name":"Food Specialties","article_modified_time":"2024-09-24T10:19:41+00:00","og_image":[{"width":2398,"height":2400,"url":"https:\/\/webshop.foodspecialties.eu\/wp-content\/uploads\/2023\/04\/Meer-producten-DU.png","type":"image\/png"}],"twitter_card":"summary_large_image","schema":{"@context":"https:\/\/schema.org","@graph":[{"@type":"WebPage","@id":"https:\/\/webshop.foodspecialties.eu\/de\/produkt\/weitere-produkte-2\/","url":"https:\/\/webshop.foodspecialties.eu\/de\/produkt\/weitere-produkte-2\/","name":"Weitere Produkte... | Food Specialties","isPartOf":{"@id":"https:\/\/webshop.foodspecialties.eu\/de\/#website"},"primaryImageOfPage":{"@id":"https:\/\/webshop.foodspecialties.eu\/de\/produkt\/weitere-produkte-2\/#primaryimage"},"image":{"@id":"https:\/\/webshop.foodspecialties.eu\/de\/produkt\/weitere-produkte-2\/#primaryimage"},"thumbnailUrl":"https:\/\/webshop.foodspecialties.eu\/wp-content\/uploads\/2023\/04\/Meer-producten-DU.png","datePublished":"2024-09-24T10:19:40+00:00","dateModified":"2024-09-24T10:19:41+00:00","breadcrumb":{"@id":"https:\/\/webshop.foodspecialties.eu\/de\/produkt\/weitere-produkte-2\/#breadcrumb"},"inLanguage":"de","potentialAction":[{"@type":"ReadAction","target":["https:\/\/webshop.foodspecialties.eu\/de\/produkt\/weitere-produkte-2\/"]}]},{"@type":"ImageObject","inLanguage":"de","@id":"https:\/\/webshop.foodspecialties.eu\/de\/produkt\/weitere-produkte-2\/#primaryimage","url":"https:\/\/webshop.foodspecialties.eu\/wp-content\/uploads\/2023\/04\/Meer-producten-DU.png","contentUrl":"https:\/\/webshop.foodspecialties.eu\/wp-content\/uploads\/2023\/04\/Meer-producten-DU.png","width":2398,"height":2400,"caption":"glutenvrije webshop va foods"},{"@type":"BreadcrumbList","@id":"https:\/\/webshop.foodspecialties.eu\/de\/produkt\/weitere-produkte-2\/#breadcrumb","itemListElement":[{"@type":"ListItem","position":1,"name":"Home","item":"https:\/\/webshop.foodspecialties.eu\/de\/"},{"@type":"ListItem","position":2,"name":"Pflanzlich","item":"https:\/\/webshop.foodspecialties.eu\/de\/"},{"@type":"ListItem","position":3,"name":"Weitere Produkte&#8230;"}]},{"@type":"WebSite","@id":"https:\/\/webshop.foodspecialties.eu\/de\/#website","url":"https:\/\/webshop.foodspecialties.eu\/de\/","name":"Food Specialties","description":"Food Specialties - Webshop | Glutenvrij | Vegan","potentialAction":[{"@type":"SearchAction","target":{"@type":"EntryPoint","urlTemplate":"https:\/\/webshop.foodspecialties.eu\/de\/?s={search_term_string}"},"query-input":{"@type":"PropertyValueSpecification","valueRequired":true,"valueName":"search_term_string"}}],"inLanguage":"de"}]}},"_links":{"self":[{"href":"https:\/\/webshop.foodspecialties.eu\/de\/wp-json\/wp\/v2\/product\/3340","targetHints":{"allow":["GET"]}}],"collection":[{"href":"https:\/\/webshop.foodspecialties.eu\/de\/wp-json\/wp\/v2\/product"}],"about":[{"href":"https:\/\/webshop.foodspecialties.eu\/de\/wp-json\/wp\/v2\/types\/product"}],"wp:featuredmedia":[{"embeddable":true,"href":"https:\/\/webshop.foodspecialties.eu\/de\/wp-json\/wp\/v2\/media\/3284"}],"wp:attachment":[{"href":"https:\/\/webshop.foodspecialties.eu\/de\/wp-json\/wp\/v2\/media?parent=3340"}],"wp:term":[{"taxonomy":"product_brand","embeddable":true,"href":"https:\/\/webshop.foodspecialties.eu\/de\/wp-json\/wp\/v2\/product_brand?post=3340"},{"taxonomy":"product_cat","embeddable":true,"href":"https:\/\/webshop.foodspecialties.eu\/de\/wp-json\/wp\/v2\/product_cat?post=3340"},{"taxonomy":"product_tag","embeddable":true,"href":"https:\/\/webshop.foodspecialties.eu\/de\/wp-json\/wp\/v2\/product_tag?post=3340"}],"curies":[{"name":"wp","href":"https:\/\/api.w.org\/{rel}","templated":true}]}}