{"id":3498,"date":"2023-11-22T13:39:48","date_gmt":"2023-11-22T13:39:48","guid":{"rendered":"https:\/\/webshop.foodspecialties.eu\/product\/%e2%9d%84%ef%b8%8f-veldts-glutenvrije-pannenkoeken-5x-100-gram\/"},"modified":"2024-10-16T10:03:39","modified_gmt":"2024-10-16T08:03:39","slug":"%e2%9d%84%ef%b8%8f-veldts-glutenfreie-pfannkuchen-5x-100-gramm","status":"publish","type":"product","link":"https:\/\/webshop.foodspecialties.eu\/de\/produkt\/%e2%9d%84%ef%b8%8f-veldts-glutenfreie-pfannkuchen-5x-100-gramm\/","title":{"rendered":"&#x2744;&#xfe0f; Veldt&#8217;s Glutenfreie Pfannkuchen | 5x 100 Gramm"},"content":{"rendered":"<p>Glutenfreie Pfannkuchen, pro 5 St\u00fcck \u00e0 100 Gramm). <strong>Bitte beachten Sie: Dieses Produkt enth\u00e4lt Milch, Mais, Ei und Lupine!<\/strong><\/p>\n","protected":false},"excerpt":{"rendered":"<p>Zutaten: Wasser, Backmischung (<strong>Mais<\/strong>st\u00e4rke, Kartoffelmehl, Guarkernmehl, Dextrose, <strong>Lupinen<\/strong>mehl), <strong>Eier<\/strong>, teilentrahmtes <strong>Milch<\/strong>pulver 24 %, Salz, Sonnenblumen\u00f6l<\/p>\n","protected":false},"featured_media":2584,"template":"","meta":{"_acf_changed":false},"product_brand":[],"product_cat":[64,63,122],"product_tag":[],"class_list":{"0":"post-3498","1":"product","2":"type-product","3":"status-publish","4":"has-post-thumbnail","6":"product_cat-andere","7":"product_cat-backerei-produkte","8":"product_cat-shoppen-de","9":"product_shipping_class-diepvriestoeslag-de","10":"j79_wcxd_expiry_type-tenminste-houdbaar-tot","12":"first","13":"instock","14":"taxable","15":"shipping-taxable","16":"purchasable","17":"product-type-simple"},"acf":[],"yoast_head":"<!-- This site is optimized with the Yoast SEO plugin v27.2 - https:\/\/yoast.com\/product\/yoast-seo-wordpress\/ -->\n<title>&#x2744;&#xfe0f; Veldt&#039;s Glutenfreie Pfannkuchen | 5x 100 Gramm | Food Specialties<\/title>\n<meta name=\"robots\" content=\"noindex, follow\" \/>\n<meta property=\"og:locale\" content=\"de_DE\" \/>\n<meta property=\"og:type\" content=\"article\" \/>\n<meta property=\"og:title\" content=\"&#x2744;&#xfe0f; Veldt&#039;s Glutenfreie Pfannkuchen | 5x 100 Gramm | Food Specialties\" \/>\n<meta property=\"og:description\" content=\"Zutaten: Wasser, Backmischung (Maisst\u00e4rke, Kartoffelmehl, Guarkernmehl, Dextrose, Lupinenmehl), Eier, teilentrahmtes Milchpulver 24 %, Salz, Sonnenblumen\u00f6l\" \/>\n<meta property=\"og:url\" content=\"https:\/\/webshop.foodspecialties.eu\/de\/produkt\/%e2%9d%84%ef%b8%8f-veldts-glutenfreie-pfannkuchen-5x-100-gramm\/\" \/>\n<meta property=\"og:site_name\" content=\"Food Specialties\" \/>\n<meta property=\"article:modified_time\" content=\"2024-10-16T08:03:39+00:00\" \/>\n<meta property=\"og:image\" content=\"https:\/\/webshop.foodspecialties.eu\/wp-content\/uploads\/2023\/11\/Naturel_pannenkoek_stapel.original.jpg\" \/>\n\t<meta property=\"og:image:width\" content=\"1206\" \/>\n\t<meta property=\"og:image:height\" content=\"787\" \/>\n\t<meta property=\"og:image:type\" content=\"image\/jpeg\" \/>\n<meta name=\"twitter:card\" content=\"summary_large_image\" \/>\n<script type=\"application\/ld+json\" class=\"yoast-schema-graph\">{\"@context\":\"https:\/\/schema.org\",\"@graph\":[{\"@type\":\"WebPage\",\"@id\":\"https:\/\/webshop.foodspecialties.eu\/de\/produkt\/%e2%9d%84%ef%b8%8f-veldts-glutenfreie-pfannkuchen-5x-100-gramm\/\",\"url\":\"https:\/\/webshop.foodspecialties.eu\/de\/produkt\/%e2%9d%84%ef%b8%8f-veldts-glutenfreie-pfannkuchen-5x-100-gramm\/\",\"name\":\"&#x2744;&#xfe0f; Veldt's Glutenfreie Pfannkuchen | 5x 100 Gramm | Food Specialties\",\"isPartOf\":{\"@id\":\"https:\/\/webshop.foodspecialties.eu\/de\/#website\"},\"primaryImageOfPage\":{\"@id\":\"https:\/\/webshop.foodspecialties.eu\/de\/produkt\/%e2%9d%84%ef%b8%8f-veldts-glutenfreie-pfannkuchen-5x-100-gramm\/#primaryimage\"},\"image\":{\"@id\":\"https:\/\/webshop.foodspecialties.eu\/de\/produkt\/%e2%9d%84%ef%b8%8f-veldts-glutenfreie-pfannkuchen-5x-100-gramm\/#primaryimage\"},\"thumbnailUrl\":\"https:\/\/webshop.foodspecialties.eu\/wp-content\/uploads\/2023\/11\/Naturel_pannenkoek_stapel.original.jpg\",\"datePublished\":\"2023-11-22T13:39:48+00:00\",\"dateModified\":\"2024-10-16T08:03:39+00:00\",\"breadcrumb\":{\"@id\":\"https:\/\/webshop.foodspecialties.eu\/de\/produkt\/%e2%9d%84%ef%b8%8f-veldts-glutenfreie-pfannkuchen-5x-100-gramm\/#breadcrumb\"},\"inLanguage\":\"de\",\"potentialAction\":[{\"@type\":\"ReadAction\",\"target\":[\"https:\/\/webshop.foodspecialties.eu\/de\/produkt\/%e2%9d%84%ef%b8%8f-veldts-glutenfreie-pfannkuchen-5x-100-gramm\/\"]}]},{\"@type\":\"ImageObject\",\"inLanguage\":\"de\",\"@id\":\"https:\/\/webshop.foodspecialties.eu\/de\/produkt\/%e2%9d%84%ef%b8%8f-veldts-glutenfreie-pfannkuchen-5x-100-gramm\/#primaryimage\",\"url\":\"https:\/\/webshop.foodspecialties.eu\/wp-content\/uploads\/2023\/11\/Naturel_pannenkoek_stapel.original.jpg\",\"contentUrl\":\"https:\/\/webshop.foodspecialties.eu\/wp-content\/uploads\/2023\/11\/Naturel_pannenkoek_stapel.original.jpg\",\"width\":1206,\"height\":787,\"caption\":\"Veldt's Glutenvrije pannenkoeken\"},{\"@type\":\"BreadcrumbList\",\"@id\":\"https:\/\/webshop.foodspecialties.eu\/de\/produkt\/%e2%9d%84%ef%b8%8f-veldts-glutenfreie-pfannkuchen-5x-100-gramm\/#breadcrumb\",\"itemListElement\":[{\"@type\":\"ListItem\",\"position\":1,\"name\":\"Home\",\"item\":\"https:\/\/webshop.foodspecialties.eu\/de\/\"},{\"@type\":\"ListItem\",\"position\":2,\"name\":\"Pflanzlich\",\"item\":\"https:\/\/webshop.foodspecialties.eu\/de\/\"},{\"@type\":\"ListItem\",\"position\":3,\"name\":\"&#x2744;&#xfe0f; Veldt&#8217;s Glutenfreie Pfannkuchen | 5x 100 Gramm\"}]},{\"@type\":\"WebSite\",\"@id\":\"https:\/\/webshop.foodspecialties.eu\/de\/#website\",\"url\":\"https:\/\/webshop.foodspecialties.eu\/de\/\",\"name\":\"Food Specialties\",\"description\":\"Food Specialties - Webshop | Glutenvrij | Vegan\",\"potentialAction\":[{\"@type\":\"SearchAction\",\"target\":{\"@type\":\"EntryPoint\",\"urlTemplate\":\"https:\/\/webshop.foodspecialties.eu\/de\/?s={search_term_string}\"},\"query-input\":{\"@type\":\"PropertyValueSpecification\",\"valueRequired\":true,\"valueName\":\"search_term_string\"}}],\"inLanguage\":\"de\"}]}<\/script>\n<!-- \/ Yoast SEO plugin. -->","yoast_head_json":{"title":"&#x2744;&#xfe0f; Veldt's Glutenfreie Pfannkuchen | 5x 100 Gramm | Food Specialties","robots":{"index":"noindex","follow":"follow"},"og_locale":"de_DE","og_type":"article","og_title":"&#x2744;&#xfe0f; Veldt's Glutenfreie Pfannkuchen | 5x 100 Gramm | Food Specialties","og_description":"Zutaten: Wasser, Backmischung (Maisst\u00e4rke, Kartoffelmehl, Guarkernmehl, Dextrose, Lupinenmehl), Eier, teilentrahmtes Milchpulver 24 %, Salz, Sonnenblumen\u00f6l","og_url":"https:\/\/webshop.foodspecialties.eu\/de\/produkt\/%e2%9d%84%ef%b8%8f-veldts-glutenfreie-pfannkuchen-5x-100-gramm\/","og_site_name":"Food Specialties","article_modified_time":"2024-10-16T08:03:39+00:00","og_image":[{"width":1206,"height":787,"url":"https:\/\/webshop.foodspecialties.eu\/wp-content\/uploads\/2023\/11\/Naturel_pannenkoek_stapel.original.jpg","type":"image\/jpeg"}],"twitter_card":"summary_large_image","schema":{"@context":"https:\/\/schema.org","@graph":[{"@type":"WebPage","@id":"https:\/\/webshop.foodspecialties.eu\/de\/produkt\/%e2%9d%84%ef%b8%8f-veldts-glutenfreie-pfannkuchen-5x-100-gramm\/","url":"https:\/\/webshop.foodspecialties.eu\/de\/produkt\/%e2%9d%84%ef%b8%8f-veldts-glutenfreie-pfannkuchen-5x-100-gramm\/","name":"&#x2744;&#xfe0f; Veldt's Glutenfreie Pfannkuchen | 5x 100 Gramm | Food Specialties","isPartOf":{"@id":"https:\/\/webshop.foodspecialties.eu\/de\/#website"},"primaryImageOfPage":{"@id":"https:\/\/webshop.foodspecialties.eu\/de\/produkt\/%e2%9d%84%ef%b8%8f-veldts-glutenfreie-pfannkuchen-5x-100-gramm\/#primaryimage"},"image":{"@id":"https:\/\/webshop.foodspecialties.eu\/de\/produkt\/%e2%9d%84%ef%b8%8f-veldts-glutenfreie-pfannkuchen-5x-100-gramm\/#primaryimage"},"thumbnailUrl":"https:\/\/webshop.foodspecialties.eu\/wp-content\/uploads\/2023\/11\/Naturel_pannenkoek_stapel.original.jpg","datePublished":"2023-11-22T13:39:48+00:00","dateModified":"2024-10-16T08:03:39+00:00","breadcrumb":{"@id":"https:\/\/webshop.foodspecialties.eu\/de\/produkt\/%e2%9d%84%ef%b8%8f-veldts-glutenfreie-pfannkuchen-5x-100-gramm\/#breadcrumb"},"inLanguage":"de","potentialAction":[{"@type":"ReadAction","target":["https:\/\/webshop.foodspecialties.eu\/de\/produkt\/%e2%9d%84%ef%b8%8f-veldts-glutenfreie-pfannkuchen-5x-100-gramm\/"]}]},{"@type":"ImageObject","inLanguage":"de","@id":"https:\/\/webshop.foodspecialties.eu\/de\/produkt\/%e2%9d%84%ef%b8%8f-veldts-glutenfreie-pfannkuchen-5x-100-gramm\/#primaryimage","url":"https:\/\/webshop.foodspecialties.eu\/wp-content\/uploads\/2023\/11\/Naturel_pannenkoek_stapel.original.jpg","contentUrl":"https:\/\/webshop.foodspecialties.eu\/wp-content\/uploads\/2023\/11\/Naturel_pannenkoek_stapel.original.jpg","width":1206,"height":787,"caption":"Veldt's Glutenvrije pannenkoeken"},{"@type":"BreadcrumbList","@id":"https:\/\/webshop.foodspecialties.eu\/de\/produkt\/%e2%9d%84%ef%b8%8f-veldts-glutenfreie-pfannkuchen-5x-100-gramm\/#breadcrumb","itemListElement":[{"@type":"ListItem","position":1,"name":"Home","item":"https:\/\/webshop.foodspecialties.eu\/de\/"},{"@type":"ListItem","position":2,"name":"Pflanzlich","item":"https:\/\/webshop.foodspecialties.eu\/de\/"},{"@type":"ListItem","position":3,"name":"&#x2744;&#xfe0f; Veldt&#8217;s Glutenfreie Pfannkuchen | 5x 100 Gramm"}]},{"@type":"WebSite","@id":"https:\/\/webshop.foodspecialties.eu\/de\/#website","url":"https:\/\/webshop.foodspecialties.eu\/de\/","name":"Food Specialties","description":"Food Specialties - Webshop | Glutenvrij | Vegan","potentialAction":[{"@type":"SearchAction","target":{"@type":"EntryPoint","urlTemplate":"https:\/\/webshop.foodspecialties.eu\/de\/?s={search_term_string}"},"query-input":{"@type":"PropertyValueSpecification","valueRequired":true,"valueName":"search_term_string"}}],"inLanguage":"de"}]}},"_links":{"self":[{"href":"https:\/\/webshop.foodspecialties.eu\/de\/wp-json\/wp\/v2\/product\/3498","targetHints":{"allow":["GET"]}}],"collection":[{"href":"https:\/\/webshop.foodspecialties.eu\/de\/wp-json\/wp\/v2\/product"}],"about":[{"href":"https:\/\/webshop.foodspecialties.eu\/de\/wp-json\/wp\/v2\/types\/product"}],"wp:featuredmedia":[{"embeddable":true,"href":"https:\/\/webshop.foodspecialties.eu\/de\/wp-json\/wp\/v2\/media\/2584"}],"wp:attachment":[{"href":"https:\/\/webshop.foodspecialties.eu\/de\/wp-json\/wp\/v2\/media?parent=3498"}],"wp:term":[{"taxonomy":"product_brand","embeddable":true,"href":"https:\/\/webshop.foodspecialties.eu\/de\/wp-json\/wp\/v2\/product_brand?post=3498"},{"taxonomy":"product_cat","embeddable":true,"href":"https:\/\/webshop.foodspecialties.eu\/de\/wp-json\/wp\/v2\/product_cat?post=3498"},{"taxonomy":"product_tag","embeddable":true,"href":"https:\/\/webshop.foodspecialties.eu\/de\/wp-json\/wp\/v2\/product_tag?post=3498"}],"curies":[{"name":"wp","href":"https:\/\/api.w.org\/{rel}","templated":true}]}}