{"id":682,"date":"2019-04-17T13:22:49","date_gmt":"2019-04-17T13:22:49","guid":{"rendered":"http:\/\/webshop.foodspecialties.eu\/?page_id=682"},"modified":"2019-04-17T13:22:49","modified_gmt":"2019-04-17T13:22:49","slug":"cookie-policy","status":"publish","type":"page","link":"https:\/\/webshop.foodspecialties.eu\/en\/cookie-policy\/","title":{"rendered":"Cookie Policy"},"content":{"rendered":"<p>Les cookies sont de simples fichiers texte qui sont stock\u00e9s sur le disque ou dans la m\u00e9moire de votre ordinateur. Les cookies ne peuvent pas endommager votre ordinateur ou les fichiers sur votre ordinateur.<\/p>\n<p>Food Specialties utilise des cookies de session qui sont automatiquement supprim\u00e9s lorsque vous fermez votre navigateur Web. Food Specialties fait \u00e9galement usage de cookies temporaires. Les informations obtenues gr\u00e2ce \u00e0 ces cookies est de 60 jours apr\u00e8s votre derni\u00e8re visite supprim\u00e9 automatiquement. Par le biais de sites de biscuits Food Specialties vous reconna\u00eetre lorsque vous visitez \u00e0 nouveau. Ils sont utilis\u00e9s pour les pr\u00e9f\u00e9rences que vous avez d\u00e9finies record pour un service particulier ou une page web.<\/p>\n<p>Peuvent \u00e9galement utiliser des cookies pour diffuser des annonces sur les sites que vous visitez pour am\u00e9liorer vos besoins et int\u00e9r\u00eats des votes, pour \u00e9viter de voir une publicit\u00e9 particuli\u00e8re trop souvent et pour enregistrer combien de fois une annonce est affich\u00e9e.<\/p>\n<p>Si vous ne voulez pas annonces \u00e0 \u00eatre optimis\u00e9s, puis lire les instructions de votre navigateur pour un cookie \u00ab\u00a0ne pas suivre\u00bb sur votre ordinateur que vous placez. Remarque: cela ne fonctionne que sur l\u2019ordinateur et le navigateur que vous effectuez cette op\u00e9ration. Si vous utilisez plusieurs ordinateurs, vous devez r\u00e9p\u00e9ter ce processus pour chaque ordinateur.<\/p>\n<p>Si vous faites l\u2019installation de cookies impossible, possible que certaines fonctions ne peuvent pas travailler ou que vous ne pouvez pas utiliser certains services de Food Specialties.eu<br \/>\nVous pouvez d\u00e9cider d\u2019accepter ou de refuser les cookies ou que vous voulez que votre navigateur configur\u00e9 pour vous informer quand un cookie est cr\u00e9\u00e9. Vous aurez besoin d\u2019ajuster les param\u00e8tres de votre navigateur. Chaque navigateur \u00e9tant diff\u00e9rent, Food Specialties vous dirigera vers le menu \u00ab Aide \u00bb de votre navigateur pour d\u00e9finir vos pr\u00e9f\u00e9rences de cookies.<\/p>\n<p>Ce site utilise Google Analytics, un service d\u2019analyse de site internet fourni par Google Inc. (\u00abGoogle\u00bb). Google Analytics utilise des \u00abcookies\u00bb (petits fichiers texte plac\u00e9s sur votre ordinateur) pour aider le site internet \u00e0 analyser l\u2019utilisation du site. Les informations g\u00e9n\u00e9r\u00e9es par les cookies concernant votre utilisation du site (y compris votre adresse IP) seront transmises et stock\u00e9es par Google sur des serveurs situ\u00e9s aux Etats-Unis. Google utilise ces informations pour suivre la fa\u00e7on dont vous utilisez le site, de compiler des rapports sur l\u2019activit\u00e9 du site pour se pr\u00e9parer \u00e0 offrir pour les op\u00e9rateurs de site Web et fournir d\u2019autres services relatifs \u00e0 l\u2019activit\u00e9 du site et \u00e0 l\u2019utilisation d\u2019Internet. Google peut \u00e9galement transf\u00e9rer ces informations \u00e0 des tiers si Google est l\u00e9galement tenu, ou lorsque ces tiers traitent ces donn\u00e9es pour le compte de Google. Google ne recoupera pas votre adresse IP avec toute autre donn\u00e9e d\u00e9tenue par Google. Vous pouvez refuser l\u2019utilisation de cookies dans votre navigateur pour s\u00e9lectionner les param\u00e8tres appropri\u00e9s. Toutefois, nous soulignons que dans ce cas vous ne pouvez pas \u00eatre en mesure d\u2019utiliser toutes les fonctionnalit\u00e9s de ce site. En utilisant ce site, vous consentez express\u00e9ment au traitement de vos donn\u00e9es nominatives par Google dans les conditions et pour les finalit\u00e9s d\u00e9crites ci-dessus.<\/p>\n<h3>Modification de la politique de confidentialit\u00e9<\/h3>\n<p>Food Specialties se r\u00e9serve le droit de modifier sa politique de cookie. Food Specialties vous conseille de consulter r\u00e9guli\u00e8rement cette page pour voir si des changements ont \u00e9t\u00e9 faits. Si Food Specialties changements substantiels, il assurera un avis plus important.<\/p>\n","protected":false},"excerpt":{"rendered":"<p>Les cookies sont de simples fichiers texte qui sont stock\u00e9s sur le disque ou dans la m\u00e9moire de votre ordinateur. Les cookies ne peuvent pas endommager votre ordinateur ou les fichiers sur votre ordinateur. Food Specialties utilise des cookies de session qui sont automatiquement supprim\u00e9s lorsque vous fermez votre navigateur Web. Food Specialties fait \u00e9galement [&hellip;]<\/p>\n","protected":false},"author":1,"featured_media":0,"parent":0,"menu_order":0,"comment_status":"closed","ping_status":"closed","template":"","meta":{"_acf_changed":false,"footnotes":""},"class_list":["post-682","page","type-page","status-publish","hentry"],"acf":[],"yoast_head":"<!-- This site is optimized with the Yoast SEO plugin v27.2 - https:\/\/yoast.com\/product\/yoast-seo-wordpress\/ -->\n<title>Cookie Policy | Food Specialties<\/title>\n<meta name=\"robots\" content=\"index, follow, max-snippet:-1, max-image-preview:large, max-video-preview:-1\" \/>\n<link rel=\"canonical\" href=\"https:\/\/webshop.foodspecialties.eu\/en\/cookie-policy\/\" \/>\n<meta property=\"og:locale\" content=\"en_US\" \/>\n<meta property=\"og:type\" content=\"article\" \/>\n<meta property=\"og:title\" content=\"Cookie Policy | Food Specialties\" \/>\n<meta property=\"og:description\" content=\"Les cookies sont de simples fichiers texte qui sont stock\u00e9s sur le disque ou dans la m\u00e9moire de votre ordinateur. Les cookies ne peuvent pas endommager votre ordinateur ou les fichiers sur votre ordinateur. Food Specialties utilise des cookies de session qui sont automatiquement supprim\u00e9s lorsque vous fermez votre navigateur Web. Food Specialties fait \u00e9galement [&hellip;]\" \/>\n<meta property=\"og:url\" content=\"https:\/\/webshop.foodspecialties.eu\/en\/cookie-policy\/\" \/>\n<meta property=\"og:site_name\" content=\"Food Specialties\" \/>\n<meta name=\"twitter:card\" content=\"summary_large_image\" \/>\n<meta name=\"twitter:label1\" content=\"Est. reading time\" \/>\n\t<meta name=\"twitter:data1\" content=\"3 minutes\" \/>\n<script type=\"application\/ld+json\" class=\"yoast-schema-graph\">{\"@context\":\"https:\/\/schema.org\",\"@graph\":[{\"@type\":\"WebPage\",\"@id\":\"https:\/\/webshop.foodspecialties.eu\/en\/cookie-policy\/\",\"url\":\"https:\/\/webshop.foodspecialties.eu\/en\/cookie-policy\/\",\"name\":\"Cookie Policy | Food Specialties\",\"isPartOf\":{\"@id\":\"https:\/\/webshop.foodspecialties.eu\/en\/#website\"},\"datePublished\":\"2019-04-17T13:22:49+00:00\",\"breadcrumb\":{\"@id\":\"https:\/\/webshop.foodspecialties.eu\/en\/cookie-policy\/#breadcrumb\"},\"inLanguage\":\"en-US\",\"potentialAction\":[{\"@type\":\"ReadAction\",\"target\":[\"https:\/\/webshop.foodspecialties.eu\/en\/cookie-policy\/\"]}]},{\"@type\":\"BreadcrumbList\",\"@id\":\"https:\/\/webshop.foodspecialties.eu\/en\/cookie-policy\/#breadcrumb\",\"itemListElement\":[{\"@type\":\"ListItem\",\"position\":1,\"name\":\"Home\",\"item\":\"https:\/\/webshop.foodspecialties.eu\/en\/\"},{\"@type\":\"ListItem\",\"position\":2,\"name\":\"Cookie Policy\"}]},{\"@type\":\"WebSite\",\"@id\":\"https:\/\/webshop.foodspecialties.eu\/en\/#website\",\"url\":\"https:\/\/webshop.foodspecialties.eu\/en\/\",\"name\":\"Food Specialties\",\"description\":\"Food Specialties - Webshop | Glutenvrij | Vegan\",\"potentialAction\":[{\"@type\":\"SearchAction\",\"target\":{\"@type\":\"EntryPoint\",\"urlTemplate\":\"https:\/\/webshop.foodspecialties.eu\/en\/?s={search_term_string}\"},\"query-input\":{\"@type\":\"PropertyValueSpecification\",\"valueRequired\":true,\"valueName\":\"search_term_string\"}}],\"inLanguage\":\"en-US\"}]}<\/script>\n<!-- \/ Yoast SEO plugin. -->","yoast_head_json":{"title":"Cookie Policy | Food Specialties","robots":{"index":"index","follow":"follow","max-snippet":"max-snippet:-1","max-image-preview":"max-image-preview:large","max-video-preview":"max-video-preview:-1"},"canonical":"https:\/\/webshop.foodspecialties.eu\/en\/cookie-policy\/","og_locale":"en_US","og_type":"article","og_title":"Cookie Policy | Food Specialties","og_description":"Les cookies sont de simples fichiers texte qui sont stock\u00e9s sur le disque ou dans la m\u00e9moire de votre ordinateur. Les cookies ne peuvent pas endommager votre ordinateur ou les fichiers sur votre ordinateur. Food Specialties utilise des cookies de session qui sont automatiquement supprim\u00e9s lorsque vous fermez votre navigateur Web. Food Specialties fait \u00e9galement [&hellip;]","og_url":"https:\/\/webshop.foodspecialties.eu\/en\/cookie-policy\/","og_site_name":"Food Specialties","twitter_card":"summary_large_image","twitter_misc":{"Est. reading time":"3 minutes"},"schema":{"@context":"https:\/\/schema.org","@graph":[{"@type":"WebPage","@id":"https:\/\/webshop.foodspecialties.eu\/en\/cookie-policy\/","url":"https:\/\/webshop.foodspecialties.eu\/en\/cookie-policy\/","name":"Cookie Policy | Food Specialties","isPartOf":{"@id":"https:\/\/webshop.foodspecialties.eu\/en\/#website"},"datePublished":"2019-04-17T13:22:49+00:00","breadcrumb":{"@id":"https:\/\/webshop.foodspecialties.eu\/en\/cookie-policy\/#breadcrumb"},"inLanguage":"en-US","potentialAction":[{"@type":"ReadAction","target":["https:\/\/webshop.foodspecialties.eu\/en\/cookie-policy\/"]}]},{"@type":"BreadcrumbList","@id":"https:\/\/webshop.foodspecialties.eu\/en\/cookie-policy\/#breadcrumb","itemListElement":[{"@type":"ListItem","position":1,"name":"Home","item":"https:\/\/webshop.foodspecialties.eu\/en\/"},{"@type":"ListItem","position":2,"name":"Cookie Policy"}]},{"@type":"WebSite","@id":"https:\/\/webshop.foodspecialties.eu\/en\/#website","url":"https:\/\/webshop.foodspecialties.eu\/en\/","name":"Food Specialties","description":"Food Specialties - Webshop | Glutenvrij | Vegan","potentialAction":[{"@type":"SearchAction","target":{"@type":"EntryPoint","urlTemplate":"https:\/\/webshop.foodspecialties.eu\/en\/?s={search_term_string}"},"query-input":{"@type":"PropertyValueSpecification","valueRequired":true,"valueName":"search_term_string"}}],"inLanguage":"en-US"}]}},"_links":{"self":[{"href":"https:\/\/webshop.foodspecialties.eu\/en\/wp-json\/wp\/v2\/pages\/682","targetHints":{"allow":["GET"]}}],"collection":[{"href":"https:\/\/webshop.foodspecialties.eu\/en\/wp-json\/wp\/v2\/pages"}],"about":[{"href":"https:\/\/webshop.foodspecialties.eu\/en\/wp-json\/wp\/v2\/types\/page"}],"author":[{"embeddable":true,"href":"https:\/\/webshop.foodspecialties.eu\/en\/wp-json\/wp\/v2\/users\/1"}],"replies":[{"embeddable":true,"href":"https:\/\/webshop.foodspecialties.eu\/en\/wp-json\/wp\/v2\/comments?post=682"}],"version-history":[{"count":1,"href":"https:\/\/webshop.foodspecialties.eu\/en\/wp-json\/wp\/v2\/pages\/682\/revisions"}],"predecessor-version":[{"id":683,"href":"https:\/\/webshop.foodspecialties.eu\/en\/wp-json\/wp\/v2\/pages\/682\/revisions\/683"}],"wp:attachment":[{"href":"https:\/\/webshop.foodspecialties.eu\/en\/wp-json\/wp\/v2\/media?parent=682"}],"curies":[{"name":"wp","href":"https:\/\/api.w.org\/{rel}","templated":true}]}}