{"id":1890,"date":"2019-02-07T13:15:16","date_gmt":"2021-07-12T14:01:44","guid":{"rendered":"https:\/\/webshop.foodspecialties.eu\/?post_type=product&#038;p=1890"},"modified":"2023-06-07T18:23:32","modified_gmt":"2023-06-07T18:23:32","slug":"%e2%9d%84%ef%b8%8f-cheeszero-souffle-3-stuks","status":"publish","type":"product","link":"https:\/\/webshop.foodspecialties.eu\/en\/product\/%e2%9d%84%ef%b8%8f-cheeszero-souffle-3-stuks\/","title":{"rendered":"&#x2744;&#xfe0f;  Cheeszero Souffl\u00e9 | 3 Stuks"},"content":{"rendered":"","protected":false},"excerpt":{"rendered":"<p>Kaassmaak in een krokant jasje, maar dan z\u00f3nder kaas: VA Foods presenteert de Cheeszero Souffl\u00e9! Een knapperige korst en een lekkere bite, gevolgd door een heerlijke, smeu\u00efge smaakexplosie, dat is Cheeszero Souffl\u00e9. Zoals u gewend bent van VA Foods is ook dit product vrij van de meest voorkomende allergenen en zijn er geen smaakversterkers of kleurstoffen aan toegevoegd. Daarnaast is de Cheeszero Soufll\u00e9 ook vegetarisch en zelfs vegan. Bewust lekker! Zie ook <a href=\"https:\/\/webshop.foodspecialties.eu\/product\/cheeszero-croquettes\/\" target=\"_blank\" rel=\"noopener noreferrer\">Cheeszero Croquettes (veganistisch)<\/a>, verpakt in 3&#215;60 gram.<\/p>\n","protected":false},"featured_media":654,"template":"","meta":{"_acf_changed":false},"product_brand":[],"product_cat":[121,49,77],"product_tag":[],"class_list":{"0":"post-1890","1":"product","2":"type-product","3":"status-publish","4":"has-post-thumbnail","6":"product_cat-shoppen-en","7":"product_cat-snacks","8":"product_cat-vegan","9":"product_shipping_class-diepvriestoeslag-en","10":"j79_wcxd_expiry_type-tenminste-houdbaar-tot","12":"first","13":"instock","14":"taxable","15":"shipping-taxable","16":"purchasable","17":"product-type-simple"},"acf":[],"yoast_head":"<!-- This site is optimized with the Yoast SEO plugin v27.2 - https:\/\/yoast.com\/product\/yoast-seo-wordpress\/ -->\n<title>&#x2744;&#xfe0f; Cheeszero Souffl\u00e9 | 3 Stuks | Food Specialties<\/title>\n<meta name=\"robots\" content=\"noindex, follow\" \/>\n<meta property=\"og:locale\" content=\"en_US\" \/>\n<meta property=\"og:type\" content=\"article\" \/>\n<meta property=\"og:title\" content=\"&#x2744;&#xfe0f; Cheeszero Souffl\u00e9 | 3 Stuks | Food Specialties\" \/>\n<meta property=\"og:description\" content=\"Kaassmaak in een krokant jasje, maar dan z\u00f3nder kaas: VA Foods presenteert de Cheeszero Souffl\u00e9! Een knapperige korst en een lekkere bite, gevolgd door een heerlijke, smeu\u00efge smaakexplosie, dat is Cheeszero Souffl\u00e9. Zoals u gewend bent van VA Foods is ook dit product vrij van de meest voorkomende allergenen en zijn er geen smaakversterkers of kleurstoffen aan toegevoegd. Daarnaast is de Cheeszero Soufll\u00e9 ook vegetarisch en zelfs vegan. Bewust lekker! Zie ook Cheeszero Croquettes (veganistisch), verpakt in 3x60 gram.\" \/>\n<meta property=\"og:url\" content=\"https:\/\/webshop.foodspecialties.eu\/en\/product\/%e2%9d%84%ef%b8%8f-cheeszero-souffle-3-stuks\/\" \/>\n<meta property=\"og:site_name\" content=\"Food Specialties\" \/>\n<meta property=\"article:modified_time\" content=\"2023-06-07T18:23:32+00:00\" \/>\n<meta property=\"og:image\" content=\"https:\/\/webshop.foodspecialties.eu\/wp-content\/uploads\/2019\/02\/VA-Foods_voorkant_cvan11_Cheeszero_Souffl\u00e9.png\" \/>\n\t<meta property=\"og:image:width\" content=\"1654\" \/>\n\t<meta property=\"og:image:height\" content=\"1654\" \/>\n\t<meta property=\"og:image:type\" content=\"image\/png\" \/>\n<meta name=\"twitter:card\" content=\"summary_large_image\" \/>\n<script type=\"application\/ld+json\" class=\"yoast-schema-graph\">{\"@context\":\"https:\/\/schema.org\",\"@graph\":[{\"@type\":\"WebPage\",\"@id\":\"https:\/\/webshop.foodspecialties.eu\/en\/product\/%e2%9d%84%ef%b8%8f-cheeszero-souffle-3-stuks\/\",\"url\":\"https:\/\/webshop.foodspecialties.eu\/en\/product\/%e2%9d%84%ef%b8%8f-cheeszero-souffle-3-stuks\/\",\"name\":\"&#x2744;&#xfe0f; Cheeszero Souffl\u00e9 | 3 Stuks | Food Specialties\",\"isPartOf\":{\"@id\":\"https:\/\/webshop.foodspecialties.eu\/en\/#website\"},\"primaryImageOfPage\":{\"@id\":\"https:\/\/webshop.foodspecialties.eu\/en\/product\/%e2%9d%84%ef%b8%8f-cheeszero-souffle-3-stuks\/#primaryimage\"},\"image\":{\"@id\":\"https:\/\/webshop.foodspecialties.eu\/en\/product\/%e2%9d%84%ef%b8%8f-cheeszero-souffle-3-stuks\/#primaryimage\"},\"thumbnailUrl\":\"https:\/\/webshop.foodspecialties.eu\/wp-content\/uploads\/2019\/02\/VA-Foods_voorkant_cvan11_Cheeszero_Souffl\u00e9.png\",\"datePublished\":\"2021-07-12T14:01:44+00:00\",\"dateModified\":\"2023-06-07T18:23:32+00:00\",\"breadcrumb\":{\"@id\":\"https:\/\/webshop.foodspecialties.eu\/en\/product\/%e2%9d%84%ef%b8%8f-cheeszero-souffle-3-stuks\/#breadcrumb\"},\"inLanguage\":\"en-US\",\"potentialAction\":[{\"@type\":\"ReadAction\",\"target\":[\"https:\/\/webshop.foodspecialties.eu\/en\/product\/%e2%9d%84%ef%b8%8f-cheeszero-souffle-3-stuks\/\"]}]},{\"@type\":\"ImageObject\",\"inLanguage\":\"en-US\",\"@id\":\"https:\/\/webshop.foodspecialties.eu\/en\/product\/%e2%9d%84%ef%b8%8f-cheeszero-souffle-3-stuks\/#primaryimage\",\"url\":\"https:\/\/webshop.foodspecialties.eu\/wp-content\/uploads\/2019\/02\/VA-Foods_voorkant_cvan11_Cheeszero_Souffl\u00e9.png\",\"contentUrl\":\"https:\/\/webshop.foodspecialties.eu\/wp-content\/uploads\/2019\/02\/VA-Foods_voorkant_cvan11_Cheeszero_Souffl\u00e9.png\",\"width\":1654,\"height\":1654},{\"@type\":\"BreadcrumbList\",\"@id\":\"https:\/\/webshop.foodspecialties.eu\/en\/product\/%e2%9d%84%ef%b8%8f-cheeszero-souffle-3-stuks\/#breadcrumb\",\"itemListElement\":[{\"@type\":\"ListItem\",\"position\":1,\"name\":\"Home\",\"item\":\"https:\/\/webshop.foodspecialties.eu\/en\/\"},{\"@type\":\"ListItem\",\"position\":2,\"name\":\"Plant-based\",\"item\":\"https:\/\/webshop.foodspecialties.eu\/en\/\"},{\"@type\":\"ListItem\",\"position\":3,\"name\":\"&#x2744;&#xfe0f; Cheeszero Souffl\u00e9 | 3 Stuks\"}]},{\"@type\":\"WebSite\",\"@id\":\"https:\/\/webshop.foodspecialties.eu\/en\/#website\",\"url\":\"https:\/\/webshop.foodspecialties.eu\/en\/\",\"name\":\"Food Specialties\",\"description\":\"Food Specialties - Webshop | Glutenvrij | Vegan\",\"potentialAction\":[{\"@type\":\"SearchAction\",\"target\":{\"@type\":\"EntryPoint\",\"urlTemplate\":\"https:\/\/webshop.foodspecialties.eu\/en\/?s={search_term_string}\"},\"query-input\":{\"@type\":\"PropertyValueSpecification\",\"valueRequired\":true,\"valueName\":\"search_term_string\"}}],\"inLanguage\":\"en-US\"}]}<\/script>\n<!-- \/ Yoast SEO plugin. -->","yoast_head_json":{"title":"&#x2744;&#xfe0f; Cheeszero Souffl\u00e9 | 3 Stuks | Food Specialties","robots":{"index":"noindex","follow":"follow"},"og_locale":"en_US","og_type":"article","og_title":"&#x2744;&#xfe0f; Cheeszero Souffl\u00e9 | 3 Stuks | Food Specialties","og_description":"Kaassmaak in een krokant jasje, maar dan z\u00f3nder kaas: VA Foods presenteert de Cheeszero Souffl\u00e9! Een knapperige korst en een lekkere bite, gevolgd door een heerlijke, smeu\u00efge smaakexplosie, dat is Cheeszero Souffl\u00e9. Zoals u gewend bent van VA Foods is ook dit product vrij van de meest voorkomende allergenen en zijn er geen smaakversterkers of kleurstoffen aan toegevoegd. Daarnaast is de Cheeszero Soufll\u00e9 ook vegetarisch en zelfs vegan. Bewust lekker! Zie ook Cheeszero Croquettes (veganistisch), verpakt in 3x60 gram.","og_url":"https:\/\/webshop.foodspecialties.eu\/en\/product\/%e2%9d%84%ef%b8%8f-cheeszero-souffle-3-stuks\/","og_site_name":"Food Specialties","article_modified_time":"2023-06-07T18:23:32+00:00","og_image":[{"width":1654,"height":1654,"url":"https:\/\/webshop.foodspecialties.eu\/wp-content\/uploads\/2019\/02\/VA-Foods_voorkant_cvan11_Cheeszero_Souffl\u00e9.png","type":"image\/png"}],"twitter_card":"summary_large_image","schema":{"@context":"https:\/\/schema.org","@graph":[{"@type":"WebPage","@id":"https:\/\/webshop.foodspecialties.eu\/en\/product\/%e2%9d%84%ef%b8%8f-cheeszero-souffle-3-stuks\/","url":"https:\/\/webshop.foodspecialties.eu\/en\/product\/%e2%9d%84%ef%b8%8f-cheeszero-souffle-3-stuks\/","name":"&#x2744;&#xfe0f; Cheeszero Souffl\u00e9 | 3 Stuks | Food Specialties","isPartOf":{"@id":"https:\/\/webshop.foodspecialties.eu\/en\/#website"},"primaryImageOfPage":{"@id":"https:\/\/webshop.foodspecialties.eu\/en\/product\/%e2%9d%84%ef%b8%8f-cheeszero-souffle-3-stuks\/#primaryimage"},"image":{"@id":"https:\/\/webshop.foodspecialties.eu\/en\/product\/%e2%9d%84%ef%b8%8f-cheeszero-souffle-3-stuks\/#primaryimage"},"thumbnailUrl":"https:\/\/webshop.foodspecialties.eu\/wp-content\/uploads\/2019\/02\/VA-Foods_voorkant_cvan11_Cheeszero_Souffl\u00e9.png","datePublished":"2021-07-12T14:01:44+00:00","dateModified":"2023-06-07T18:23:32+00:00","breadcrumb":{"@id":"https:\/\/webshop.foodspecialties.eu\/en\/product\/%e2%9d%84%ef%b8%8f-cheeszero-souffle-3-stuks\/#breadcrumb"},"inLanguage":"en-US","potentialAction":[{"@type":"ReadAction","target":["https:\/\/webshop.foodspecialties.eu\/en\/product\/%e2%9d%84%ef%b8%8f-cheeszero-souffle-3-stuks\/"]}]},{"@type":"ImageObject","inLanguage":"en-US","@id":"https:\/\/webshop.foodspecialties.eu\/en\/product\/%e2%9d%84%ef%b8%8f-cheeszero-souffle-3-stuks\/#primaryimage","url":"https:\/\/webshop.foodspecialties.eu\/wp-content\/uploads\/2019\/02\/VA-Foods_voorkant_cvan11_Cheeszero_Souffl\u00e9.png","contentUrl":"https:\/\/webshop.foodspecialties.eu\/wp-content\/uploads\/2019\/02\/VA-Foods_voorkant_cvan11_Cheeszero_Souffl\u00e9.png","width":1654,"height":1654},{"@type":"BreadcrumbList","@id":"https:\/\/webshop.foodspecialties.eu\/en\/product\/%e2%9d%84%ef%b8%8f-cheeszero-souffle-3-stuks\/#breadcrumb","itemListElement":[{"@type":"ListItem","position":1,"name":"Home","item":"https:\/\/webshop.foodspecialties.eu\/en\/"},{"@type":"ListItem","position":2,"name":"Plant-based","item":"https:\/\/webshop.foodspecialties.eu\/en\/"},{"@type":"ListItem","position":3,"name":"&#x2744;&#xfe0f; Cheeszero Souffl\u00e9 | 3 Stuks"}]},{"@type":"WebSite","@id":"https:\/\/webshop.foodspecialties.eu\/en\/#website","url":"https:\/\/webshop.foodspecialties.eu\/en\/","name":"Food Specialties","description":"Food Specialties - Webshop | Glutenvrij | Vegan","potentialAction":[{"@type":"SearchAction","target":{"@type":"EntryPoint","urlTemplate":"https:\/\/webshop.foodspecialties.eu\/en\/?s={search_term_string}"},"query-input":{"@type":"PropertyValueSpecification","valueRequired":true,"valueName":"search_term_string"}}],"inLanguage":"en-US"}]}},"_links":{"self":[{"href":"https:\/\/webshop.foodspecialties.eu\/en\/wp-json\/wp\/v2\/product\/1890","targetHints":{"allow":["GET"]}}],"collection":[{"href":"https:\/\/webshop.foodspecialties.eu\/en\/wp-json\/wp\/v2\/product"}],"about":[{"href":"https:\/\/webshop.foodspecialties.eu\/en\/wp-json\/wp\/v2\/types\/product"}],"wp:featuredmedia":[{"embeddable":true,"href":"https:\/\/webshop.foodspecialties.eu\/en\/wp-json\/wp\/v2\/media\/654"}],"wp:attachment":[{"href":"https:\/\/webshop.foodspecialties.eu\/en\/wp-json\/wp\/v2\/media?parent=1890"}],"wp:term":[{"taxonomy":"product_brand","embeddable":true,"href":"https:\/\/webshop.foodspecialties.eu\/en\/wp-json\/wp\/v2\/product_brand?post=1890"},{"taxonomy":"product_cat","embeddable":true,"href":"https:\/\/webshop.foodspecialties.eu\/en\/wp-json\/wp\/v2\/product_cat?post=1890"},{"taxonomy":"product_tag","embeddable":true,"href":"https:\/\/webshop.foodspecialties.eu\/en\/wp-json\/wp\/v2\/product_tag?post=1890"}],"curies":[{"name":"wp","href":"https:\/\/api.w.org\/{rel}","templated":true}]}}