{"id":2356,"date":"2023-03-03T19:26:34","date_gmt":"2023-03-03T19:26:34","guid":{"rendered":"https:\/\/webshop.foodspecialties.eu\/?page_id=2356"},"modified":"2023-03-30T09:38:41","modified_gmt":"2023-03-30T09:38:41","slug":"autre","status":"publish","type":"page","link":"https:\/\/webshop.foodspecialties.eu\/fr\/autre\/","title":{"rendered":"Autre"},"content":{"rendered":"<div class=\"woocommerce columns-4 \"><ul class=\"products columns-4\">\n<li class=\"product type-product post-3338 status-publish first instock product_cat-autre product_cat-boulangerie product_cat-collations product_cat-offres product_cat-vegetalien has-post-thumbnail taxable shipping-taxable product-type-simple\">\n\t<a href=\"https:\/\/webshop.foodspecialties.eu\/fr\/produit\/plus-de-produits\/\" class=\"woocommerce-LoopProduct-link woocommerce-loop-product__link\"><img loading=\"lazy\" decoding=\"async\" width=\"300\" height=\"300\" src=\"https:\/\/webshop.foodspecialties.eu\/wp-content\/uploads\/2023\/04\/Meer-producten-FR-300x300.png\" class=\"attachment-woocommerce_thumbnail size-woocommerce_thumbnail\" alt=\"glutenvrije webshop VA Foods\" srcset=\"https:\/\/webshop.foodspecialties.eu\/wp-content\/uploads\/2023\/04\/Meer-producten-FR-300x300.png 300w, https:\/\/webshop.foodspecialties.eu\/wp-content\/uploads\/2023\/04\/Meer-producten-FR-1024x1024.png 1024w, https:\/\/webshop.foodspecialties.eu\/wp-content\/uploads\/2023\/04\/Meer-producten-FR-150x150.png 150w, https:\/\/webshop.foodspecialties.eu\/wp-content\/uploads\/2023\/04\/Meer-producten-FR-768x769.png 768w, https:\/\/webshop.foodspecialties.eu\/wp-content\/uploads\/2023\/04\/Meer-producten-FR-1536x1536.png 1536w, https:\/\/webshop.foodspecialties.eu\/wp-content\/uploads\/2023\/04\/Meer-producten-FR-2046x2048.png 2046w, https:\/\/webshop.foodspecialties.eu\/wp-content\/uploads\/2023\/04\/Meer-producten-FR-600x601.png 600w, https:\/\/webshop.foodspecialties.eu\/wp-content\/uploads\/2023\/04\/Meer-producten-FR-100x100.png 100w, https:\/\/webshop.foodspecialties.eu\/wp-content\/uploads\/2023\/04\/Meer-producten-FR-60x60.png 60w, https:\/\/webshop.foodspecialties.eu\/wp-content\/uploads\/2023\/04\/Meer-producten-FR-90x90.png 90w\" sizes=\"auto, (max-width: 300px) 100vw, 300px\" \/><h2 class=\"woocommerce-loop-product__title\">Plus de produits..<\/h2>\n<\/a><a href=\"https:\/\/webshop.foodspecialties.eu\/fr\/produit\/plus-de-produits\/\" data-quantity=\"1\" class=\"button product_type_simple\" data-product_id=\"3338\" data-product_sku=\"\" aria-label=\"En savoir plus sur &ldquo;Plus de produits..&rdquo;\" rel=\"nofollow\" data-success_message=\"\">Lire la suite<\/a><\/li>\n<li class=\"product type-product post-565 status-publish instock product_cat-autre product_cat-boulangerie product_cat-shoppen-fr product_cat-vegan product_cat-vegetalien has-post-thumbnail taxable shipping-taxable purchasable product-type-simple\">\n\t<a href=\"https:\/\/webshop.foodspecialties.eu\/fr\/produit\/chapelure\/\" class=\"woocommerce-LoopProduct-link woocommerce-loop-product__link\"><img loading=\"lazy\" decoding=\"async\" width=\"300\" height=\"300\" src=\"https:\/\/webshop.foodspecialties.eu\/wp-content\/uploads\/2019\/01\/SF-Paneermeel-2019.1-300x300.jpg\" class=\"attachment-woocommerce_thumbnail size-woocommerce_thumbnail\" alt=\"Chapelure\" srcset=\"https:\/\/webshop.foodspecialties.eu\/wp-content\/uploads\/2019\/01\/SF-Paneermeel-2019.1-300x300.jpg 300w, https:\/\/webshop.foodspecialties.eu\/wp-content\/uploads\/2019\/01\/SF-Paneermeel-2019.1-150x150.jpg 150w, https:\/\/webshop.foodspecialties.eu\/wp-content\/uploads\/2019\/01\/SF-Paneermeel-2019.1-100x100.jpg 100w\" sizes=\"auto, (max-width: 300px) 100vw, 300px\" \/><h2 class=\"woocommerce-loop-product__title\">Chapelure<\/h2>\n\t<span class=\"price\"><span class=\"woocommerce-Price-amount amount\"><bdi><span class=\"woocommerce-Price-currencySymbol\">&euro;<\/span>3,17<\/bdi><\/span><\/span>\n<\/a><a href=\"\/fr\/wp-json\/wp\/v2\/pages\/2356?add-to-cart=565\" data-quantity=\"1\" class=\"button product_type_simple add_to_cart_button ajax_add_to_cart\" data-product_id=\"565\" data-product_sku=\"8718836440083\" aria-label=\"Ajouter au panier\u00a0: &ldquo;Chapelure&rdquo;\" rel=\"nofollow\" data-success_message=\"\u00ab\u00a0Chapelure\u00a0\u00bb a \u00e9t\u00e9 ajout\u00e9 \u00e0 votre panier\" role=\"button\">Ajouter au panier<\/a><\/li>\n<li class=\"product type-product post-563 status-publish instock product_cat-autre product_cat-shoppen-fr product_cat-vegan product_cat-vegetalien has-post-thumbnail taxable shipping-taxable purchasable product-type-simple\">\n\t<a href=\"https:\/\/webshop.foodspecialties.eu\/fr\/produit\/oingons-frits\/\" class=\"woocommerce-LoopProduct-link woocommerce-loop-product__link\"><img loading=\"lazy\" decoding=\"async\" width=\"300\" height=\"300\" src=\"https:\/\/webshop.foodspecialties.eu\/wp-content\/uploads\/2019\/01\/SF-Gebakken-uitjes-2019.2-300x300.jpg\" class=\"attachment-woocommerce_thumbnail size-woocommerce_thumbnail\" alt=\"Oignons Frits\" srcset=\"https:\/\/webshop.foodspecialties.eu\/wp-content\/uploads\/2019\/01\/SF-Gebakken-uitjes-2019.2-300x300.jpg 300w, https:\/\/webshop.foodspecialties.eu\/wp-content\/uploads\/2019\/01\/SF-Gebakken-uitjes-2019.2-150x150.jpg 150w, https:\/\/webshop.foodspecialties.eu\/wp-content\/uploads\/2019\/01\/SF-Gebakken-uitjes-2019.2-100x100.jpg 100w\" sizes=\"auto, (max-width: 300px) 100vw, 300px\" \/><h2 class=\"woocommerce-loop-product__title\">Oignons Frits<\/h2>\n\t<span class=\"price\"><span class=\"woocommerce-Price-amount amount\"><bdi><span class=\"woocommerce-Price-currencySymbol\">&euro;<\/span>3,26<\/bdi><\/span><\/span>\n<\/a><a href=\"\/fr\/wp-json\/wp\/v2\/pages\/2356?add-to-cart=563\" data-quantity=\"1\" class=\"button product_type_simple add_to_cart_button ajax_add_to_cart\" data-product_id=\"563\" data-product_sku=\"8718836440137\" aria-label=\"Ajouter au panier\u00a0: &ldquo;Oignons Frits&rdquo;\" rel=\"nofollow\" data-success_message=\"\u00ab\u00a0Oignons Frits\u00a0\u00bb a \u00e9t\u00e9 ajout\u00e9 \u00e0 votre panier\" role=\"button\">Ajouter au panier<\/a><\/li>\n<li class=\"product type-product post-3497 status-publish last instock product_cat-autre product_cat-boulangerie product_cat-shoppen-fr has-post-thumbnail taxable shipping-taxable purchasable product-type-simple\">\n\t<a href=\"https:\/\/webshop.foodspecialties.eu\/fr\/produit\/%e2%9d%84%ef%b8%8f-veldts-creps-sans-gluten-5x-100-grammes\/\" class=\"woocommerce-LoopProduct-link woocommerce-loop-product__link\"><img loading=\"lazy\" decoding=\"async\" width=\"300\" height=\"300\" src=\"https:\/\/webshop.foodspecialties.eu\/wp-content\/uploads\/2023\/11\/Naturel_pannenkoek_stapel.original-300x300.jpg\" class=\"attachment-woocommerce_thumbnail size-woocommerce_thumbnail\" alt=\"Veldt&#039;s Glutenvrije pannenkoeken \" srcset=\"https:\/\/webshop.foodspecialties.eu\/wp-content\/uploads\/2023\/11\/Naturel_pannenkoek_stapel.original-300x300.jpg 300w, https:\/\/webshop.foodspecialties.eu\/wp-content\/uploads\/2023\/11\/Naturel_pannenkoek_stapel.original-150x150.jpg 150w, https:\/\/webshop.foodspecialties.eu\/wp-content\/uploads\/2023\/11\/Naturel_pannenkoek_stapel.original-100x100.jpg 100w\" sizes=\"auto, (max-width: 300px) 100vw, 300px\" \/><h2 class=\"woocommerce-loop-product__title\">&#x2744;&#xfe0f; Veldt&rsquo;s Cr\u00eapes sans gluten | 5x 100 grammes<\/h2>\n\t<span class=\"price\"><span class=\"woocommerce-Price-amount amount\"><bdi><span class=\"woocommerce-Price-currencySymbol\">&euro;<\/span>7,43<\/bdi><\/span><\/span>\n<\/a><a href=\"\/fr\/wp-json\/wp\/v2\/pages\/2356?add-to-cart=3497\" data-quantity=\"1\" class=\"button product_type_simple add_to_cart_button ajax_add_to_cart\" data-product_id=\"3497\" data-product_sku=\"\" aria-label=\"Ajouter au panier\u00a0: &ldquo;&#x2744;&#xfe0f; Veldt&#039;s Cr\u00eapes sans gluten | 5x 100 grammes&rdquo;\" rel=\"nofollow\" data-success_message=\"\u00ab\u00a0&#x2744;&#xfe0f; Veldt&#039;s Cr\u00eapes sans gluten | 5x 100 grammes\u00a0\u00bb a \u00e9t\u00e9 ajout\u00e9 \u00e0 votre panier\" role=\"button\">Ajouter au panier<\/a><\/li>\n<li class=\"product type-product post-1772 status-publish first instock product_cat-autre product_cat-boulangerie product_cat-shoppen-fr has-post-thumbnail taxable shipping-taxable purchasable product-type-simple\">\n\t<a href=\"https:\/\/webshop.foodspecialties.eu\/fr\/produit\/veldts-mini-crepes-hollandaises-sans-gluten-138-gram\/\" class=\"woocommerce-LoopProduct-link woocommerce-loop-product__link\"><img loading=\"lazy\" decoding=\"async\" width=\"300\" height=\"300\" src=\"https:\/\/webshop.foodspecialties.eu\/wp-content\/uploads\/2021\/01\/Glutenvrij-Poffertjes-bord-570kb-300x300.jpg\" class=\"attachment-woocommerce_thumbnail size-woocommerce_thumbnail\" alt=\"&#x2744;&#xfe0f; Veldt&#039;s Mini cr\u00eapes hollandaises sans gluten (138 gram)\" srcset=\"https:\/\/webshop.foodspecialties.eu\/wp-content\/uploads\/2021\/01\/Glutenvrij-Poffertjes-bord-570kb-300x300.jpg 300w, https:\/\/webshop.foodspecialties.eu\/wp-content\/uploads\/2021\/01\/Glutenvrij-Poffertjes-bord-570kb-150x150.jpg 150w, https:\/\/webshop.foodspecialties.eu\/wp-content\/uploads\/2021\/01\/Glutenvrij-Poffertjes-bord-570kb-100x100.jpg 100w\" sizes=\"auto, (max-width: 300px) 100vw, 300px\" \/><h2 class=\"woocommerce-loop-product__title\">&#x2744;&#xfe0f; Veldt&rsquo;s Mini cr\u00eapes hollandaises sans gluten (138 gram)<\/h2>\n\t<span class=\"price\"><span class=\"woocommerce-Price-amount amount\"><bdi><span class=\"woocommerce-Price-currencySymbol\">&euro;<\/span>2,86<\/bdi><\/span><\/span>\n<\/a><a href=\"\/fr\/wp-json\/wp\/v2\/pages\/2356?add-to-cart=1772\" data-quantity=\"1\" class=\"button product_type_simple add_to_cart_button ajax_add_to_cart\" data-product_id=\"1772\" data-product_sku=\"\" aria-label=\"Ajouter au panier\u00a0: &ldquo;&#x2744;&#xfe0f; Veldt&#039;s Mini cr\u00eapes hollandaises sans gluten (138 gram)&rdquo;\" rel=\"nofollow\" data-success_message=\"\u00ab\u00a0&#x2744;&#xfe0f; Veldt&#039;s Mini cr\u00eapes hollandaises sans gluten (138 gram)\u00a0\u00bb a \u00e9t\u00e9 ajout\u00e9 \u00e0 votre panier\" role=\"button\">Ajouter au panier<\/a><\/li>\n<\/ul>\n<\/div>\n","protected":false},"excerpt":{"rendered":"","protected":false},"author":1,"featured_media":0,"parent":0,"menu_order":0,"comment_status":"closed","ping_status":"closed","template":"","meta":{"_acf_changed":false,"footnotes":""},"class_list":["post-2356","page","type-page","status-publish","hentry"],"acf":[],"yoast_head":"<!-- This site is optimized with the Yoast SEO plugin v27.2 - https:\/\/yoast.com\/product\/yoast-seo-wordpress\/ -->\n<title>Autre | Food Specialties<\/title>\n<meta name=\"robots\" content=\"index, follow, max-snippet:-1, max-image-preview:large, max-video-preview:-1\" \/>\n<link rel=\"canonical\" href=\"https:\/\/webshop.foodspecialties.eu\/fr\/autre\/\" \/>\n<meta property=\"og:locale\" content=\"fr_FR\" \/>\n<meta property=\"og:type\" content=\"article\" \/>\n<meta property=\"og:title\" content=\"Autre | Food Specialties\" \/>\n<meta property=\"og:url\" content=\"https:\/\/webshop.foodspecialties.eu\/fr\/autre\/\" \/>\n<meta property=\"og:site_name\" content=\"Food Specialties\" \/>\n<meta property=\"article:modified_time\" content=\"2023-03-30T09:38:41+00:00\" \/>\n<meta name=\"twitter:card\" content=\"summary_large_image\" \/>\n<meta name=\"twitter:label1\" content=\"Dur\u00e9e de lecture estim\u00e9e\" \/>\n\t<meta name=\"twitter:data1\" content=\"1 minute\" \/>\n<script type=\"application\/ld+json\" class=\"yoast-schema-graph\">{\"@context\":\"https:\/\/schema.org\",\"@graph\":[{\"@type\":\"WebPage\",\"@id\":\"https:\/\/webshop.foodspecialties.eu\/fr\/autre\/\",\"url\":\"https:\/\/webshop.foodspecialties.eu\/fr\/autre\/\",\"name\":\"Autre | Food Specialties\",\"isPartOf\":{\"@id\":\"https:\/\/webshop.foodspecialties.eu\/fr\/#website\"},\"datePublished\":\"2023-03-03T19:26:34+00:00\",\"dateModified\":\"2023-03-30T09:38:41+00:00\",\"breadcrumb\":{\"@id\":\"https:\/\/webshop.foodspecialties.eu\/fr\/autre\/#breadcrumb\"},\"inLanguage\":\"fr-FR\",\"potentialAction\":[{\"@type\":\"ReadAction\",\"target\":[\"https:\/\/webshop.foodspecialties.eu\/fr\/autre\/\"]}]},{\"@type\":\"BreadcrumbList\",\"@id\":\"https:\/\/webshop.foodspecialties.eu\/fr\/autre\/#breadcrumb\",\"itemListElement\":[{\"@type\":\"ListItem\",\"position\":1,\"name\":\"Home\",\"item\":\"https:\/\/webshop.foodspecialties.eu\/fr\/\"},{\"@type\":\"ListItem\",\"position\":2,\"name\":\"Autre\"}]},{\"@type\":\"WebSite\",\"@id\":\"https:\/\/webshop.foodspecialties.eu\/fr\/#website\",\"url\":\"https:\/\/webshop.foodspecialties.eu\/fr\/\",\"name\":\"Food Specialties\",\"description\":\"Food Specialties - Webshop | Glutenvrij | Vegan\",\"potentialAction\":[{\"@type\":\"SearchAction\",\"target\":{\"@type\":\"EntryPoint\",\"urlTemplate\":\"https:\/\/webshop.foodspecialties.eu\/fr\/?s={search_term_string}\"},\"query-input\":{\"@type\":\"PropertyValueSpecification\",\"valueRequired\":true,\"valueName\":\"search_term_string\"}}],\"inLanguage\":\"fr-FR\"}]}<\/script>\n<!-- \/ Yoast SEO plugin. -->","yoast_head_json":{"title":"Autre | Food Specialties","robots":{"index":"index","follow":"follow","max-snippet":"max-snippet:-1","max-image-preview":"max-image-preview:large","max-video-preview":"max-video-preview:-1"},"canonical":"https:\/\/webshop.foodspecialties.eu\/fr\/autre\/","og_locale":"fr_FR","og_type":"article","og_title":"Autre | Food Specialties","og_url":"https:\/\/webshop.foodspecialties.eu\/fr\/autre\/","og_site_name":"Food Specialties","article_modified_time":"2023-03-30T09:38:41+00:00","twitter_card":"summary_large_image","twitter_misc":{"Dur\u00e9e de lecture estim\u00e9e":"1 minute"},"schema":{"@context":"https:\/\/schema.org","@graph":[{"@type":"WebPage","@id":"https:\/\/webshop.foodspecialties.eu\/fr\/autre\/","url":"https:\/\/webshop.foodspecialties.eu\/fr\/autre\/","name":"Autre | Food Specialties","isPartOf":{"@id":"https:\/\/webshop.foodspecialties.eu\/fr\/#website"},"datePublished":"2023-03-03T19:26:34+00:00","dateModified":"2023-03-30T09:38:41+00:00","breadcrumb":{"@id":"https:\/\/webshop.foodspecialties.eu\/fr\/autre\/#breadcrumb"},"inLanguage":"fr-FR","potentialAction":[{"@type":"ReadAction","target":["https:\/\/webshop.foodspecialties.eu\/fr\/autre\/"]}]},{"@type":"BreadcrumbList","@id":"https:\/\/webshop.foodspecialties.eu\/fr\/autre\/#breadcrumb","itemListElement":[{"@type":"ListItem","position":1,"name":"Home","item":"https:\/\/webshop.foodspecialties.eu\/fr\/"},{"@type":"ListItem","position":2,"name":"Autre"}]},{"@type":"WebSite","@id":"https:\/\/webshop.foodspecialties.eu\/fr\/#website","url":"https:\/\/webshop.foodspecialties.eu\/fr\/","name":"Food Specialties","description":"Food Specialties - Webshop | Glutenvrij | Vegan","potentialAction":[{"@type":"SearchAction","target":{"@type":"EntryPoint","urlTemplate":"https:\/\/webshop.foodspecialties.eu\/fr\/?s={search_term_string}"},"query-input":{"@type":"PropertyValueSpecification","valueRequired":true,"valueName":"search_term_string"}}],"inLanguage":"fr-FR"}]}},"_links":{"self":[{"href":"https:\/\/webshop.foodspecialties.eu\/fr\/wp-json\/wp\/v2\/pages\/2356","targetHints":{"allow":["GET"]}}],"collection":[{"href":"https:\/\/webshop.foodspecialties.eu\/fr\/wp-json\/wp\/v2\/pages"}],"about":[{"href":"https:\/\/webshop.foodspecialties.eu\/fr\/wp-json\/wp\/v2\/types\/page"}],"author":[{"embeddable":true,"href":"https:\/\/webshop.foodspecialties.eu\/fr\/wp-json\/wp\/v2\/users\/1"}],"replies":[{"embeddable":true,"href":"https:\/\/webshop.foodspecialties.eu\/fr\/wp-json\/wp\/v2\/comments?post=2356"}],"version-history":[{"count":2,"href":"https:\/\/webshop.foodspecialties.eu\/fr\/wp-json\/wp\/v2\/pages\/2356\/revisions"}],"predecessor-version":[{"id":2400,"href":"https:\/\/webshop.foodspecialties.eu\/fr\/wp-json\/wp\/v2\/pages\/2356\/revisions\/2400"}],"wp:attachment":[{"href":"https:\/\/webshop.foodspecialties.eu\/fr\/wp-json\/wp\/v2\/media?parent=2356"}],"curies":[{"name":"wp","href":"https:\/\/api.w.org\/{rel}","templated":true}]}}