{"id":3429,"date":"2024-10-03T13:36:16","date_gmt":"2024-10-03T11:36:16","guid":{"rendered":"https:\/\/webshop.foodspecialties.eu\/sale\/"},"modified":"2024-10-03T15:47:10","modified_gmt":"2024-10-03T13:47:10","slug":"offres","status":"publish","type":"page","link":"https:\/\/webshop.foodspecialties.eu\/fr\/offres\/","title":{"rendered":"Offres"},"content":{"rendered":"<div class=\"woocommerce columns-4 \"><ul class=\"products columns-4\">\n<li class=\"product type-product post-2999 status-publish first instock product_cat-fs-produits product_cat-offres has-post-thumbnail sale taxable shipping-taxable purchasable product-type-simple\">\n\t<a href=\"https:\/\/webshop.foodspecialties.eu\/fr\/produit\/tweedekansjes-appelflap\/\" class=\"woocommerce-LoopProduct-link woocommerce-loop-product__link\">\n\t<span class=\"onsale\">Promo\u00a0!<\/span>\n<img loading=\"lazy\" decoding=\"async\" width=\"300\" height=\"300\" src=\"https:\/\/webshop.foodspecialties.eu\/wp-content\/uploads\/2024\/06\/NOMM-TWEEDEKANSJES-Appelflappen-300x300.png\" class=\"attachment-woocommerce_thumbnail size-woocommerce_thumbnail\" alt=\"Tweedekansjes Appelflappen - glutenvrij gebak\" srcset=\"https:\/\/webshop.foodspecialties.eu\/wp-content\/uploads\/2024\/06\/NOMM-TWEEDEKANSJES-Appelflappen-300x300.png 300w, https:\/\/webshop.foodspecialties.eu\/wp-content\/uploads\/2024\/06\/NOMM-TWEEDEKANSJES-Appelflappen-1024x1024.png 1024w, https:\/\/webshop.foodspecialties.eu\/wp-content\/uploads\/2024\/06\/NOMM-TWEEDEKANSJES-Appelflappen-150x150.png 150w, https:\/\/webshop.foodspecialties.eu\/wp-content\/uploads\/2024\/06\/NOMM-TWEEDEKANSJES-Appelflappen-768x768.png 768w, https:\/\/webshop.foodspecialties.eu\/wp-content\/uploads\/2024\/06\/NOMM-TWEEDEKANSJES-Appelflappen-600x600.png 600w, https:\/\/webshop.foodspecialties.eu\/wp-content\/uploads\/2024\/06\/NOMM-TWEEDEKANSJES-Appelflappen-100x100.png 100w, https:\/\/webshop.foodspecialties.eu\/wp-content\/uploads\/2024\/06\/NOMM-TWEEDEKANSJES-Appelflappen.png 1080w\" sizes=\"auto, (max-width: 300px) 100vw, 300px\" \/><h2 class=\"woocommerce-loop-product__title\">&#x2744;&#xfe0f; Deuxi\u00e8me chance &#8211; Chausson aux pommes<\/h2>\n\t<span class=\"price\"><del aria-hidden=\"true\"><span class=\"woocommerce-Price-amount amount\"><bdi><span class=\"woocommerce-Price-currencySymbol\">&euro;<\/span>4,91<\/bdi><\/span><\/del> <span class=\"screen-reader-text\">Le prix initial \u00e9tait\u00a0: &euro;4,91.<\/span><ins aria-hidden=\"true\"><span class=\"woocommerce-Price-amount amount\"><bdi><span class=\"woocommerce-Price-currencySymbol\">&euro;<\/span>2,48<\/bdi><\/span><\/ins><span class=\"screen-reader-text\">Le prix actuel est\u00a0: &euro;2,48.<\/span><\/span>\n<\/a><a href=\"\/fr\/wp-json\/wp\/v2\/pages\/3429?add-to-cart=2999\" data-quantity=\"1\" class=\"button product_type_simple add_to_cart_button ajax_add_to_cart\" data-product_id=\"2999\" data-product_sku=\"\" aria-label=\"Ajouter au panier\u00a0: &ldquo;&#x2744;&#xfe0f; Deuxi\u00e8me chance - Chausson aux pommes&rdquo;\" rel=\"nofollow\" data-success_message=\"\u00ab\u00a0&#x2744;&#xfe0f; Deuxi\u00e8me chance - Chausson aux pommes\u00a0\u00bb a \u00e9t\u00e9 ajout\u00e9 \u00e0 votre panier\" role=\"button\">Ajouter au panier<\/a><\/li>\n<li class=\"product type-product post-2995 status-publish instock product_cat-fs-produits product_cat-offres has-post-thumbnail sale taxable shipping-taxable purchasable product-type-simple\">\n\t<a href=\"https:\/\/webshop.foodspecialties.eu\/fr\/produit\/tweedekansjes-rundvlees-kroket\/\" class=\"woocommerce-LoopProduct-link woocommerce-loop-product__link\">\n\t<span class=\"onsale\">Promo\u00a0!<\/span>\n<img loading=\"lazy\" decoding=\"async\" width=\"300\" height=\"300\" src=\"https:\/\/webshop.foodspecialties.eu\/wp-content\/uploads\/2024\/06\/NOMM-TWEEDEKANSJES-rundvlees-kroket-2-300x300.png\" class=\"attachment-woocommerce_thumbnail size-woocommerce_thumbnail\" alt=\"NOMM&#039;it  Glutenvrije kroket aanbieding - tweedekans\" srcset=\"https:\/\/webshop.foodspecialties.eu\/wp-content\/uploads\/2024\/06\/NOMM-TWEEDEKANSJES-rundvlees-kroket-2-300x300.png 300w, https:\/\/webshop.foodspecialties.eu\/wp-content\/uploads\/2024\/06\/NOMM-TWEEDEKANSJES-rundvlees-kroket-2-1024x1024.png 1024w, https:\/\/webshop.foodspecialties.eu\/wp-content\/uploads\/2024\/06\/NOMM-TWEEDEKANSJES-rundvlees-kroket-2-150x150.png 150w, https:\/\/webshop.foodspecialties.eu\/wp-content\/uploads\/2024\/06\/NOMM-TWEEDEKANSJES-rundvlees-kroket-2-768x768.png 768w, https:\/\/webshop.foodspecialties.eu\/wp-content\/uploads\/2024\/06\/NOMM-TWEEDEKANSJES-rundvlees-kroket-2-600x600.png 600w, https:\/\/webshop.foodspecialties.eu\/wp-content\/uploads\/2024\/06\/NOMM-TWEEDEKANSJES-rundvlees-kroket-2-100x100.png 100w, https:\/\/webshop.foodspecialties.eu\/wp-content\/uploads\/2024\/06\/NOMM-TWEEDEKANSJES-rundvlees-kroket-2.png 1080w\" sizes=\"auto, (max-width: 300px) 100vw, 300px\" \/><h2 class=\"woocommerce-loop-product__title\">&#x2744;&#xfe0f; Deuxi\u00e8me chance &#8211; Croquettes de b\u0153uf<\/h2>\n\t<span class=\"price\"><del aria-hidden=\"true\"><span class=\"woocommerce-Price-amount amount\"><bdi><span class=\"woocommerce-Price-currencySymbol\">&euro;<\/span>6,40<\/bdi><\/span><\/del> <span class=\"screen-reader-text\">Le prix initial \u00e9tait\u00a0: &euro;6,40.<\/span><ins aria-hidden=\"true\"><span class=\"woocommerce-Price-amount amount\"><bdi><span class=\"woocommerce-Price-currencySymbol\">&euro;<\/span>3,20<\/bdi><\/span><\/ins><span class=\"screen-reader-text\">Le prix actuel est\u00a0: &euro;3,20.<\/span><\/span>\n<\/a><a href=\"\/fr\/wp-json\/wp\/v2\/pages\/3429?add-to-cart=2995\" data-quantity=\"1\" class=\"button product_type_simple add_to_cart_button ajax_add_to_cart\" data-product_id=\"2995\" data-product_sku=\"\" aria-label=\"Ajouter au panier\u00a0: &ldquo;&#x2744;&#xfe0f; Deuxi\u00e8me chance - Croquettes de b\u0153uf&rdquo;\" rel=\"nofollow\" data-success_message=\"\u00ab\u00a0&#x2744;&#xfe0f; Deuxi\u00e8me chance - Croquettes de b\u0153uf\u00a0\u00bb a \u00e9t\u00e9 ajout\u00e9 \u00e0 votre panier\" role=\"button\">Ajouter au panier<\/a><\/li>\n<li class=\"product type-product post-3457 status-publish outofstock product_cat-fs-produits product_cat-offres has-post-thumbnail sale taxable shipping-taxable purchasable product-type-simple\">\n\t<a href=\"https:\/\/webshop.foodspecialties.eu\/fr\/produit\/forfait-deuxieme-chance\/\" class=\"woocommerce-LoopProduct-link woocommerce-loop-product__link\">\n\t<span class=\"onsale\">Promo\u00a0!<\/span>\n<img loading=\"lazy\" decoding=\"async\" width=\"300\" height=\"300\" src=\"https:\/\/webshop.foodspecialties.eu\/wp-content\/uploads\/2024\/04\/VA-Foods-TWEEDEKANSJES-pakket-300x300.png\" class=\"attachment-woocommerce_thumbnail size-woocommerce_thumbnail\" alt=\"VA Foods TWEEDEKANSJES pakket NCV Glutenvrij festival Apeldoorn 25 mei 2024\" srcset=\"https:\/\/webshop.foodspecialties.eu\/wp-content\/uploads\/2024\/04\/VA-Foods-TWEEDEKANSJES-pakket-300x300.png 300w, https:\/\/webshop.foodspecialties.eu\/wp-content\/uploads\/2024\/04\/VA-Foods-TWEEDEKANSJES-pakket-1024x1024.png 1024w, https:\/\/webshop.foodspecialties.eu\/wp-content\/uploads\/2024\/04\/VA-Foods-TWEEDEKANSJES-pakket-150x150.png 150w, https:\/\/webshop.foodspecialties.eu\/wp-content\/uploads\/2024\/04\/VA-Foods-TWEEDEKANSJES-pakket-768x768.png 768w, https:\/\/webshop.foodspecialties.eu\/wp-content\/uploads\/2024\/04\/VA-Foods-TWEEDEKANSJES-pakket-600x600.png 600w, https:\/\/webshop.foodspecialties.eu\/wp-content\/uploads\/2024\/04\/VA-Foods-TWEEDEKANSJES-pakket-100x100.png 100w, https:\/\/webshop.foodspecialties.eu\/wp-content\/uploads\/2024\/04\/VA-Foods-TWEEDEKANSJES-pakket-60x60.png 60w, https:\/\/webshop.foodspecialties.eu\/wp-content\/uploads\/2024\/04\/VA-Foods-TWEEDEKANSJES-pakket-90x90.png 90w, https:\/\/webshop.foodspecialties.eu\/wp-content\/uploads\/2024\/04\/VA-Foods-TWEEDEKANSJES-pakket.png 1080w\" sizes=\"auto, (max-width: 300px) 100vw, 300px\" \/><h2 class=\"woocommerce-loop-product__title\">&#x2744;&#xfe0f; Forfait deuxi\u00e8me chance<\/h2>\n\t<span class=\"price\"><del aria-hidden=\"true\"><span class=\"woocommerce-Price-amount amount\"><bdi><span class=\"woocommerce-Price-currencySymbol\">&euro;<\/span>15,15<\/bdi><\/span><\/del> <span class=\"screen-reader-text\">Le prix initial \u00e9tait\u00a0: &euro;15,15.<\/span><ins aria-hidden=\"true\"><span class=\"woocommerce-Price-amount amount\"><bdi><span class=\"woocommerce-Price-currencySymbol\">&euro;<\/span>7,58<\/bdi><\/span><\/ins><span class=\"screen-reader-text\">Le prix actuel est\u00a0: &euro;7,58.<\/span><\/span>\n<\/a><a href=\"https:\/\/webshop.foodspecialties.eu\/fr\/produit\/forfait-deuxieme-chance\/\" data-quantity=\"1\" class=\"button product_type_simple\" data-product_id=\"3457\" data-product_sku=\"\" aria-label=\"En savoir plus sur &ldquo;&#x2744;&#xfe0f; Forfait deuxi\u00e8me chance&rdquo;\" rel=\"nofollow\" data-success_message=\"\">Lire la suite<\/a><\/li>\n<li class=\"product type-product post-3338 status-publish last instock product_cat-autre product_cat-boulangerie product_cat-collations product_cat-offres product_cat-vegetalien has-post-thumbnail taxable shipping-taxable product-type-simple\">\n\t<a href=\"https:\/\/webshop.foodspecialties.eu\/fr\/produit\/plus-de-produits\/\" class=\"woocommerce-LoopProduct-link woocommerce-loop-product__link\"><img loading=\"lazy\" decoding=\"async\" width=\"300\" height=\"300\" src=\"https:\/\/webshop.foodspecialties.eu\/wp-content\/uploads\/2023\/04\/Meer-producten-FR-300x300.png\" class=\"attachment-woocommerce_thumbnail size-woocommerce_thumbnail\" alt=\"glutenvrije webshop VA Foods\" srcset=\"https:\/\/webshop.foodspecialties.eu\/wp-content\/uploads\/2023\/04\/Meer-producten-FR-300x300.png 300w, https:\/\/webshop.foodspecialties.eu\/wp-content\/uploads\/2023\/04\/Meer-producten-FR-1024x1024.png 1024w, https:\/\/webshop.foodspecialties.eu\/wp-content\/uploads\/2023\/04\/Meer-producten-FR-150x150.png 150w, https:\/\/webshop.foodspecialties.eu\/wp-content\/uploads\/2023\/04\/Meer-producten-FR-768x769.png 768w, https:\/\/webshop.foodspecialties.eu\/wp-content\/uploads\/2023\/04\/Meer-producten-FR-1536x1536.png 1536w, https:\/\/webshop.foodspecialties.eu\/wp-content\/uploads\/2023\/04\/Meer-producten-FR-2046x2048.png 2046w, https:\/\/webshop.foodspecialties.eu\/wp-content\/uploads\/2023\/04\/Meer-producten-FR-600x601.png 600w, https:\/\/webshop.foodspecialties.eu\/wp-content\/uploads\/2023\/04\/Meer-producten-FR-100x100.png 100w, https:\/\/webshop.foodspecialties.eu\/wp-content\/uploads\/2023\/04\/Meer-producten-FR-60x60.png 60w, https:\/\/webshop.foodspecialties.eu\/wp-content\/uploads\/2023\/04\/Meer-producten-FR-90x90.png 90w\" sizes=\"auto, (max-width: 300px) 100vw, 300px\" \/><h2 class=\"woocommerce-loop-product__title\">Plus de produits..<\/h2>\n<\/a><a href=\"https:\/\/webshop.foodspecialties.eu\/fr\/produit\/plus-de-produits\/\" data-quantity=\"1\" class=\"button product_type_simple\" data-product_id=\"3338\" data-product_sku=\"\" aria-label=\"En savoir plus sur &ldquo;Plus de produits..&rdquo;\" rel=\"nofollow\" data-success_message=\"\">Lire la suite<\/a><\/li>\n<li class=\"product type-product post-2961 status-publish first instock product_cat-fs-produits product_cat-offres has-post-thumbnail sale taxable shipping-taxable purchasable product-type-simple\">\n\t<a href=\"https:\/\/webshop.foodspecialties.eu\/fr\/produit\/tweedekansjes-cheeszero-souffle\/\" class=\"woocommerce-LoopProduct-link woocommerce-loop-product__link\">\n\t<span class=\"onsale\">Promo\u00a0!<\/span>\n<img loading=\"lazy\" decoding=\"async\" width=\"300\" height=\"300\" src=\"https:\/\/webshop.foodspecialties.eu\/wp-content\/uploads\/2024\/06\/VA-Foods-TWEEDEKANSJES-CH-S-300x300.png\" class=\"attachment-woocommerce_thumbnail size-woocommerce_thumbnail\" alt=\"VA Foods glutenvrij Cheeszero souffl\u00e9\" srcset=\"https:\/\/webshop.foodspecialties.eu\/wp-content\/uploads\/2024\/06\/VA-Foods-TWEEDEKANSJES-CH-S-300x300.png 300w, https:\/\/webshop.foodspecialties.eu\/wp-content\/uploads\/2024\/06\/VA-Foods-TWEEDEKANSJES-CH-S-1024x1024.png 1024w, https:\/\/webshop.foodspecialties.eu\/wp-content\/uploads\/2024\/06\/VA-Foods-TWEEDEKANSJES-CH-S-150x150.png 150w, https:\/\/webshop.foodspecialties.eu\/wp-content\/uploads\/2024\/06\/VA-Foods-TWEEDEKANSJES-CH-S-768x768.png 768w, https:\/\/webshop.foodspecialties.eu\/wp-content\/uploads\/2024\/06\/VA-Foods-TWEEDEKANSJES-CH-S-600x600.png 600w, https:\/\/webshop.foodspecialties.eu\/wp-content\/uploads\/2024\/06\/VA-Foods-TWEEDEKANSJES-CH-S-100x100.png 100w, https:\/\/webshop.foodspecialties.eu\/wp-content\/uploads\/2024\/06\/VA-Foods-TWEEDEKANSJES-CH-S-60x60.png 60w, https:\/\/webshop.foodspecialties.eu\/wp-content\/uploads\/2024\/06\/VA-Foods-TWEEDEKANSJES-CH-S-90x90.png 90w, https:\/\/webshop.foodspecialties.eu\/wp-content\/uploads\/2024\/06\/VA-Foods-TWEEDEKANSJES-CH-S.png 1080w\" sizes=\"auto, (max-width: 300px) 100vw, 300px\" \/><h2 class=\"woocommerce-loop-product__title\">&#x2744;&#xfe0f; Deuxi\u00e8me chance &#8211; Cheeszero Souffl\u00e9<\/h2>\n\t<span class=\"price\"><del aria-hidden=\"true\"><span class=\"woocommerce-Price-amount amount\"><bdi><span class=\"woocommerce-Price-currencySymbol\">&euro;<\/span>5,13<\/bdi><\/span><\/del> <span class=\"screen-reader-text\">Le prix initial \u00e9tait\u00a0: &euro;5,13.<\/span><ins aria-hidden=\"true\"><span class=\"woocommerce-Price-amount amount\"><bdi><span class=\"woocommerce-Price-currencySymbol\">&euro;<\/span>2,57<\/bdi><\/span><\/ins><span class=\"screen-reader-text\">Le prix actuel est\u00a0: &euro;2,57.<\/span><\/span>\n<\/a><a href=\"\/fr\/wp-json\/wp\/v2\/pages\/3429?add-to-cart=2961\" data-quantity=\"1\" class=\"button product_type_simple add_to_cart_button ajax_add_to_cart\" data-product_id=\"2961\" data-product_sku=\"\" aria-label=\"Ajouter au panier\u00a0: &ldquo;&#x2744;&#xfe0f; Deuxi\u00e8me chance - Cheeszero Souffl\u00e9&rdquo;\" rel=\"nofollow\" data-success_message=\"\u00ab\u00a0&#x2744;&#xfe0f; Deuxi\u00e8me chance - Cheeszero Souffl\u00e9\u00a0\u00bb a \u00e9t\u00e9 ajout\u00e9 \u00e0 votre panier\" role=\"button\">Ajouter au panier<\/a><\/li>\n<li class=\"product type-product post-3455 status-publish instock product_cat-fs-produits product_cat-offres has-post-thumbnail sale taxable shipping-taxable purchasable product-type-simple\">\n\t<a href=\"https:\/\/webshop.foodspecialties.eu\/fr\/produit\/deuxieme-chance-tranches-de-bami-nouilles\/\" class=\"woocommerce-LoopProduct-link woocommerce-loop-product__link\">\n\t<span class=\"onsale\">Promo\u00a0!<\/span>\n<img loading=\"lazy\" decoding=\"async\" width=\"300\" height=\"300\" src=\"https:\/\/webshop.foodspecialties.eu\/wp-content\/uploads\/2024\/10\/VA-Foods-TWEEDEKANSJES-bami-300x300.png\" class=\"attachment-woocommerce_thumbnail size-woocommerce_thumbnail\" alt=\"va foods bamischijf glutenvrij aanbieding korting\" srcset=\"https:\/\/webshop.foodspecialties.eu\/wp-content\/uploads\/2024\/10\/VA-Foods-TWEEDEKANSJES-bami-300x300.png 300w, https:\/\/webshop.foodspecialties.eu\/wp-content\/uploads\/2024\/10\/VA-Foods-TWEEDEKANSJES-bami-1024x1024.png 1024w, https:\/\/webshop.foodspecialties.eu\/wp-content\/uploads\/2024\/10\/VA-Foods-TWEEDEKANSJES-bami-150x150.png 150w, https:\/\/webshop.foodspecialties.eu\/wp-content\/uploads\/2024\/10\/VA-Foods-TWEEDEKANSJES-bami-768x768.png 768w, https:\/\/webshop.foodspecialties.eu\/wp-content\/uploads\/2024\/10\/VA-Foods-TWEEDEKANSJES-bami-600x600.png 600w, https:\/\/webshop.foodspecialties.eu\/wp-content\/uploads\/2024\/10\/VA-Foods-TWEEDEKANSJES-bami-100x100.png 100w, https:\/\/webshop.foodspecialties.eu\/wp-content\/uploads\/2024\/10\/VA-Foods-TWEEDEKANSJES-bami-60x60.png 60w, https:\/\/webshop.foodspecialties.eu\/wp-content\/uploads\/2024\/10\/VA-Foods-TWEEDEKANSJES-bami-90x90.png 90w, https:\/\/webshop.foodspecialties.eu\/wp-content\/uploads\/2024\/10\/VA-Foods-TWEEDEKANSJES-bami.png 1080w\" sizes=\"auto, (max-width: 300px) 100vw, 300px\" \/><h2 class=\"woocommerce-loop-product__title\">&#x2744;&#xfe0f; Deuxi\u00e8me chance &#8211; Tranches de bami (nouilles)<\/h2>\n\t<span class=\"price\"><del aria-hidden=\"true\"><span class=\"woocommerce-Price-amount amount\"><bdi><span class=\"woocommerce-Price-currencySymbol\">&euro;<\/span>6,87<\/bdi><\/span><\/del> <span class=\"screen-reader-text\">Le prix initial \u00e9tait\u00a0: &euro;6,87.<\/span><ins aria-hidden=\"true\"><span class=\"woocommerce-Price-amount amount\"><bdi><span class=\"woocommerce-Price-currencySymbol\">&euro;<\/span>3,53<\/bdi><\/span><\/ins><span class=\"screen-reader-text\">Le prix actuel est\u00a0: &euro;3,53.<\/span><\/span>\n<\/a><a href=\"\/fr\/wp-json\/wp\/v2\/pages\/3429?add-to-cart=3455\" data-quantity=\"1\" class=\"button product_type_simple add_to_cart_button ajax_add_to_cart\" data-product_id=\"3455\" data-product_sku=\"\" aria-label=\"Ajouter au panier\u00a0: &ldquo;&#x2744;&#xfe0f; Deuxi\u00e8me chance - Tranches de bami (nouilles)&rdquo;\" rel=\"nofollow\" data-success_message=\"\u00ab\u00a0&#x2744;&#xfe0f; Deuxi\u00e8me chance - Tranches de bami (nouilles)\u00a0\u00bb a \u00e9t\u00e9 ajout\u00e9 \u00e0 votre panier\" role=\"button\">Ajouter au panier<\/a><\/li>\n<li class=\"product type-product post-3018 status-publish instock product_cat-fs-produits product_cat-offres has-post-thumbnail sale taxable shipping-taxable purchasable product-type-simple\">\n\t<a href=\"https:\/\/webshop.foodspecialties.eu\/fr\/produit\/deuxieme-chance-cheeszero-souffle-kopie\/\" class=\"woocommerce-LoopProduct-link woocommerce-loop-product__link\">\n\t<span class=\"onsale\">Promo\u00a0!<\/span>\n<img loading=\"lazy\" decoding=\"async\" width=\"300\" height=\"300\" src=\"https:\/\/webshop.foodspecialties.eu\/wp-content\/uploads\/2024\/07\/VA-Foods-TWEEDEKANSJES-pasteibakjes-300x300.png\" class=\"attachment-woocommerce_thumbnail size-woocommerce_thumbnail\" alt=\"VA Foods Tweedekansjes  pasteibakjes glutenvrij met korting\" srcset=\"https:\/\/webshop.foodspecialties.eu\/wp-content\/uploads\/2024\/07\/VA-Foods-TWEEDEKANSJES-pasteibakjes-300x300.png 300w, https:\/\/webshop.foodspecialties.eu\/wp-content\/uploads\/2024\/07\/VA-Foods-TWEEDEKANSJES-pasteibakjes-1024x1024.png 1024w, https:\/\/webshop.foodspecialties.eu\/wp-content\/uploads\/2024\/07\/VA-Foods-TWEEDEKANSJES-pasteibakjes-150x150.png 150w, https:\/\/webshop.foodspecialties.eu\/wp-content\/uploads\/2024\/07\/VA-Foods-TWEEDEKANSJES-pasteibakjes-768x768.png 768w, https:\/\/webshop.foodspecialties.eu\/wp-content\/uploads\/2024\/07\/VA-Foods-TWEEDEKANSJES-pasteibakjes-600x600.png 600w, https:\/\/webshop.foodspecialties.eu\/wp-content\/uploads\/2024\/07\/VA-Foods-TWEEDEKANSJES-pasteibakjes-100x100.png 100w, https:\/\/webshop.foodspecialties.eu\/wp-content\/uploads\/2024\/07\/VA-Foods-TWEEDEKANSJES-pasteibakjes-60x60.png 60w, https:\/\/webshop.foodspecialties.eu\/wp-content\/uploads\/2024\/07\/VA-Foods-TWEEDEKANSJES-pasteibakjes-90x90.png 90w, https:\/\/webshop.foodspecialties.eu\/wp-content\/uploads\/2024\/07\/VA-Foods-TWEEDEKANSJES-pasteibakjes.png 1080w\" sizes=\"auto, (max-width: 300px) 100vw, 300px\" \/><h2 class=\"woocommerce-loop-product__title\">&#x2744;&#xfe0f; Deuxi\u00e8me chance &#8211; Vol-au-vent<\/h2>\n\t<span class=\"price\"><del aria-hidden=\"true\"><span class=\"woocommerce-Price-amount amount\"><bdi><span class=\"woocommerce-Price-currencySymbol\">&euro;<\/span>4,31<\/bdi><\/span><\/del> <span class=\"screen-reader-text\">Le prix initial \u00e9tait\u00a0: &euro;4,31.<\/span><ins aria-hidden=\"true\"><span class=\"woocommerce-Price-amount amount\"><bdi><span class=\"woocommerce-Price-currencySymbol\">&euro;<\/span>2,16<\/bdi><\/span><\/ins><span class=\"screen-reader-text\">Le prix actuel est\u00a0: &euro;2,16.<\/span><\/span>\n<\/a><a href=\"\/fr\/wp-json\/wp\/v2\/pages\/3429?add-to-cart=3018\" data-quantity=\"1\" class=\"button product_type_simple add_to_cart_button ajax_add_to_cart\" data-product_id=\"3018\" data-product_sku=\"\" aria-label=\"Ajouter au panier\u00a0: &ldquo;&#x2744;&#xfe0f; Deuxi\u00e8me chance - Vol-au-vent&rdquo;\" rel=\"nofollow\" data-success_message=\"\u00ab\u00a0&#x2744;&#xfe0f; Deuxi\u00e8me chance - Vol-au-vent\u00a0\u00bb a \u00e9t\u00e9 ajout\u00e9 \u00e0 votre panier\" role=\"button\">Ajouter au panier<\/a><\/li>\n<\/ul>\n<\/div>\n","protected":false},"excerpt":{"rendered":"","protected":false},"author":7,"featured_media":0,"parent":0,"menu_order":0,"comment_status":"closed","ping_status":"closed","template":"","meta":{"_acf_changed":false,"footnotes":""},"class_list":["post-3429","page","type-page","status-publish","hentry"],"acf":[],"yoast_head":"<!-- This site is optimized with the Yoast SEO plugin v27.2 - https:\/\/yoast.com\/product\/yoast-seo-wordpress\/ -->\n<title>Offres | Food Specialties<\/title>\n<meta name=\"robots\" content=\"index, follow, max-snippet:-1, max-image-preview:large, max-video-preview:-1\" \/>\n<link rel=\"canonical\" href=\"https:\/\/webshop.foodspecialties.eu\/fr\/offres\/\" \/>\n<meta property=\"og:locale\" content=\"fr_FR\" \/>\n<meta property=\"og:type\" content=\"article\" \/>\n<meta property=\"og:title\" content=\"Offres | Food Specialties\" \/>\n<meta property=\"og:url\" content=\"https:\/\/webshop.foodspecialties.eu\/fr\/offres\/\" \/>\n<meta property=\"og:site_name\" content=\"Food Specialties\" \/>\n<meta property=\"article:modified_time\" content=\"2024-10-03T13:47:10+00:00\" \/>\n<meta name=\"twitter:card\" content=\"summary_large_image\" \/>\n<meta name=\"twitter:label1\" content=\"Dur\u00e9e de lecture estim\u00e9e\" \/>\n\t<meta name=\"twitter:data1\" content=\"1 minute\" \/>\n<script type=\"application\/ld+json\" class=\"yoast-schema-graph\">{\"@context\":\"https:\/\/schema.org\",\"@graph\":[{\"@type\":\"WebPage\",\"@id\":\"https:\/\/webshop.foodspecialties.eu\/fr\/offres\/\",\"url\":\"https:\/\/webshop.foodspecialties.eu\/fr\/offres\/\",\"name\":\"Offres | Food Specialties\",\"isPartOf\":{\"@id\":\"https:\/\/webshop.foodspecialties.eu\/fr\/#website\"},\"datePublished\":\"2024-10-03T11:36:16+00:00\",\"dateModified\":\"2024-10-03T13:47:10+00:00\",\"breadcrumb\":{\"@id\":\"https:\/\/webshop.foodspecialties.eu\/fr\/offres\/#breadcrumb\"},\"inLanguage\":\"fr-FR\",\"potentialAction\":[{\"@type\":\"ReadAction\",\"target\":[\"https:\/\/webshop.foodspecialties.eu\/fr\/offres\/\"]}]},{\"@type\":\"BreadcrumbList\",\"@id\":\"https:\/\/webshop.foodspecialties.eu\/fr\/offres\/#breadcrumb\",\"itemListElement\":[{\"@type\":\"ListItem\",\"position\":1,\"name\":\"Home\",\"item\":\"https:\/\/webshop.foodspecialties.eu\/fr\/\"},{\"@type\":\"ListItem\",\"position\":2,\"name\":\"Offres\"}]},{\"@type\":\"WebSite\",\"@id\":\"https:\/\/webshop.foodspecialties.eu\/fr\/#website\",\"url\":\"https:\/\/webshop.foodspecialties.eu\/fr\/\",\"name\":\"Food Specialties\",\"description\":\"Food Specialties - Webshop | Glutenvrij | Vegan\",\"potentialAction\":[{\"@type\":\"SearchAction\",\"target\":{\"@type\":\"EntryPoint\",\"urlTemplate\":\"https:\/\/webshop.foodspecialties.eu\/fr\/?s={search_term_string}\"},\"query-input\":{\"@type\":\"PropertyValueSpecification\",\"valueRequired\":true,\"valueName\":\"search_term_string\"}}],\"inLanguage\":\"fr-FR\"}]}<\/script>\n<!-- \/ Yoast SEO plugin. -->","yoast_head_json":{"title":"Offres | Food Specialties","robots":{"index":"index","follow":"follow","max-snippet":"max-snippet:-1","max-image-preview":"max-image-preview:large","max-video-preview":"max-video-preview:-1"},"canonical":"https:\/\/webshop.foodspecialties.eu\/fr\/offres\/","og_locale":"fr_FR","og_type":"article","og_title":"Offres | Food Specialties","og_url":"https:\/\/webshop.foodspecialties.eu\/fr\/offres\/","og_site_name":"Food Specialties","article_modified_time":"2024-10-03T13:47:10+00:00","twitter_card":"summary_large_image","twitter_misc":{"Dur\u00e9e de lecture estim\u00e9e":"1 minute"},"schema":{"@context":"https:\/\/schema.org","@graph":[{"@type":"WebPage","@id":"https:\/\/webshop.foodspecialties.eu\/fr\/offres\/","url":"https:\/\/webshop.foodspecialties.eu\/fr\/offres\/","name":"Offres | Food Specialties","isPartOf":{"@id":"https:\/\/webshop.foodspecialties.eu\/fr\/#website"},"datePublished":"2024-10-03T11:36:16+00:00","dateModified":"2024-10-03T13:47:10+00:00","breadcrumb":{"@id":"https:\/\/webshop.foodspecialties.eu\/fr\/offres\/#breadcrumb"},"inLanguage":"fr-FR","potentialAction":[{"@type":"ReadAction","target":["https:\/\/webshop.foodspecialties.eu\/fr\/offres\/"]}]},{"@type":"BreadcrumbList","@id":"https:\/\/webshop.foodspecialties.eu\/fr\/offres\/#breadcrumb","itemListElement":[{"@type":"ListItem","position":1,"name":"Home","item":"https:\/\/webshop.foodspecialties.eu\/fr\/"},{"@type":"ListItem","position":2,"name":"Offres"}]},{"@type":"WebSite","@id":"https:\/\/webshop.foodspecialties.eu\/fr\/#website","url":"https:\/\/webshop.foodspecialties.eu\/fr\/","name":"Food Specialties","description":"Food Specialties - Webshop | Glutenvrij | Vegan","potentialAction":[{"@type":"SearchAction","target":{"@type":"EntryPoint","urlTemplate":"https:\/\/webshop.foodspecialties.eu\/fr\/?s={search_term_string}"},"query-input":{"@type":"PropertyValueSpecification","valueRequired":true,"valueName":"search_term_string"}}],"inLanguage":"fr-FR"}]}},"_links":{"self":[{"href":"https:\/\/webshop.foodspecialties.eu\/fr\/wp-json\/wp\/v2\/pages\/3429","targetHints":{"allow":["GET"]}}],"collection":[{"href":"https:\/\/webshop.foodspecialties.eu\/fr\/wp-json\/wp\/v2\/pages"}],"about":[{"href":"https:\/\/webshop.foodspecialties.eu\/fr\/wp-json\/wp\/v2\/types\/page"}],"author":[{"embeddable":true,"href":"https:\/\/webshop.foodspecialties.eu\/fr\/wp-json\/wp\/v2\/users\/7"}],"replies":[{"embeddable":true,"href":"https:\/\/webshop.foodspecialties.eu\/fr\/wp-json\/wp\/v2\/comments?post=3429"}],"version-history":[{"count":5,"href":"https:\/\/webshop.foodspecialties.eu\/fr\/wp-json\/wp\/v2\/pages\/3429\/revisions"}],"predecessor-version":[{"id":3450,"href":"https:\/\/webshop.foodspecialties.eu\/fr\/wp-json\/wp\/v2\/pages\/3429\/revisions\/3450"}],"wp:attachment":[{"href":"https:\/\/webshop.foodspecialties.eu\/fr\/wp-json\/wp\/v2\/media?parent=3429"}],"curies":[{"name":"wp","href":"https:\/\/api.w.org\/{rel}","templated":true}]}}