{"id":624,"date":"2019-01-14T14:03:38","date_gmt":"2019-01-14T14:03:38","guid":{"rendered":"http:\/\/webshop.foodspecialties.eu\/webshop-foodspecialties\/"},"modified":"2024-09-16T11:16:54","modified_gmt":"2024-09-16T09:16:54","slug":"a-propos-de-nous","status":"publish","type":"page","link":"https:\/\/webshop.foodspecialties.eu\/fr\/a-propos-de-nous\/","title":{"rendered":"\u00c0 propos de nous"},"content":{"rendered":"<p><img loading=\"lazy\" decoding=\"async\" class=\"alignright size-full wp-image-620\" src=\"https:\/\/webshop.foodspecialties.eu\/wp-content\/uploads\/2019\/04\/Food-Specialties-Famly-Tree.jpg\" alt=\"\" width=\"300\" height=\"300\" srcset=\"https:\/\/webshop.foodspecialties.eu\/wp-content\/uploads\/2019\/04\/Food-Specialties-Famly-Tree.jpg 300w, https:\/\/webshop.foodspecialties.eu\/wp-content\/uploads\/2019\/04\/Food-Specialties-Famly-Tree-150x150.jpg 150w, https:\/\/webshop.foodspecialties.eu\/wp-content\/uploads\/2019\/04\/Food-Specialties-Famly-Tree-100x100.jpg 100w\" sizes=\"auto, (max-width: 300px) 100vw, 300px\" \/><\/p>\n<h2><span style=\"color: #709302;\">Achetez sans gluten en ligne chez Food Specialties !<\/span><\/h2>\n<p>Food Specialties est une entreprise familiale relativement jeune fond\u00e9e en 2017 et anim\u00e9e par l&rsquo;amour de la nourriture. Tout a commenc\u00e9 avec la distribution des marques VA Foods et Norman&rsquo;s, mais la gamme s&rsquo;est aujourd&rsquo;hui \u00e9largie pour inclure diverses marques. L&rsquo;importation et l&rsquo;exportation sont prises en charge pour diff\u00e9rents partenaires commerciaux europ\u00e9ens. Les produits sont distribu\u00e9s aux magasins et aux \u00e9tablissements de restauration. Une fois toutes les deux semaines, l&rsquo;entrepreneur peut compter sur notre r\u00e9seau de distribution dense. Nous disposons \u00e9galement d&rsquo;une boutique en ligne priv\u00e9e pour r\u00e9pondre aux besoins des consommateurs qui souhaitent acheter en ligne des produits sans gluten.<\/p>\n<p>En plus de la distribution, Food Specialties d\u00e9veloppe et produit divers produits alimentaires, y compris des marques priv\u00e9es. Food Specialties est une entreprise familiale o\u00f9 la motivation personnelle est le moteur pour proposer des produits alternatifs uniques aux entrepreneurs. Les produits sont commercialis\u00e9s enti\u00e8rement sous notre propre gestion. R\u00e9sultat : des clients enthousiastes.<\/p>\n","protected":false},"excerpt":{"rendered":"<p>Hier komt de introtekst van de webshop voor Foodspecialties te staan.<\/p>\n","protected":false},"author":1,"featured_media":0,"parent":0,"menu_order":0,"comment_status":"closed","ping_status":"closed","template":"","meta":{"_acf_changed":false,"footnotes":""},"class_list":["post-624","page","type-page","status-publish","hentry"],"acf":[],"yoast_head":"<!-- This site is optimized with the Yoast SEO plugin v27.2 - https:\/\/yoast.com\/product\/yoast-seo-wordpress\/ -->\n<title>\u00c0 propos de nous | Food Specialties<\/title>\n<meta name=\"robots\" content=\"index, follow, max-snippet:-1, max-image-preview:large, max-video-preview:-1\" \/>\n<link rel=\"canonical\" href=\"https:\/\/webshop.foodspecialties.eu\/fr\/a-propos-de-nous\/\" \/>\n<meta property=\"og:locale\" content=\"fr_FR\" \/>\n<meta property=\"og:type\" content=\"article\" \/>\n<meta property=\"og:title\" content=\"\u00c0 propos de nous | Food Specialties\" \/>\n<meta property=\"og:description\" content=\"Hier komt de introtekst van de webshop voor Foodspecialties te staan.\" \/>\n<meta property=\"og:url\" content=\"https:\/\/webshop.foodspecialties.eu\/fr\/a-propos-de-nous\/\" \/>\n<meta property=\"og:site_name\" content=\"Food Specialties\" \/>\n<meta property=\"article:modified_time\" content=\"2024-09-16T09:16:54+00:00\" \/>\n<meta property=\"og:image\" content=\"https:\/\/webshop.foodspecialties.eu\/wp-content\/uploads\/2019\/04\/Food-Specialties-Famly-Tree.jpg\" \/>\n<meta name=\"twitter:card\" content=\"summary_large_image\" \/>\n<meta name=\"twitter:label1\" content=\"Dur\u00e9e de lecture estim\u00e9e\" \/>\n\t<meta name=\"twitter:data1\" content=\"1 minute\" \/>\n<script type=\"application\/ld+json\" class=\"yoast-schema-graph\">{\"@context\":\"https:\/\/schema.org\",\"@graph\":[{\"@type\":\"WebPage\",\"@id\":\"https:\/\/webshop.foodspecialties.eu\/fr\/a-propos-de-nous\/\",\"url\":\"https:\/\/webshop.foodspecialties.eu\/fr\/a-propos-de-nous\/\",\"name\":\"\u00c0 propos de nous | Food Specialties\",\"isPartOf\":{\"@id\":\"https:\/\/webshop.foodspecialties.eu\/fr\/#website\"},\"primaryImageOfPage\":{\"@id\":\"https:\/\/webshop.foodspecialties.eu\/fr\/a-propos-de-nous\/#primaryimage\"},\"image\":{\"@id\":\"https:\/\/webshop.foodspecialties.eu\/fr\/a-propos-de-nous\/#primaryimage\"},\"thumbnailUrl\":\"https:\/\/webshop.foodspecialties.eu\/wp-content\/uploads\/2019\/04\/Food-Specialties-Famly-Tree.jpg\",\"datePublished\":\"2019-01-14T14:03:38+00:00\",\"dateModified\":\"2024-09-16T09:16:54+00:00\",\"breadcrumb\":{\"@id\":\"https:\/\/webshop.foodspecialties.eu\/fr\/a-propos-de-nous\/#breadcrumb\"},\"inLanguage\":\"fr-FR\",\"potentialAction\":[{\"@type\":\"ReadAction\",\"target\":[\"https:\/\/webshop.foodspecialties.eu\/fr\/a-propos-de-nous\/\"]}]},{\"@type\":\"ImageObject\",\"inLanguage\":\"fr-FR\",\"@id\":\"https:\/\/webshop.foodspecialties.eu\/fr\/a-propos-de-nous\/#primaryimage\",\"url\":\"https:\/\/webshop.foodspecialties.eu\/wp-content\/uploads\/2019\/04\/Food-Specialties-Famly-Tree.jpg\",\"contentUrl\":\"https:\/\/webshop.foodspecialties.eu\/wp-content\/uploads\/2019\/04\/Food-Specialties-Famly-Tree.jpg\"},{\"@type\":\"BreadcrumbList\",\"@id\":\"https:\/\/webshop.foodspecialties.eu\/fr\/a-propos-de-nous\/#breadcrumb\",\"itemListElement\":[{\"@type\":\"ListItem\",\"position\":1,\"name\":\"Home\",\"item\":\"https:\/\/webshop.foodspecialties.eu\/fr\/\"},{\"@type\":\"ListItem\",\"position\":2,\"name\":\"\u00c0 propos de nous\"}]},{\"@type\":\"WebSite\",\"@id\":\"https:\/\/webshop.foodspecialties.eu\/fr\/#website\",\"url\":\"https:\/\/webshop.foodspecialties.eu\/fr\/\",\"name\":\"Food Specialties\",\"description\":\"Food Specialties - Webshop | Glutenvrij | Vegan\",\"potentialAction\":[{\"@type\":\"SearchAction\",\"target\":{\"@type\":\"EntryPoint\",\"urlTemplate\":\"https:\/\/webshop.foodspecialties.eu\/fr\/?s={search_term_string}\"},\"query-input\":{\"@type\":\"PropertyValueSpecification\",\"valueRequired\":true,\"valueName\":\"search_term_string\"}}],\"inLanguage\":\"fr-FR\"}]}<\/script>\n<!-- \/ Yoast SEO plugin. -->","yoast_head_json":{"title":"\u00c0 propos de nous | Food Specialties","robots":{"index":"index","follow":"follow","max-snippet":"max-snippet:-1","max-image-preview":"max-image-preview:large","max-video-preview":"max-video-preview:-1"},"canonical":"https:\/\/webshop.foodspecialties.eu\/fr\/a-propos-de-nous\/","og_locale":"fr_FR","og_type":"article","og_title":"\u00c0 propos de nous | Food Specialties","og_description":"Hier komt de introtekst van de webshop voor Foodspecialties te staan.","og_url":"https:\/\/webshop.foodspecialties.eu\/fr\/a-propos-de-nous\/","og_site_name":"Food Specialties","article_modified_time":"2024-09-16T09:16:54+00:00","og_image":[{"url":"https:\/\/webshop.foodspecialties.eu\/wp-content\/uploads\/2019\/04\/Food-Specialties-Famly-Tree.jpg","type":"","width":"","height":""}],"twitter_card":"summary_large_image","twitter_misc":{"Dur\u00e9e de lecture estim\u00e9e":"1 minute"},"schema":{"@context":"https:\/\/schema.org","@graph":[{"@type":"WebPage","@id":"https:\/\/webshop.foodspecialties.eu\/fr\/a-propos-de-nous\/","url":"https:\/\/webshop.foodspecialties.eu\/fr\/a-propos-de-nous\/","name":"\u00c0 propos de nous | Food Specialties","isPartOf":{"@id":"https:\/\/webshop.foodspecialties.eu\/fr\/#website"},"primaryImageOfPage":{"@id":"https:\/\/webshop.foodspecialties.eu\/fr\/a-propos-de-nous\/#primaryimage"},"image":{"@id":"https:\/\/webshop.foodspecialties.eu\/fr\/a-propos-de-nous\/#primaryimage"},"thumbnailUrl":"https:\/\/webshop.foodspecialties.eu\/wp-content\/uploads\/2019\/04\/Food-Specialties-Famly-Tree.jpg","datePublished":"2019-01-14T14:03:38+00:00","dateModified":"2024-09-16T09:16:54+00:00","breadcrumb":{"@id":"https:\/\/webshop.foodspecialties.eu\/fr\/a-propos-de-nous\/#breadcrumb"},"inLanguage":"fr-FR","potentialAction":[{"@type":"ReadAction","target":["https:\/\/webshop.foodspecialties.eu\/fr\/a-propos-de-nous\/"]}]},{"@type":"ImageObject","inLanguage":"fr-FR","@id":"https:\/\/webshop.foodspecialties.eu\/fr\/a-propos-de-nous\/#primaryimage","url":"https:\/\/webshop.foodspecialties.eu\/wp-content\/uploads\/2019\/04\/Food-Specialties-Famly-Tree.jpg","contentUrl":"https:\/\/webshop.foodspecialties.eu\/wp-content\/uploads\/2019\/04\/Food-Specialties-Famly-Tree.jpg"},{"@type":"BreadcrumbList","@id":"https:\/\/webshop.foodspecialties.eu\/fr\/a-propos-de-nous\/#breadcrumb","itemListElement":[{"@type":"ListItem","position":1,"name":"Home","item":"https:\/\/webshop.foodspecialties.eu\/fr\/"},{"@type":"ListItem","position":2,"name":"\u00c0 propos de nous"}]},{"@type":"WebSite","@id":"https:\/\/webshop.foodspecialties.eu\/fr\/#website","url":"https:\/\/webshop.foodspecialties.eu\/fr\/","name":"Food Specialties","description":"Food Specialties - Webshop | Glutenvrij | Vegan","potentialAction":[{"@type":"SearchAction","target":{"@type":"EntryPoint","urlTemplate":"https:\/\/webshop.foodspecialties.eu\/fr\/?s={search_term_string}"},"query-input":{"@type":"PropertyValueSpecification","valueRequired":true,"valueName":"search_term_string"}}],"inLanguage":"fr-FR"}]}},"_links":{"self":[{"href":"https:\/\/webshop.foodspecialties.eu\/fr\/wp-json\/wp\/v2\/pages\/624","targetHints":{"allow":["GET"]}}],"collection":[{"href":"https:\/\/webshop.foodspecialties.eu\/fr\/wp-json\/wp\/v2\/pages"}],"about":[{"href":"https:\/\/webshop.foodspecialties.eu\/fr\/wp-json\/wp\/v2\/types\/page"}],"author":[{"embeddable":true,"href":"https:\/\/webshop.foodspecialties.eu\/fr\/wp-json\/wp\/v2\/users\/1"}],"replies":[{"embeddable":true,"href":"https:\/\/webshop.foodspecialties.eu\/fr\/wp-json\/wp\/v2\/comments?post=624"}],"version-history":[{"count":2,"href":"https:\/\/webshop.foodspecialties.eu\/fr\/wp-json\/wp\/v2\/pages\/624\/revisions"}],"predecessor-version":[{"id":3200,"href":"https:\/\/webshop.foodspecialties.eu\/fr\/wp-json\/wp\/v2\/pages\/624\/revisions\/3200"}],"wp:attachment":[{"href":"https:\/\/webshop.foodspecialties.eu\/fr\/wp-json\/wp\/v2\/media?parent=624"}],"curies":[{"name":"wp","href":"https:\/\/api.w.org\/{rel}","templated":true}]}}