{"id":676,"date":"2019-04-17T13:15:55","date_gmt":"2019-04-17T13:15:55","guid":{"rendered":"http:\/\/webshop.foodspecialties.eu\/?page_id=676"},"modified":"2019-04-17T13:15:55","modified_gmt":"2019-04-17T13:15:55","slug":"desistement","status":"publish","type":"page","link":"https:\/\/webshop.foodspecialties.eu\/fr\/desistement\/","title":{"rendered":"D\u00e9sistement"},"content":{"rendered":"<p>Disclaimer Cela inclut la Politique de confidentialit\u00e9 et Politique de cookies, se applique \u00e0 l\u2019utilisation de tous les sites Web Food Specialties, y compris le contenu, les fonctionnalit\u00e9s et les services offerts sur les sites Web.<\/p>\n<p>D\u00e9ni de responsabilit\u00e9, la gestion et la politique attentivement avant d\u2019utiliser les sites Web de Food Specialties. En utilisant le site Food Specialties que vous acceptez les Conditions d\u2019utilisation, la politique et acceptez de les respecter.<\/p>\n<p>Les Conditions, la gestion et la politique sont parfois modifi\u00e9es par Food Specialties. Alors, lisez r\u00e9guli\u00e8rement pour se tenir au courant des changements. Une fois que vous utilisez le site vous d\u2019accord avec la version la plus r\u00e9cente des Conditions, la politique et la politique.<\/p>\n<h3>Responsabilit\u00e9<\/h3>\n<p>Il ya beaucoup d\u2019attention et de soin apport\u00e9 \u00e0 la contenu des sites web Food Specialties. Toutes les informations ont \u00e9t\u00e9 fournies par Food Specialties. Malgr\u00e9 le soin et l\u2019attention constante que nous consacrons \u00e0 la composition des sites, il est possible que l\u2019information publi\u00e9e ici est incompl\u00e8te et \/ ou incorrecte.<br \/>\nLes informations sur les sites Food Specialties ne peut pas juridiquement contraignant. Si les aliments Food Specialties sur les sites Web ont fourni des informations et \/ ou des erreurs imparfait, nous ferons tous les efforts possibles pour corriger d\u00e8s que possible.<\/p>\n<p>Food Specialties d\u00e9cline toute responsabilit\u00e9 pour les dommages directs ou indirects r\u00e9sultant de l\u2019utilisation des sites Web Food Specialties aliments ou sur ou via les sites Web Food Specialties fourni des informations.<\/p>\n<h3>Liens externes<\/h3>\n<p>Il peut y avoir des liens vers d\u2019autres sites sur les sites Web Food Specialties fonctionnent compl\u00e8tement ind\u00e9pendamment du lieu o\u00f9 et Food Specialties n\u2019a aucun contr\u00f4le. Food Specialties pour l\u2019information et la commodit\u00e9 de r\u00e9f\u00e9rence pour vous.<br \/>\nIl se peut que d\u2019autres sites ont leur propre politique et les conditions d\u2019utilisation politique de confidentialit\u00e9 des cookies et nous vous conseillons de lire \u00e0 travers si vous visitez ces sites. Food Specialties n\u2019est pas responsable de l\u2019information fournie ou obtenu gr\u00e2ce \u00e0 ces sites ou pour toute autre utilisation des sites web. Toute responsabilit\u00e9 pour l\u2019utilisation et le contenu de ces sites sera rejet\u00e9e.<\/p>\n<h3>Droits de propri\u00e9t\u00e9 intellectuelle<\/h3>\n<p>Tous (propri\u00e9t\u00e9 intellectuelle) associ\u00e9s \u00e0 ou d\u00e9coulant du contenu des sites Web Food Specialties, y compris mais sans s\u2019y limiter les noms repr\u00e9sent\u00e9s et logos, textes, photographies, logiciels, conception, images, la mati\u00e8re sonore, la conception, la s\u00e9lection, l\u2019arrangement et noms de domaine d\u00e9volus \u00e0 Food Specialties ou de ses conc\u00e9dants.<\/p>\n<p>Vous pouvez v\u00e9rifier les informations sur les sites Food Specialties pour un usage personnel et non commercial. Pour d\u2019autres utilisations des sites Food Specialties, y compris la duplication ou la divulgation est n\u00e9cessaire le consentement \u00e9crit pr\u00e9alable de Food Specialties ou de ses conc\u00e9dants.<\/p>\n<h3>Choix de la loi<\/h3>\n<p>L\u2019utilisation des sites du droit Food Specialties n\u00e9erlandais. Les litiges seront soumis \u00e0 la juridiction comp\u00e9tente \u00e0 Den Bosch.<\/p>\n<h3>Questions<\/h3>\n<p>Pour des questions vous pouvez nous joindre via le formulaire de contact.<\/p>\n","protected":false},"excerpt":{"rendered":"<p>Disclaimer Cela inclut la Politique de confidentialit\u00e9 et Politique de cookies, se applique \u00e0 l\u2019utilisation de tous les sites Web Food Specialties, y compris le contenu, les fonctionnalit\u00e9s et les services offerts sur les sites Web. D\u00e9ni de responsabilit\u00e9, la gestion et la politique attentivement avant d\u2019utiliser les sites Web de Food Specialties. En utilisant [&hellip;]<\/p>\n","protected":false},"author":1,"featured_media":0,"parent":0,"menu_order":0,"comment_status":"closed","ping_status":"closed","template":"","meta":{"_acf_changed":false,"footnotes":""},"class_list":["post-676","page","type-page","status-publish","hentry"],"acf":[],"yoast_head":"<!-- This site is optimized with the Yoast SEO plugin v27.2 - https:\/\/yoast.com\/product\/yoast-seo-wordpress\/ -->\n<title>D\u00e9sistement | Food Specialties<\/title>\n<meta name=\"robots\" content=\"index, follow, max-snippet:-1, max-image-preview:large, max-video-preview:-1\" \/>\n<link rel=\"canonical\" href=\"https:\/\/webshop.foodspecialties.eu\/fr\/desistement\/\" \/>\n<meta property=\"og:locale\" content=\"fr_FR\" \/>\n<meta property=\"og:type\" content=\"article\" \/>\n<meta property=\"og:title\" content=\"D\u00e9sistement | Food Specialties\" \/>\n<meta property=\"og:description\" content=\"Disclaimer Cela inclut la Politique de confidentialit\u00e9 et Politique de cookies, se applique \u00e0 l\u2019utilisation de tous les sites Web Food Specialties, y compris le contenu, les fonctionnalit\u00e9s et les services offerts sur les sites Web. D\u00e9ni de responsabilit\u00e9, la gestion et la politique attentivement avant d\u2019utiliser les sites Web de Food Specialties. En utilisant [&hellip;]\" \/>\n<meta property=\"og:url\" content=\"https:\/\/webshop.foodspecialties.eu\/fr\/desistement\/\" \/>\n<meta property=\"og:site_name\" content=\"Food Specialties\" \/>\n<meta name=\"twitter:card\" content=\"summary_large_image\" \/>\n<meta name=\"twitter:label1\" content=\"Dur\u00e9e de lecture estim\u00e9e\" \/>\n\t<meta name=\"twitter:data1\" content=\"3 minutes\" \/>\n<script type=\"application\/ld+json\" class=\"yoast-schema-graph\">{\"@context\":\"https:\/\/schema.org\",\"@graph\":[{\"@type\":\"WebPage\",\"@id\":\"https:\/\/webshop.foodspecialties.eu\/fr\/desistement\/\",\"url\":\"https:\/\/webshop.foodspecialties.eu\/fr\/desistement\/\",\"name\":\"D\u00e9sistement | Food Specialties\",\"isPartOf\":{\"@id\":\"https:\/\/webshop.foodspecialties.eu\/fr\/#website\"},\"datePublished\":\"2019-04-17T13:15:55+00:00\",\"breadcrumb\":{\"@id\":\"https:\/\/webshop.foodspecialties.eu\/fr\/desistement\/#breadcrumb\"},\"inLanguage\":\"fr-FR\",\"potentialAction\":[{\"@type\":\"ReadAction\",\"target\":[\"https:\/\/webshop.foodspecialties.eu\/fr\/desistement\/\"]}]},{\"@type\":\"BreadcrumbList\",\"@id\":\"https:\/\/webshop.foodspecialties.eu\/fr\/desistement\/#breadcrumb\",\"itemListElement\":[{\"@type\":\"ListItem\",\"position\":1,\"name\":\"Home\",\"item\":\"https:\/\/webshop.foodspecialties.eu\/fr\/\"},{\"@type\":\"ListItem\",\"position\":2,\"name\":\"D\u00e9sistement\"}]},{\"@type\":\"WebSite\",\"@id\":\"https:\/\/webshop.foodspecialties.eu\/fr\/#website\",\"url\":\"https:\/\/webshop.foodspecialties.eu\/fr\/\",\"name\":\"Food Specialties\",\"description\":\"Food Specialties - Webshop | Glutenvrij | Vegan\",\"potentialAction\":[{\"@type\":\"SearchAction\",\"target\":{\"@type\":\"EntryPoint\",\"urlTemplate\":\"https:\/\/webshop.foodspecialties.eu\/fr\/?s={search_term_string}\"},\"query-input\":{\"@type\":\"PropertyValueSpecification\",\"valueRequired\":true,\"valueName\":\"search_term_string\"}}],\"inLanguage\":\"fr-FR\"}]}<\/script>\n<!-- \/ Yoast SEO plugin. -->","yoast_head_json":{"title":"D\u00e9sistement | Food Specialties","robots":{"index":"index","follow":"follow","max-snippet":"max-snippet:-1","max-image-preview":"max-image-preview:large","max-video-preview":"max-video-preview:-1"},"canonical":"https:\/\/webshop.foodspecialties.eu\/fr\/desistement\/","og_locale":"fr_FR","og_type":"article","og_title":"D\u00e9sistement | Food Specialties","og_description":"Disclaimer Cela inclut la Politique de confidentialit\u00e9 et Politique de cookies, se applique \u00e0 l\u2019utilisation de tous les sites Web Food Specialties, y compris le contenu, les fonctionnalit\u00e9s et les services offerts sur les sites Web. D\u00e9ni de responsabilit\u00e9, la gestion et la politique attentivement avant d\u2019utiliser les sites Web de Food Specialties. En utilisant [&hellip;]","og_url":"https:\/\/webshop.foodspecialties.eu\/fr\/desistement\/","og_site_name":"Food Specialties","twitter_card":"summary_large_image","twitter_misc":{"Dur\u00e9e de lecture estim\u00e9e":"3 minutes"},"schema":{"@context":"https:\/\/schema.org","@graph":[{"@type":"WebPage","@id":"https:\/\/webshop.foodspecialties.eu\/fr\/desistement\/","url":"https:\/\/webshop.foodspecialties.eu\/fr\/desistement\/","name":"D\u00e9sistement | Food Specialties","isPartOf":{"@id":"https:\/\/webshop.foodspecialties.eu\/fr\/#website"},"datePublished":"2019-04-17T13:15:55+00:00","breadcrumb":{"@id":"https:\/\/webshop.foodspecialties.eu\/fr\/desistement\/#breadcrumb"},"inLanguage":"fr-FR","potentialAction":[{"@type":"ReadAction","target":["https:\/\/webshop.foodspecialties.eu\/fr\/desistement\/"]}]},{"@type":"BreadcrumbList","@id":"https:\/\/webshop.foodspecialties.eu\/fr\/desistement\/#breadcrumb","itemListElement":[{"@type":"ListItem","position":1,"name":"Home","item":"https:\/\/webshop.foodspecialties.eu\/fr\/"},{"@type":"ListItem","position":2,"name":"D\u00e9sistement"}]},{"@type":"WebSite","@id":"https:\/\/webshop.foodspecialties.eu\/fr\/#website","url":"https:\/\/webshop.foodspecialties.eu\/fr\/","name":"Food Specialties","description":"Food Specialties - Webshop | Glutenvrij | Vegan","potentialAction":[{"@type":"SearchAction","target":{"@type":"EntryPoint","urlTemplate":"https:\/\/webshop.foodspecialties.eu\/fr\/?s={search_term_string}"},"query-input":{"@type":"PropertyValueSpecification","valueRequired":true,"valueName":"search_term_string"}}],"inLanguage":"fr-FR"}]}},"_links":{"self":[{"href":"https:\/\/webshop.foodspecialties.eu\/fr\/wp-json\/wp\/v2\/pages\/676","targetHints":{"allow":["GET"]}}],"collection":[{"href":"https:\/\/webshop.foodspecialties.eu\/fr\/wp-json\/wp\/v2\/pages"}],"about":[{"href":"https:\/\/webshop.foodspecialties.eu\/fr\/wp-json\/wp\/v2\/types\/page"}],"author":[{"embeddable":true,"href":"https:\/\/webshop.foodspecialties.eu\/fr\/wp-json\/wp\/v2\/users\/1"}],"replies":[{"embeddable":true,"href":"https:\/\/webshop.foodspecialties.eu\/fr\/wp-json\/wp\/v2\/comments?post=676"}],"version-history":[{"count":1,"href":"https:\/\/webshop.foodspecialties.eu\/fr\/wp-json\/wp\/v2\/pages\/676\/revisions"}],"predecessor-version":[{"id":677,"href":"https:\/\/webshop.foodspecialties.eu\/fr\/wp-json\/wp\/v2\/pages\/676\/revisions\/677"}],"wp:attachment":[{"href":"https:\/\/webshop.foodspecialties.eu\/fr\/wp-json\/wp\/v2\/media?parent=676"}],"curies":[{"name":"wp","href":"https:\/\/api.w.org\/{rel}","templated":true}]}}