{"id":1580,"date":"2019-01-23T19:22:48","date_gmt":"2019-01-23T19:22:48","guid":{"rendered":"http:\/\/webshop.foodspecialties.eu\/product\/pate-feuilletee\/"},"modified":"2026-02-24T10:32:25","modified_gmt":"2026-02-24T09:32:25","slug":"pate-feuilletee","status":"publish","type":"product","link":"https:\/\/webshop.foodspecialties.eu\/fr\/produit\/pate-feuilletee\/","title":{"rendered":"&#x2744;&#xfe0f; P\u00e2te feuillet\u00e9e | 5 Pi\u00e8ces"},"content":{"rendered":"","protected":false},"excerpt":{"rendered":"<p>De la p\u00e2te feuillet\u00e9e (mille-feuilles) est inoubliable dans toute cuisine, des amateurs jusqu&rsquo;aux professionnels. Tout le monde peut cuisiner quelque-chose de d\u00e9licieuse avec cette p\u00e2te feuillet\u00e9e. Donc: toujours utile d&rsquo;avoir chez vous. Notre p\u00e2te feuillet\u00e9e ne contient pas de gluten, lactose, lait, oeuf et\/ou soy. De plus, elle est v\u00e9g\u00e9tarienne.<\/p>\n","protected":false},"featured_media":3682,"template":"","meta":{"_acf_changed":false},"product_brand":[],"product_cat":[67,123,72,125],"product_tag":[],"class_list":{"0":"post-1580","1":"product","2":"type-product","3":"status-publish","4":"has-post-thumbnail","6":"product_cat-boulangerie","7":"product_cat-shoppen-fr","8":"product_cat-vegan","9":"product_cat-vegetalien","10":"product_shipping_class-congeles","11":"j79_wcxd_expiry_type-houdbaarheidsdatum","13":"first","14":"instock","15":"taxable","16":"shipping-taxable","17":"purchasable","18":"product-type-simple"},"acf":[],"yoast_head":"<!-- This site is optimized with the Yoast SEO plugin v27.2 - https:\/\/yoast.com\/product\/yoast-seo-wordpress\/ -->\n<title>&#x2744;&#xfe0f; P\u00e2te feuillet\u00e9e | 5 Pi\u00e8ces | Food Specialties<\/title>\n<meta name=\"robots\" content=\"noindex, follow\" \/>\n<meta property=\"og:locale\" content=\"fr_FR\" \/>\n<meta property=\"og:type\" content=\"article\" \/>\n<meta property=\"og:title\" content=\"&#x2744;&#xfe0f; P\u00e2te feuillet\u00e9e | 5 Pi\u00e8ces | Food Specialties\" \/>\n<meta property=\"og:description\" content=\"De la p\u00e2te feuillet\u00e9e (mille-feuilles) est inoubliable dans toute cuisine, des amateurs jusqu&#039;aux professionnels. Tout le monde peut cuisiner quelque-chose de d\u00e9licieuse avec cette p\u00e2te feuillet\u00e9e. Donc: toujours utile d&#039;avoir chez vous. Notre p\u00e2te feuillet\u00e9e ne contient pas de gluten, lactose, lait, oeuf et\/ou soy. De plus, elle est v\u00e9g\u00e9tarienne.\" \/>\n<meta property=\"og:url\" content=\"https:\/\/webshop.foodspecialties.eu\/fr\/produit\/pate-feuilletee\/\" \/>\n<meta property=\"og:site_name\" content=\"Food Specialties\" \/>\n<meta property=\"article:modified_time\" content=\"2026-02-24T09:32:25+00:00\" \/>\n<meta property=\"og:image\" content=\"https:\/\/webshop.foodspecialties.eu\/wp-content\/uploads\/2019\/01\/BLAD-met-uitlichting-werking.jpg\" \/>\n\t<meta property=\"og:image:width\" content=\"2400\" \/>\n\t<meta property=\"og:image:height\" content=\"1800\" \/>\n\t<meta property=\"og:image:type\" content=\"image\/jpeg\" \/>\n<meta name=\"twitter:card\" content=\"summary_large_image\" \/>\n<script type=\"application\/ld+json\" class=\"yoast-schema-graph\">{\"@context\":\"https:\/\/schema.org\",\"@graph\":[{\"@type\":\"WebPage\",\"@id\":\"https:\/\/webshop.foodspecialties.eu\/fr\/produit\/pate-feuilletee\/\",\"url\":\"https:\/\/webshop.foodspecialties.eu\/fr\/produit\/pate-feuilletee\/\",\"name\":\"&#x2744;&#xfe0f; P\u00e2te feuillet\u00e9e | 5 Pi\u00e8ces | Food Specialties\",\"isPartOf\":{\"@id\":\"https:\/\/webshop.foodspecialties.eu\/fr\/#website\"},\"primaryImageOfPage\":{\"@id\":\"https:\/\/webshop.foodspecialties.eu\/fr\/produit\/pate-feuilletee\/#primaryimage\"},\"image\":{\"@id\":\"https:\/\/webshop.foodspecialties.eu\/fr\/produit\/pate-feuilletee\/#primaryimage\"},\"thumbnailUrl\":\"https:\/\/webshop.foodspecialties.eu\/wp-content\/uploads\/2019\/01\/BLAD-met-uitlichting-werking.jpg\",\"datePublished\":\"2019-01-23T19:22:48+00:00\",\"dateModified\":\"2026-02-24T09:32:25+00:00\",\"breadcrumb\":{\"@id\":\"https:\/\/webshop.foodspecialties.eu\/fr\/produit\/pate-feuilletee\/#breadcrumb\"},\"inLanguage\":\"fr-FR\",\"potentialAction\":[{\"@type\":\"ReadAction\",\"target\":[\"https:\/\/webshop.foodspecialties.eu\/fr\/produit\/pate-feuilletee\/\"]}]},{\"@type\":\"ImageObject\",\"inLanguage\":\"fr-FR\",\"@id\":\"https:\/\/webshop.foodspecialties.eu\/fr\/produit\/pate-feuilletee\/#primaryimage\",\"url\":\"https:\/\/webshop.foodspecialties.eu\/wp-content\/uploads\/2019\/01\/BLAD-met-uitlichting-werking.jpg\",\"contentUrl\":\"https:\/\/webshop.foodspecialties.eu\/wp-content\/uploads\/2019\/01\/BLAD-met-uitlichting-werking.jpg\",\"width\":2400,\"height\":1800,\"caption\":\"Glutenvrij bladerdeeg VA Foods allergeenvrij coeliakie\"},{\"@type\":\"BreadcrumbList\",\"@id\":\"https:\/\/webshop.foodspecialties.eu\/fr\/produit\/pate-feuilletee\/#breadcrumb\",\"itemListElement\":[{\"@type\":\"ListItem\",\"position\":1,\"name\":\"Home\",\"item\":\"https:\/\/webshop.foodspecialties.eu\/fr\/\"},{\"@type\":\"ListItem\",\"position\":2,\"name\":\"V\u00e9g\u00e9talien\",\"item\":\"https:\/\/webshop.foodspecialties.eu\/fr\/\"},{\"@type\":\"ListItem\",\"position\":3,\"name\":\"&#x2744;&#xfe0f; P\u00e2te feuillet\u00e9e | 5 Pi\u00e8ces\"}]},{\"@type\":\"WebSite\",\"@id\":\"https:\/\/webshop.foodspecialties.eu\/fr\/#website\",\"url\":\"https:\/\/webshop.foodspecialties.eu\/fr\/\",\"name\":\"Food Specialties\",\"description\":\"Food Specialties - Webshop | Glutenvrij | Vegan\",\"potentialAction\":[{\"@type\":\"SearchAction\",\"target\":{\"@type\":\"EntryPoint\",\"urlTemplate\":\"https:\/\/webshop.foodspecialties.eu\/fr\/?s={search_term_string}\"},\"query-input\":{\"@type\":\"PropertyValueSpecification\",\"valueRequired\":true,\"valueName\":\"search_term_string\"}}],\"inLanguage\":\"fr-FR\"}]}<\/script>\n<!-- \/ Yoast SEO plugin. -->","yoast_head_json":{"title":"&#x2744;&#xfe0f; P\u00e2te feuillet\u00e9e | 5 Pi\u00e8ces | Food Specialties","robots":{"index":"noindex","follow":"follow"},"og_locale":"fr_FR","og_type":"article","og_title":"&#x2744;&#xfe0f; P\u00e2te feuillet\u00e9e | 5 Pi\u00e8ces | Food Specialties","og_description":"De la p\u00e2te feuillet\u00e9e (mille-feuilles) est inoubliable dans toute cuisine, des amateurs jusqu'aux professionnels. Tout le monde peut cuisiner quelque-chose de d\u00e9licieuse avec cette p\u00e2te feuillet\u00e9e. Donc: toujours utile d'avoir chez vous. Notre p\u00e2te feuillet\u00e9e ne contient pas de gluten, lactose, lait, oeuf et\/ou soy. De plus, elle est v\u00e9g\u00e9tarienne.","og_url":"https:\/\/webshop.foodspecialties.eu\/fr\/produit\/pate-feuilletee\/","og_site_name":"Food Specialties","article_modified_time":"2026-02-24T09:32:25+00:00","og_image":[{"width":2400,"height":1800,"url":"https:\/\/webshop.foodspecialties.eu\/wp-content\/uploads\/2019\/01\/BLAD-met-uitlichting-werking.jpg","type":"image\/jpeg"}],"twitter_card":"summary_large_image","schema":{"@context":"https:\/\/schema.org","@graph":[{"@type":"WebPage","@id":"https:\/\/webshop.foodspecialties.eu\/fr\/produit\/pate-feuilletee\/","url":"https:\/\/webshop.foodspecialties.eu\/fr\/produit\/pate-feuilletee\/","name":"&#x2744;&#xfe0f; P\u00e2te feuillet\u00e9e | 5 Pi\u00e8ces | Food Specialties","isPartOf":{"@id":"https:\/\/webshop.foodspecialties.eu\/fr\/#website"},"primaryImageOfPage":{"@id":"https:\/\/webshop.foodspecialties.eu\/fr\/produit\/pate-feuilletee\/#primaryimage"},"image":{"@id":"https:\/\/webshop.foodspecialties.eu\/fr\/produit\/pate-feuilletee\/#primaryimage"},"thumbnailUrl":"https:\/\/webshop.foodspecialties.eu\/wp-content\/uploads\/2019\/01\/BLAD-met-uitlichting-werking.jpg","datePublished":"2019-01-23T19:22:48+00:00","dateModified":"2026-02-24T09:32:25+00:00","breadcrumb":{"@id":"https:\/\/webshop.foodspecialties.eu\/fr\/produit\/pate-feuilletee\/#breadcrumb"},"inLanguage":"fr-FR","potentialAction":[{"@type":"ReadAction","target":["https:\/\/webshop.foodspecialties.eu\/fr\/produit\/pate-feuilletee\/"]}]},{"@type":"ImageObject","inLanguage":"fr-FR","@id":"https:\/\/webshop.foodspecialties.eu\/fr\/produit\/pate-feuilletee\/#primaryimage","url":"https:\/\/webshop.foodspecialties.eu\/wp-content\/uploads\/2019\/01\/BLAD-met-uitlichting-werking.jpg","contentUrl":"https:\/\/webshop.foodspecialties.eu\/wp-content\/uploads\/2019\/01\/BLAD-met-uitlichting-werking.jpg","width":2400,"height":1800,"caption":"Glutenvrij bladerdeeg VA Foods allergeenvrij coeliakie"},{"@type":"BreadcrumbList","@id":"https:\/\/webshop.foodspecialties.eu\/fr\/produit\/pate-feuilletee\/#breadcrumb","itemListElement":[{"@type":"ListItem","position":1,"name":"Home","item":"https:\/\/webshop.foodspecialties.eu\/fr\/"},{"@type":"ListItem","position":2,"name":"V\u00e9g\u00e9talien","item":"https:\/\/webshop.foodspecialties.eu\/fr\/"},{"@type":"ListItem","position":3,"name":"&#x2744;&#xfe0f; P\u00e2te feuillet\u00e9e | 5 Pi\u00e8ces"}]},{"@type":"WebSite","@id":"https:\/\/webshop.foodspecialties.eu\/fr\/#website","url":"https:\/\/webshop.foodspecialties.eu\/fr\/","name":"Food Specialties","description":"Food Specialties - Webshop | Glutenvrij | Vegan","potentialAction":[{"@type":"SearchAction","target":{"@type":"EntryPoint","urlTemplate":"https:\/\/webshop.foodspecialties.eu\/fr\/?s={search_term_string}"},"query-input":{"@type":"PropertyValueSpecification","valueRequired":true,"valueName":"search_term_string"}}],"inLanguage":"fr-FR"}]}},"_links":{"self":[{"href":"https:\/\/webshop.foodspecialties.eu\/fr\/wp-json\/wp\/v2\/product\/1580","targetHints":{"allow":["GET"]}}],"collection":[{"href":"https:\/\/webshop.foodspecialties.eu\/fr\/wp-json\/wp\/v2\/product"}],"about":[{"href":"https:\/\/webshop.foodspecialties.eu\/fr\/wp-json\/wp\/v2\/types\/product"}],"wp:featuredmedia":[{"embeddable":true,"href":"https:\/\/webshop.foodspecialties.eu\/fr\/wp-json\/wp\/v2\/media\/3682"}],"wp:attachment":[{"href":"https:\/\/webshop.foodspecialties.eu\/fr\/wp-json\/wp\/v2\/media?parent=1580"}],"wp:term":[{"taxonomy":"product_brand","embeddable":true,"href":"https:\/\/webshop.foodspecialties.eu\/fr\/wp-json\/wp\/v2\/product_brand?post=1580"},{"taxonomy":"product_cat","embeddable":true,"href":"https:\/\/webshop.foodspecialties.eu\/fr\/wp-json\/wp\/v2\/product_cat?post=1580"},{"taxonomy":"product_tag","embeddable":true,"href":"https:\/\/webshop.foodspecialties.eu\/fr\/wp-json\/wp\/v2\/product_tag?post=1580"}],"curies":[{"name":"wp","href":"https:\/\/api.w.org\/{rel}","templated":true}]}}