{"id":2961,"date":"2024-06-26T07:06:24","date_gmt":"2024-06-26T07:06:24","guid":{"rendered":"https:\/\/webshop.foodspecialties.eu\/product\/tweedekansjes-cheeszero-souffle\/"},"modified":"2024-10-04T11:16:25","modified_gmt":"2024-10-04T09:16:25","slug":"tweedekansjes-cheeszero-souffle","status":"publish","type":"product","link":"https:\/\/webshop.foodspecialties.eu\/fr\/produit\/tweedekansjes-cheeszero-souffle\/","title":{"rendered":"&#x2744;&#xfe0f; Deuxi\u00e8me chance &#8211; Cheeszero Souffl\u00e9"},"content":{"rendered":"","protected":false},"excerpt":{"rendered":"<p><strong>Contenu:<\/strong><\/p>\n<ul>\n<li>Une bo\u00eete de Cheeszero Souffl\u00e9, par exemple, sont bossel\u00e9es ou de forme un peu moins esth\u00e9tique (ni droites ni trop grosses). Cela n\u2019enl\u00e8ve rien au go\u00fbt ni \u00e0 la qualit\u00e9 des produits.<br \/>\nDate de p\u00e9remption d&rsquo;au moins 3 mois.<\/li>\n<\/ul>\n<p>Date de p\u00e9remption d&rsquo;au moins 3 mois.<\/p>\n","protected":false},"featured_media":2958,"template":"","meta":{"_acf_changed":false},"product_brand":[],"product_cat":[89,117],"product_tag":[],"class_list":{"0":"post-2961","1":"product","2":"type-product","3":"status-publish","4":"has-post-thumbnail","6":"product_cat-fs-produits","7":"product_cat-offres","8":"product_shipping_class-congeles","10":"first","11":"outofstock","12":"sale","13":"taxable","14":"shipping-taxable","15":"purchasable","16":"product-type-simple"},"acf":[],"yoast_head":"<!-- This site is optimized with the Yoast SEO plugin v27.2 - https:\/\/yoast.com\/product\/yoast-seo-wordpress\/ -->\n<title>&#x2744;&#xfe0f; Deuxi\u00e8me chance - Cheeszero Souffl\u00e9 | Food Specialties<\/title>\n<meta name=\"robots\" content=\"noindex, follow\" \/>\n<meta property=\"og:locale\" content=\"fr_FR\" \/>\n<meta property=\"og:type\" content=\"article\" \/>\n<meta property=\"og:title\" content=\"&#x2744;&#xfe0f; Deuxi\u00e8me chance - Cheeszero Souffl\u00e9 | Food Specialties\" \/>\n<meta property=\"og:description\" content=\"Contenu:   Une bo\u00eete de Cheeszero Souffl\u00e9, par exemple, sont bossel\u00e9es ou de forme un peu moins esth\u00e9tique (ni droites ni trop grosses). Cela n\u2019enl\u00e8ve rien au go\u00fbt ni \u00e0 la qualit\u00e9 des produits. Date de p\u00e9remption d&#039;au moins 3 mois.  Date de p\u00e9remption d&#039;au moins 3 mois.\" \/>\n<meta property=\"og:url\" content=\"https:\/\/webshop.foodspecialties.eu\/fr\/produit\/tweedekansjes-cheeszero-souffle\/\" \/>\n<meta property=\"og:site_name\" content=\"Food Specialties\" \/>\n<meta property=\"article:modified_time\" content=\"2024-10-04T09:16:25+00:00\" \/>\n<meta property=\"og:image\" content=\"https:\/\/webshop.foodspecialties.eu\/wp-content\/uploads\/2024\/06\/VA-Foods-TWEEDEKANSJES-CH-S.png\" \/>\n\t<meta property=\"og:image:width\" content=\"1080\" \/>\n\t<meta property=\"og:image:height\" content=\"1080\" \/>\n\t<meta property=\"og:image:type\" content=\"image\/png\" \/>\n<meta name=\"twitter:card\" content=\"summary_large_image\" \/>\n<script type=\"application\/ld+json\" class=\"yoast-schema-graph\">{\"@context\":\"https:\/\/schema.org\",\"@graph\":[{\"@type\":\"WebPage\",\"@id\":\"https:\/\/webshop.foodspecialties.eu\/fr\/produit\/tweedekansjes-cheeszero-souffle\/\",\"url\":\"https:\/\/webshop.foodspecialties.eu\/fr\/produit\/tweedekansjes-cheeszero-souffle\/\",\"name\":\"&#x2744;&#xfe0f; Deuxi\u00e8me chance - Cheeszero Souffl\u00e9 | Food Specialties\",\"isPartOf\":{\"@id\":\"https:\/\/webshop.foodspecialties.eu\/fr\/#website\"},\"primaryImageOfPage\":{\"@id\":\"https:\/\/webshop.foodspecialties.eu\/fr\/produit\/tweedekansjes-cheeszero-souffle\/#primaryimage\"},\"image\":{\"@id\":\"https:\/\/webshop.foodspecialties.eu\/fr\/produit\/tweedekansjes-cheeszero-souffle\/#primaryimage\"},\"thumbnailUrl\":\"https:\/\/webshop.foodspecialties.eu\/wp-content\/uploads\/2024\/06\/VA-Foods-TWEEDEKANSJES-CH-S.png\",\"datePublished\":\"2024-06-26T07:06:24+00:00\",\"dateModified\":\"2024-10-04T09:16:25+00:00\",\"breadcrumb\":{\"@id\":\"https:\/\/webshop.foodspecialties.eu\/fr\/produit\/tweedekansjes-cheeszero-souffle\/#breadcrumb\"},\"inLanguage\":\"fr-FR\",\"potentialAction\":[{\"@type\":\"ReadAction\",\"target\":[\"https:\/\/webshop.foodspecialties.eu\/fr\/produit\/tweedekansjes-cheeszero-souffle\/\"]}]},{\"@type\":\"ImageObject\",\"inLanguage\":\"fr-FR\",\"@id\":\"https:\/\/webshop.foodspecialties.eu\/fr\/produit\/tweedekansjes-cheeszero-souffle\/#primaryimage\",\"url\":\"https:\/\/webshop.foodspecialties.eu\/wp-content\/uploads\/2024\/06\/VA-Foods-TWEEDEKANSJES-CH-S.png\",\"contentUrl\":\"https:\/\/webshop.foodspecialties.eu\/wp-content\/uploads\/2024\/06\/VA-Foods-TWEEDEKANSJES-CH-S.png\",\"width\":1080,\"height\":1080,\"caption\":\"VA Foods glutenvrij Cheeszero souffl\u00e9\"},{\"@type\":\"BreadcrumbList\",\"@id\":\"https:\/\/webshop.foodspecialties.eu\/fr\/produit\/tweedekansjes-cheeszero-souffle\/#breadcrumb\",\"itemListElement\":[{\"@type\":\"ListItem\",\"position\":1,\"name\":\"Home\",\"item\":\"https:\/\/webshop.foodspecialties.eu\/fr\/\"},{\"@type\":\"ListItem\",\"position\":2,\"name\":\"V\u00e9g\u00e9talien\",\"item\":\"https:\/\/webshop.foodspecialties.eu\/fr\/\"},{\"@type\":\"ListItem\",\"position\":3,\"name\":\"&#x2744;&#xfe0f; Deuxi\u00e8me chance &#8211; Cheeszero Souffl\u00e9\"}]},{\"@type\":\"WebSite\",\"@id\":\"https:\/\/webshop.foodspecialties.eu\/fr\/#website\",\"url\":\"https:\/\/webshop.foodspecialties.eu\/fr\/\",\"name\":\"Food Specialties\",\"description\":\"Food Specialties - Webshop | Glutenvrij | Vegan\",\"potentialAction\":[{\"@type\":\"SearchAction\",\"target\":{\"@type\":\"EntryPoint\",\"urlTemplate\":\"https:\/\/webshop.foodspecialties.eu\/fr\/?s={search_term_string}\"},\"query-input\":{\"@type\":\"PropertyValueSpecification\",\"valueRequired\":true,\"valueName\":\"search_term_string\"}}],\"inLanguage\":\"fr-FR\"}]}<\/script>\n<!-- \/ Yoast SEO plugin. -->","yoast_head_json":{"title":"&#x2744;&#xfe0f; Deuxi\u00e8me chance - Cheeszero Souffl\u00e9 | Food Specialties","robots":{"index":"noindex","follow":"follow"},"og_locale":"fr_FR","og_type":"article","og_title":"&#x2744;&#xfe0f; Deuxi\u00e8me chance - Cheeszero Souffl\u00e9 | Food Specialties","og_description":"Contenu:   Une bo\u00eete de Cheeszero Souffl\u00e9, par exemple, sont bossel\u00e9es ou de forme un peu moins esth\u00e9tique (ni droites ni trop grosses). Cela n\u2019enl\u00e8ve rien au go\u00fbt ni \u00e0 la qualit\u00e9 des produits. Date de p\u00e9remption d'au moins 3 mois.  Date de p\u00e9remption d'au moins 3 mois.","og_url":"https:\/\/webshop.foodspecialties.eu\/fr\/produit\/tweedekansjes-cheeszero-souffle\/","og_site_name":"Food Specialties","article_modified_time":"2024-10-04T09:16:25+00:00","og_image":[{"width":1080,"height":1080,"url":"https:\/\/webshop.foodspecialties.eu\/wp-content\/uploads\/2024\/06\/VA-Foods-TWEEDEKANSJES-CH-S.png","type":"image\/png"}],"twitter_card":"summary_large_image","schema":{"@context":"https:\/\/schema.org","@graph":[{"@type":"WebPage","@id":"https:\/\/webshop.foodspecialties.eu\/fr\/produit\/tweedekansjes-cheeszero-souffle\/","url":"https:\/\/webshop.foodspecialties.eu\/fr\/produit\/tweedekansjes-cheeszero-souffle\/","name":"&#x2744;&#xfe0f; Deuxi\u00e8me chance - Cheeszero Souffl\u00e9 | Food Specialties","isPartOf":{"@id":"https:\/\/webshop.foodspecialties.eu\/fr\/#website"},"primaryImageOfPage":{"@id":"https:\/\/webshop.foodspecialties.eu\/fr\/produit\/tweedekansjes-cheeszero-souffle\/#primaryimage"},"image":{"@id":"https:\/\/webshop.foodspecialties.eu\/fr\/produit\/tweedekansjes-cheeszero-souffle\/#primaryimage"},"thumbnailUrl":"https:\/\/webshop.foodspecialties.eu\/wp-content\/uploads\/2024\/06\/VA-Foods-TWEEDEKANSJES-CH-S.png","datePublished":"2024-06-26T07:06:24+00:00","dateModified":"2024-10-04T09:16:25+00:00","breadcrumb":{"@id":"https:\/\/webshop.foodspecialties.eu\/fr\/produit\/tweedekansjes-cheeszero-souffle\/#breadcrumb"},"inLanguage":"fr-FR","potentialAction":[{"@type":"ReadAction","target":["https:\/\/webshop.foodspecialties.eu\/fr\/produit\/tweedekansjes-cheeszero-souffle\/"]}]},{"@type":"ImageObject","inLanguage":"fr-FR","@id":"https:\/\/webshop.foodspecialties.eu\/fr\/produit\/tweedekansjes-cheeszero-souffle\/#primaryimage","url":"https:\/\/webshop.foodspecialties.eu\/wp-content\/uploads\/2024\/06\/VA-Foods-TWEEDEKANSJES-CH-S.png","contentUrl":"https:\/\/webshop.foodspecialties.eu\/wp-content\/uploads\/2024\/06\/VA-Foods-TWEEDEKANSJES-CH-S.png","width":1080,"height":1080,"caption":"VA Foods glutenvrij Cheeszero souffl\u00e9"},{"@type":"BreadcrumbList","@id":"https:\/\/webshop.foodspecialties.eu\/fr\/produit\/tweedekansjes-cheeszero-souffle\/#breadcrumb","itemListElement":[{"@type":"ListItem","position":1,"name":"Home","item":"https:\/\/webshop.foodspecialties.eu\/fr\/"},{"@type":"ListItem","position":2,"name":"V\u00e9g\u00e9talien","item":"https:\/\/webshop.foodspecialties.eu\/fr\/"},{"@type":"ListItem","position":3,"name":"&#x2744;&#xfe0f; Deuxi\u00e8me chance &#8211; Cheeszero Souffl\u00e9"}]},{"@type":"WebSite","@id":"https:\/\/webshop.foodspecialties.eu\/fr\/#website","url":"https:\/\/webshop.foodspecialties.eu\/fr\/","name":"Food Specialties","description":"Food Specialties - Webshop | Glutenvrij | Vegan","potentialAction":[{"@type":"SearchAction","target":{"@type":"EntryPoint","urlTemplate":"https:\/\/webshop.foodspecialties.eu\/fr\/?s={search_term_string}"},"query-input":{"@type":"PropertyValueSpecification","valueRequired":true,"valueName":"search_term_string"}}],"inLanguage":"fr-FR"}]}},"_links":{"self":[{"href":"https:\/\/webshop.foodspecialties.eu\/fr\/wp-json\/wp\/v2\/product\/2961","targetHints":{"allow":["GET"]}}],"collection":[{"href":"https:\/\/webshop.foodspecialties.eu\/fr\/wp-json\/wp\/v2\/product"}],"about":[{"href":"https:\/\/webshop.foodspecialties.eu\/fr\/wp-json\/wp\/v2\/types\/product"}],"wp:featuredmedia":[{"embeddable":true,"href":"https:\/\/webshop.foodspecialties.eu\/fr\/wp-json\/wp\/v2\/media\/2958"}],"wp:attachment":[{"href":"https:\/\/webshop.foodspecialties.eu\/fr\/wp-json\/wp\/v2\/media?parent=2961"}],"wp:term":[{"taxonomy":"product_brand","embeddable":true,"href":"https:\/\/webshop.foodspecialties.eu\/fr\/wp-json\/wp\/v2\/product_brand?post=2961"},{"taxonomy":"product_cat","embeddable":true,"href":"https:\/\/webshop.foodspecialties.eu\/fr\/wp-json\/wp\/v2\/product_cat?post=2961"},{"taxonomy":"product_tag","embeddable":true,"href":"https:\/\/webshop.foodspecialties.eu\/fr\/wp-json\/wp\/v2\/product_tag?post=2961"}],"curies":[{"name":"wp","href":"https:\/\/api.w.org\/{rel}","templated":true}]}}