{"id":3018,"date":"2024-07-12T08:08:41","date_gmt":"2024-07-12T08:08:42","guid":{"rendered":"https:\/\/webshop.foodspecialties.eu\/?post_type=product&#038;p=3018"},"modified":"2025-10-06T14:49:36","modified_gmt":"2025-10-06T12:49:36","slug":"deuxieme-chance-cheeszero-souffle-kopie","status":"publish","type":"product","link":"https:\/\/webshop.foodspecialties.eu\/fr\/produit\/deuxieme-chance-cheeszero-souffle-kopie\/","title":{"rendered":"&#x2744;&#xfe0f; Deuxi\u00e8me chance &#8211; Vol-au-vent"},"content":{"rendered":"","protected":false},"excerpt":{"rendered":"<p><strong>Contenu:<\/strong><\/p>\n<ul>\n<li>Un paquet de plateaux \u00e0 vol-au-vent, par exemple, sont bossel\u00e9s ou de forme l\u00e9g\u00e8rement moins attrayante (ni droits ni trop grands). Cela n\u2019enl\u00e8ve rien au go\u00fbt ni \u00e0 la qualit\u00e9 des produits.<\/li>\n<\/ul>\n<p>Date de p\u00e9remption d&rsquo;au moins 3 mois.<\/p>\n","protected":false},"featured_media":3021,"template":"","meta":{"_acf_changed":false},"product_brand":[],"product_cat":[89,117],"product_tag":[],"class_list":{"0":"post-3018","1":"product","2":"type-product","3":"status-publish","4":"has-post-thumbnail","6":"product_cat-fs-produits","7":"product_cat-offres","8":"product_shipping_class-congeles","9":"j79_wcxd_expiry_type-tenminste-houdbaar-tot","11":"first","12":"instock","13":"sale","14":"taxable","15":"shipping-taxable","16":"purchasable","17":"product-type-simple"},"acf":[],"yoast_head":"<!-- This site is optimized with the Yoast SEO plugin v27.2 - https:\/\/yoast.com\/product\/yoast-seo-wordpress\/ -->\n<title>&#x2744;&#xfe0f; Deuxi\u00e8me chance - Vol-au-vent | Food Specialties<\/title>\n<meta name=\"robots\" content=\"noindex, follow\" \/>\n<meta property=\"og:locale\" content=\"fr_FR\" \/>\n<meta property=\"og:type\" content=\"article\" \/>\n<meta property=\"og:title\" content=\"&#x2744;&#xfe0f; Deuxi\u00e8me chance - Vol-au-vent | Food Specialties\" \/>\n<meta property=\"og:description\" content=\"Contenu:   Un paquet de plateaux \u00e0 vol-au-vent, par exemple, sont bossel\u00e9s ou de forme l\u00e9g\u00e8rement moins attrayante (ni droits ni trop grands). Cela n\u2019enl\u00e8ve rien au go\u00fbt ni \u00e0 la qualit\u00e9 des produits.  Date de p\u00e9remption d&#039;au moins 3 mois.\" \/>\n<meta property=\"og:url\" content=\"https:\/\/webshop.foodspecialties.eu\/fr\/produit\/deuxieme-chance-cheeszero-souffle-kopie\/\" \/>\n<meta property=\"og:site_name\" content=\"Food Specialties\" \/>\n<meta property=\"article:modified_time\" content=\"2025-10-06T12:49:36+00:00\" \/>\n<meta property=\"og:image\" content=\"https:\/\/webshop.foodspecialties.eu\/wp-content\/uploads\/2024\/07\/VA-Foods-TWEEDEKANSJES-pasteibakjes.png\" \/>\n\t<meta property=\"og:image:width\" content=\"1080\" \/>\n\t<meta property=\"og:image:height\" content=\"1080\" \/>\n\t<meta property=\"og:image:type\" content=\"image\/png\" \/>\n<meta name=\"twitter:card\" content=\"summary_large_image\" \/>\n<script type=\"application\/ld+json\" class=\"yoast-schema-graph\">{\"@context\":\"https:\/\/schema.org\",\"@graph\":[{\"@type\":\"WebPage\",\"@id\":\"https:\/\/webshop.foodspecialties.eu\/fr\/produit\/deuxieme-chance-cheeszero-souffle-kopie\/\",\"url\":\"https:\/\/webshop.foodspecialties.eu\/fr\/produit\/deuxieme-chance-cheeszero-souffle-kopie\/\",\"name\":\"&#x2744;&#xfe0f; Deuxi\u00e8me chance - Vol-au-vent | Food Specialties\",\"isPartOf\":{\"@id\":\"https:\/\/webshop.foodspecialties.eu\/fr\/#website\"},\"primaryImageOfPage\":{\"@id\":\"https:\/\/webshop.foodspecialties.eu\/fr\/produit\/deuxieme-chance-cheeszero-souffle-kopie\/#primaryimage\"},\"image\":{\"@id\":\"https:\/\/webshop.foodspecialties.eu\/fr\/produit\/deuxieme-chance-cheeszero-souffle-kopie\/#primaryimage\"},\"thumbnailUrl\":\"https:\/\/webshop.foodspecialties.eu\/wp-content\/uploads\/2024\/07\/VA-Foods-TWEEDEKANSJES-pasteibakjes.png\",\"datePublished\":\"2024-07-12T08:08:42+00:00\",\"dateModified\":\"2025-10-06T12:49:36+00:00\",\"breadcrumb\":{\"@id\":\"https:\/\/webshop.foodspecialties.eu\/fr\/produit\/deuxieme-chance-cheeszero-souffle-kopie\/#breadcrumb\"},\"inLanguage\":\"fr-FR\",\"potentialAction\":[{\"@type\":\"ReadAction\",\"target\":[\"https:\/\/webshop.foodspecialties.eu\/fr\/produit\/deuxieme-chance-cheeszero-souffle-kopie\/\"]}]},{\"@type\":\"ImageObject\",\"inLanguage\":\"fr-FR\",\"@id\":\"https:\/\/webshop.foodspecialties.eu\/fr\/produit\/deuxieme-chance-cheeszero-souffle-kopie\/#primaryimage\",\"url\":\"https:\/\/webshop.foodspecialties.eu\/wp-content\/uploads\/2024\/07\/VA-Foods-TWEEDEKANSJES-pasteibakjes.png\",\"contentUrl\":\"https:\/\/webshop.foodspecialties.eu\/wp-content\/uploads\/2024\/07\/VA-Foods-TWEEDEKANSJES-pasteibakjes.png\",\"width\":1080,\"height\":1080,\"caption\":\"VA Foods Tweedekansjes pasteibakjes glutenvrij met korting\"},{\"@type\":\"BreadcrumbList\",\"@id\":\"https:\/\/webshop.foodspecialties.eu\/fr\/produit\/deuxieme-chance-cheeszero-souffle-kopie\/#breadcrumb\",\"itemListElement\":[{\"@type\":\"ListItem\",\"position\":1,\"name\":\"Home\",\"item\":\"https:\/\/webshop.foodspecialties.eu\/fr\/\"},{\"@type\":\"ListItem\",\"position\":2,\"name\":\"V\u00e9g\u00e9talien\",\"item\":\"https:\/\/webshop.foodspecialties.eu\/fr\/\"},{\"@type\":\"ListItem\",\"position\":3,\"name\":\"&#x2744;&#xfe0f; Deuxi\u00e8me chance &#8211; Vol-au-vent\"}]},{\"@type\":\"WebSite\",\"@id\":\"https:\/\/webshop.foodspecialties.eu\/fr\/#website\",\"url\":\"https:\/\/webshop.foodspecialties.eu\/fr\/\",\"name\":\"Food Specialties\",\"description\":\"Food Specialties - Webshop | Glutenvrij | Vegan\",\"potentialAction\":[{\"@type\":\"SearchAction\",\"target\":{\"@type\":\"EntryPoint\",\"urlTemplate\":\"https:\/\/webshop.foodspecialties.eu\/fr\/?s={search_term_string}\"},\"query-input\":{\"@type\":\"PropertyValueSpecification\",\"valueRequired\":true,\"valueName\":\"search_term_string\"}}],\"inLanguage\":\"fr-FR\"}]}<\/script>\n<!-- \/ Yoast SEO plugin. -->","yoast_head_json":{"title":"&#x2744;&#xfe0f; Deuxi\u00e8me chance - Vol-au-vent | Food Specialties","robots":{"index":"noindex","follow":"follow"},"og_locale":"fr_FR","og_type":"article","og_title":"&#x2744;&#xfe0f; Deuxi\u00e8me chance - Vol-au-vent | Food Specialties","og_description":"Contenu:   Un paquet de plateaux \u00e0 vol-au-vent, par exemple, sont bossel\u00e9s ou de forme l\u00e9g\u00e8rement moins attrayante (ni droits ni trop grands). Cela n\u2019enl\u00e8ve rien au go\u00fbt ni \u00e0 la qualit\u00e9 des produits.  Date de p\u00e9remption d'au moins 3 mois.","og_url":"https:\/\/webshop.foodspecialties.eu\/fr\/produit\/deuxieme-chance-cheeszero-souffle-kopie\/","og_site_name":"Food Specialties","article_modified_time":"2025-10-06T12:49:36+00:00","og_image":[{"width":1080,"height":1080,"url":"https:\/\/webshop.foodspecialties.eu\/wp-content\/uploads\/2024\/07\/VA-Foods-TWEEDEKANSJES-pasteibakjes.png","type":"image\/png"}],"twitter_card":"summary_large_image","schema":{"@context":"https:\/\/schema.org","@graph":[{"@type":"WebPage","@id":"https:\/\/webshop.foodspecialties.eu\/fr\/produit\/deuxieme-chance-cheeszero-souffle-kopie\/","url":"https:\/\/webshop.foodspecialties.eu\/fr\/produit\/deuxieme-chance-cheeszero-souffle-kopie\/","name":"&#x2744;&#xfe0f; Deuxi\u00e8me chance - Vol-au-vent | Food Specialties","isPartOf":{"@id":"https:\/\/webshop.foodspecialties.eu\/fr\/#website"},"primaryImageOfPage":{"@id":"https:\/\/webshop.foodspecialties.eu\/fr\/produit\/deuxieme-chance-cheeszero-souffle-kopie\/#primaryimage"},"image":{"@id":"https:\/\/webshop.foodspecialties.eu\/fr\/produit\/deuxieme-chance-cheeszero-souffle-kopie\/#primaryimage"},"thumbnailUrl":"https:\/\/webshop.foodspecialties.eu\/wp-content\/uploads\/2024\/07\/VA-Foods-TWEEDEKANSJES-pasteibakjes.png","datePublished":"2024-07-12T08:08:42+00:00","dateModified":"2025-10-06T12:49:36+00:00","breadcrumb":{"@id":"https:\/\/webshop.foodspecialties.eu\/fr\/produit\/deuxieme-chance-cheeszero-souffle-kopie\/#breadcrumb"},"inLanguage":"fr-FR","potentialAction":[{"@type":"ReadAction","target":["https:\/\/webshop.foodspecialties.eu\/fr\/produit\/deuxieme-chance-cheeszero-souffle-kopie\/"]}]},{"@type":"ImageObject","inLanguage":"fr-FR","@id":"https:\/\/webshop.foodspecialties.eu\/fr\/produit\/deuxieme-chance-cheeszero-souffle-kopie\/#primaryimage","url":"https:\/\/webshop.foodspecialties.eu\/wp-content\/uploads\/2024\/07\/VA-Foods-TWEEDEKANSJES-pasteibakjes.png","contentUrl":"https:\/\/webshop.foodspecialties.eu\/wp-content\/uploads\/2024\/07\/VA-Foods-TWEEDEKANSJES-pasteibakjes.png","width":1080,"height":1080,"caption":"VA Foods Tweedekansjes pasteibakjes glutenvrij met korting"},{"@type":"BreadcrumbList","@id":"https:\/\/webshop.foodspecialties.eu\/fr\/produit\/deuxieme-chance-cheeszero-souffle-kopie\/#breadcrumb","itemListElement":[{"@type":"ListItem","position":1,"name":"Home","item":"https:\/\/webshop.foodspecialties.eu\/fr\/"},{"@type":"ListItem","position":2,"name":"V\u00e9g\u00e9talien","item":"https:\/\/webshop.foodspecialties.eu\/fr\/"},{"@type":"ListItem","position":3,"name":"&#x2744;&#xfe0f; Deuxi\u00e8me chance &#8211; Vol-au-vent"}]},{"@type":"WebSite","@id":"https:\/\/webshop.foodspecialties.eu\/fr\/#website","url":"https:\/\/webshop.foodspecialties.eu\/fr\/","name":"Food Specialties","description":"Food Specialties - Webshop | Glutenvrij | Vegan","potentialAction":[{"@type":"SearchAction","target":{"@type":"EntryPoint","urlTemplate":"https:\/\/webshop.foodspecialties.eu\/fr\/?s={search_term_string}"},"query-input":{"@type":"PropertyValueSpecification","valueRequired":true,"valueName":"search_term_string"}}],"inLanguage":"fr-FR"}]}},"_links":{"self":[{"href":"https:\/\/webshop.foodspecialties.eu\/fr\/wp-json\/wp\/v2\/product\/3018","targetHints":{"allow":["GET"]}}],"collection":[{"href":"https:\/\/webshop.foodspecialties.eu\/fr\/wp-json\/wp\/v2\/product"}],"about":[{"href":"https:\/\/webshop.foodspecialties.eu\/fr\/wp-json\/wp\/v2\/types\/product"}],"wp:featuredmedia":[{"embeddable":true,"href":"https:\/\/webshop.foodspecialties.eu\/fr\/wp-json\/wp\/v2\/media\/3021"}],"wp:attachment":[{"href":"https:\/\/webshop.foodspecialties.eu\/fr\/wp-json\/wp\/v2\/media?parent=3018"}],"wp:term":[{"taxonomy":"product_brand","embeddable":true,"href":"https:\/\/webshop.foodspecialties.eu\/fr\/wp-json\/wp\/v2\/product_brand?post=3018"},{"taxonomy":"product_cat","embeddable":true,"href":"https:\/\/webshop.foodspecialties.eu\/fr\/wp-json\/wp\/v2\/product_cat?post=3018"},{"taxonomy":"product_tag","embeddable":true,"href":"https:\/\/webshop.foodspecialties.eu\/fr\/wp-json\/wp\/v2\/product_tag?post=3018"}],"curies":[{"name":"wp","href":"https:\/\/api.w.org\/{rel}","templated":true}]}}