{"id":3455,"date":"2024-10-04T08:56:15","date_gmt":"2024-10-04T06:56:17","guid":{"rendered":"https:\/\/webshop.foodspecialties.eu\/?post_type=product&#038;p=3455"},"modified":"2024-10-04T10:19:35","modified_gmt":"2024-10-04T08:19:35","slug":"deuxieme-chance-tranches-de-bami-nouilles","status":"publish","type":"product","link":"https:\/\/webshop.foodspecialties.eu\/fr\/produit\/deuxieme-chance-tranches-de-bami-nouilles\/","title":{"rendered":"&#x2744;&#xfe0f; Deuxi\u00e8me chance &#8211; Tranches de bami (nouilles)"},"content":{"rendered":"","protected":false},"excerpt":{"rendered":"<p><strong>Contenu:<\/strong><\/p>\n<ul>\n<li>Un paquet de tranches de bami (nouilles), par exemple, sont bossel\u00e9s ou de forme l\u00e9g\u00e8rement moins attrayante (ni droits ni trop grands). Cela n\u2019enl\u00e8ve rien au go\u00fbt ni \u00e0 la qualit\u00e9 des produits.<\/li>\n<\/ul>\n<p>Date de p\u00e9remption d&rsquo;au moins 3 mois.<\/p>\n","protected":false},"featured_media":3470,"template":"","meta":{"_acf_changed":false},"product_brand":[],"product_cat":[89,117],"product_tag":[],"class_list":{"0":"post-3455","1":"product","2":"type-product","3":"status-publish","4":"has-post-thumbnail","6":"product_cat-fs-produits","7":"product_cat-offres","8":"product_shipping_class-congeles","10":"first","11":"instock","12":"sale","13":"taxable","14":"shipping-taxable","15":"purchasable","16":"product-type-simple"},"acf":[],"yoast_head":"<!-- This site is optimized with the Yoast SEO plugin v27.2 - https:\/\/yoast.com\/product\/yoast-seo-wordpress\/ -->\n<title>&#x2744;&#xfe0f; Deuxi\u00e8me chance - Tranches de bami (nouilles) | Food Specialties<\/title>\n<meta name=\"robots\" content=\"noindex, follow\" \/>\n<meta property=\"og:locale\" content=\"fr_FR\" \/>\n<meta property=\"og:type\" content=\"article\" \/>\n<meta property=\"og:title\" content=\"&#x2744;&#xfe0f; Deuxi\u00e8me chance - Tranches de bami (nouilles) | Food Specialties\" \/>\n<meta property=\"og:description\" content=\"Contenu:   Un paquet de tranches de bami (nouilles), par exemple, sont bossel\u00e9s ou de forme l\u00e9g\u00e8rement moins attrayante (ni droits ni trop grands). Cela n\u2019enl\u00e8ve rien au go\u00fbt ni \u00e0 la qualit\u00e9 des produits.  Date de p\u00e9remption d&#039;au moins 3 mois.\" \/>\n<meta property=\"og:url\" content=\"https:\/\/webshop.foodspecialties.eu\/fr\/produit\/deuxieme-chance-tranches-de-bami-nouilles\/\" \/>\n<meta property=\"og:site_name\" content=\"Food Specialties\" \/>\n<meta property=\"article:modified_time\" content=\"2024-10-04T08:19:35+00:00\" \/>\n<meta name=\"twitter:card\" content=\"summary_large_image\" \/>\n<script type=\"application\/ld+json\" class=\"yoast-schema-graph\">{\"@context\":\"https:\/\/schema.org\",\"@graph\":[{\"@type\":\"WebPage\",\"@id\":\"https:\/\/webshop.foodspecialties.eu\/fr\/produit\/deuxieme-chance-tranches-de-bami-nouilles\/\",\"url\":\"https:\/\/webshop.foodspecialties.eu\/fr\/produit\/deuxieme-chance-tranches-de-bami-nouilles\/\",\"name\":\"&#x2744;&#xfe0f; Deuxi\u00e8me chance - Tranches de bami (nouilles) | Food Specialties\",\"isPartOf\":{\"@id\":\"https:\/\/webshop.foodspecialties.eu\/fr\/#website\"},\"primaryImageOfPage\":{\"@id\":\"https:\/\/webshop.foodspecialties.eu\/fr\/produit\/deuxieme-chance-tranches-de-bami-nouilles\/#primaryimage\"},\"image\":{\"@id\":\"https:\/\/webshop.foodspecialties.eu\/fr\/produit\/deuxieme-chance-tranches-de-bami-nouilles\/#primaryimage\"},\"thumbnailUrl\":\"https:\/\/webshop.foodspecialties.eu\/wp-content\/uploads\/2024\/10\/VA-Foods-TWEEDEKANSJES-bami.png\",\"datePublished\":\"2024-10-04T06:56:17+00:00\",\"dateModified\":\"2024-10-04T08:19:35+00:00\",\"breadcrumb\":{\"@id\":\"https:\/\/webshop.foodspecialties.eu\/fr\/produit\/deuxieme-chance-tranches-de-bami-nouilles\/#breadcrumb\"},\"inLanguage\":\"fr-FR\",\"potentialAction\":[{\"@type\":\"ReadAction\",\"target\":[\"https:\/\/webshop.foodspecialties.eu\/fr\/produit\/deuxieme-chance-tranches-de-bami-nouilles\/\"]}]},{\"@type\":\"ImageObject\",\"inLanguage\":\"fr-FR\",\"@id\":\"https:\/\/webshop.foodspecialties.eu\/fr\/produit\/deuxieme-chance-tranches-de-bami-nouilles\/#primaryimage\",\"url\":\"https:\/\/webshop.foodspecialties.eu\/wp-content\/uploads\/2024\/10\/VA-Foods-TWEEDEKANSJES-bami.png\",\"contentUrl\":\"https:\/\/webshop.foodspecialties.eu\/wp-content\/uploads\/2024\/10\/VA-Foods-TWEEDEKANSJES-bami.png\",\"width\":1080,\"height\":1080,\"caption\":\"va foods bamischijf glutenvrij aanbieding korting\"},{\"@type\":\"BreadcrumbList\",\"@id\":\"https:\/\/webshop.foodspecialties.eu\/fr\/produit\/deuxieme-chance-tranches-de-bami-nouilles\/#breadcrumb\",\"itemListElement\":[{\"@type\":\"ListItem\",\"position\":1,\"name\":\"Home\",\"item\":\"https:\/\/webshop.foodspecialties.eu\/fr\/\"},{\"@type\":\"ListItem\",\"position\":2,\"name\":\"V\u00e9g\u00e9talien\",\"item\":\"https:\/\/webshop.foodspecialties.eu\/fr\/\"},{\"@type\":\"ListItem\",\"position\":3,\"name\":\"&#x2744;&#xfe0f; Deuxi\u00e8me chance &#8211; Tranches de bami (nouilles)\"}]},{\"@type\":\"WebSite\",\"@id\":\"https:\/\/webshop.foodspecialties.eu\/fr\/#website\",\"url\":\"https:\/\/webshop.foodspecialties.eu\/fr\/\",\"name\":\"Food Specialties\",\"description\":\"Food Specialties - Webshop | Glutenvrij | Vegan\",\"potentialAction\":[{\"@type\":\"SearchAction\",\"target\":{\"@type\":\"EntryPoint\",\"urlTemplate\":\"https:\/\/webshop.foodspecialties.eu\/fr\/?s={search_term_string}\"},\"query-input\":{\"@type\":\"PropertyValueSpecification\",\"valueRequired\":true,\"valueName\":\"search_term_string\"}}],\"inLanguage\":\"fr-FR\"}]}<\/script>\n<!-- \/ Yoast SEO plugin. -->","yoast_head_json":{"title":"&#x2744;&#xfe0f; Deuxi\u00e8me chance - Tranches de bami (nouilles) | Food Specialties","robots":{"index":"noindex","follow":"follow"},"og_locale":"fr_FR","og_type":"article","og_title":"&#x2744;&#xfe0f; Deuxi\u00e8me chance - Tranches de bami (nouilles) | Food Specialties","og_description":"Contenu:   Un paquet de tranches de bami (nouilles), par exemple, sont bossel\u00e9s ou de forme l\u00e9g\u00e8rement moins attrayante (ni droits ni trop grands). Cela n\u2019enl\u00e8ve rien au go\u00fbt ni \u00e0 la qualit\u00e9 des produits.  Date de p\u00e9remption d'au moins 3 mois.","og_url":"https:\/\/webshop.foodspecialties.eu\/fr\/produit\/deuxieme-chance-tranches-de-bami-nouilles\/","og_site_name":"Food Specialties","article_modified_time":"2024-10-04T08:19:35+00:00","twitter_card":"summary_large_image","schema":{"@context":"https:\/\/schema.org","@graph":[{"@type":"WebPage","@id":"https:\/\/webshop.foodspecialties.eu\/fr\/produit\/deuxieme-chance-tranches-de-bami-nouilles\/","url":"https:\/\/webshop.foodspecialties.eu\/fr\/produit\/deuxieme-chance-tranches-de-bami-nouilles\/","name":"&#x2744;&#xfe0f; Deuxi\u00e8me chance - Tranches de bami (nouilles) | Food Specialties","isPartOf":{"@id":"https:\/\/webshop.foodspecialties.eu\/fr\/#website"},"primaryImageOfPage":{"@id":"https:\/\/webshop.foodspecialties.eu\/fr\/produit\/deuxieme-chance-tranches-de-bami-nouilles\/#primaryimage"},"image":{"@id":"https:\/\/webshop.foodspecialties.eu\/fr\/produit\/deuxieme-chance-tranches-de-bami-nouilles\/#primaryimage"},"thumbnailUrl":"https:\/\/webshop.foodspecialties.eu\/wp-content\/uploads\/2024\/10\/VA-Foods-TWEEDEKANSJES-bami.png","datePublished":"2024-10-04T06:56:17+00:00","dateModified":"2024-10-04T08:19:35+00:00","breadcrumb":{"@id":"https:\/\/webshop.foodspecialties.eu\/fr\/produit\/deuxieme-chance-tranches-de-bami-nouilles\/#breadcrumb"},"inLanguage":"fr-FR","potentialAction":[{"@type":"ReadAction","target":["https:\/\/webshop.foodspecialties.eu\/fr\/produit\/deuxieme-chance-tranches-de-bami-nouilles\/"]}]},{"@type":"ImageObject","inLanguage":"fr-FR","@id":"https:\/\/webshop.foodspecialties.eu\/fr\/produit\/deuxieme-chance-tranches-de-bami-nouilles\/#primaryimage","url":"https:\/\/webshop.foodspecialties.eu\/wp-content\/uploads\/2024\/10\/VA-Foods-TWEEDEKANSJES-bami.png","contentUrl":"https:\/\/webshop.foodspecialties.eu\/wp-content\/uploads\/2024\/10\/VA-Foods-TWEEDEKANSJES-bami.png","width":1080,"height":1080,"caption":"va foods bamischijf glutenvrij aanbieding korting"},{"@type":"BreadcrumbList","@id":"https:\/\/webshop.foodspecialties.eu\/fr\/produit\/deuxieme-chance-tranches-de-bami-nouilles\/#breadcrumb","itemListElement":[{"@type":"ListItem","position":1,"name":"Home","item":"https:\/\/webshop.foodspecialties.eu\/fr\/"},{"@type":"ListItem","position":2,"name":"V\u00e9g\u00e9talien","item":"https:\/\/webshop.foodspecialties.eu\/fr\/"},{"@type":"ListItem","position":3,"name":"&#x2744;&#xfe0f; Deuxi\u00e8me chance &#8211; Tranches de bami (nouilles)"}]},{"@type":"WebSite","@id":"https:\/\/webshop.foodspecialties.eu\/fr\/#website","url":"https:\/\/webshop.foodspecialties.eu\/fr\/","name":"Food Specialties","description":"Food Specialties - Webshop | Glutenvrij | Vegan","potentialAction":[{"@type":"SearchAction","target":{"@type":"EntryPoint","urlTemplate":"https:\/\/webshop.foodspecialties.eu\/fr\/?s={search_term_string}"},"query-input":{"@type":"PropertyValueSpecification","valueRequired":true,"valueName":"search_term_string"}}],"inLanguage":"fr-FR"}]}},"_links":{"self":[{"href":"https:\/\/webshop.foodspecialties.eu\/fr\/wp-json\/wp\/v2\/product\/3455","targetHints":{"allow":["GET"]}}],"collection":[{"href":"https:\/\/webshop.foodspecialties.eu\/fr\/wp-json\/wp\/v2\/product"}],"about":[{"href":"https:\/\/webshop.foodspecialties.eu\/fr\/wp-json\/wp\/v2\/types\/product"}],"wp:featuredmedia":[{"embeddable":true,"href":"https:\/\/webshop.foodspecialties.eu\/fr\/wp-json\/wp\/v2\/media\/3470"}],"wp:attachment":[{"href":"https:\/\/webshop.foodspecialties.eu\/fr\/wp-json\/wp\/v2\/media?parent=3455"}],"wp:term":[{"taxonomy":"product_brand","embeddable":true,"href":"https:\/\/webshop.foodspecialties.eu\/fr\/wp-json\/wp\/v2\/product_brand?post=3455"},{"taxonomy":"product_cat","embeddable":true,"href":"https:\/\/webshop.foodspecialties.eu\/fr\/wp-json\/wp\/v2\/product_cat?post=3455"},{"taxonomy":"product_tag","embeddable":true,"href":"https:\/\/webshop.foodspecialties.eu\/fr\/wp-json\/wp\/v2\/product_tag?post=3455"}],"curies":[{"name":"wp","href":"https:\/\/api.w.org\/{rel}","templated":true}]}}