{"id":3497,"date":"2023-11-22T13:39:48","date_gmt":"2023-11-22T13:39:48","guid":{"rendered":"https:\/\/webshop.foodspecialties.eu\/product\/%e2%9d%84%ef%b8%8f-veldts-glutenvrije-pannenkoeken-5x-100-gram\/"},"modified":"2024-10-16T09:53:53","modified_gmt":"2024-10-16T07:53:53","slug":"%e2%9d%84%ef%b8%8f-veldts-creps-sans-gluten-5x-100-grammes","status":"publish","type":"product","link":"https:\/\/webshop.foodspecialties.eu\/fr\/produit\/%e2%9d%84%ef%b8%8f-veldts-creps-sans-gluten-5x-100-grammes\/","title":{"rendered":"&#x2744;&#xfe0f; Veldt&rsquo;s Cr\u00eapes sans gluten | 5x 100 grammes"},"content":{"rendered":"<p>Cr\u00eapes sans gluten, par 5 morceaux de 100 grammes). <strong>Attention : ce produit contient du lait, de l&rsquo;\u0153uf et du lupin !<\/strong><\/p>\n","protected":false},"excerpt":{"rendered":"<p>Ingr\u00e9dients : Eau, M\u00e9lange \u00e0 P\u00e2tisserie (amidon de <strong>ma\u00efs<\/strong>, farine de pomme de terre, gomme de guar, dextrose, farine de <strong>lupin<\/strong>), <strong>\u0153ufs<\/strong>, <strong>lait<\/strong> en poudre partiellement \u00e9cr\u00e9m\u00e9 24%, sel, huile de tournesol<\/p>\n","protected":false},"featured_media":2583,"template":"","meta":{"_acf_changed":false},"product_brand":[],"product_cat":[76,67,123],"product_tag":[],"class_list":{"0":"post-3497","1":"product","2":"type-product","3":"status-publish","4":"has-post-thumbnail","6":"product_cat-autre","7":"product_cat-boulangerie","8":"product_cat-shoppen-fr","9":"product_shipping_class-congeles","10":"j79_wcxd_expiry_type-tenminste-houdbaar-tot","12":"first","13":"instock","14":"taxable","15":"shipping-taxable","16":"purchasable","17":"product-type-simple"},"acf":[],"yoast_head":"<!-- This site is optimized with the Yoast SEO plugin v27.2 - https:\/\/yoast.com\/product\/yoast-seo-wordpress\/ -->\n<title>&#x2744;&#xfe0f; Veldt&#039;s Cr\u00eapes sans gluten | 5x 100 grammes | Food Specialties<\/title>\n<meta name=\"robots\" content=\"noindex, follow\" \/>\n<meta property=\"og:locale\" content=\"fr_FR\" \/>\n<meta property=\"og:type\" content=\"article\" \/>\n<meta property=\"og:title\" content=\"&#x2744;&#xfe0f; Veldt&#039;s Cr\u00eapes sans gluten | 5x 100 grammes | Food Specialties\" \/>\n<meta property=\"og:description\" content=\"Ingr\u00e9dients : Eau, M\u00e9lange \u00e0 P\u00e2tisserie (amidon de ma\u00efs, farine de pomme de terre, gomme de guar, dextrose, farine de lupin), \u0153ufs, lait en poudre partiellement \u00e9cr\u00e9m\u00e9 24%, sel, huile de tournesol\" \/>\n<meta property=\"og:url\" content=\"https:\/\/webshop.foodspecialties.eu\/fr\/produit\/%e2%9d%84%ef%b8%8f-veldts-creps-sans-gluten-5x-100-grammes\/\" \/>\n<meta property=\"og:site_name\" content=\"Food Specialties\" \/>\n<meta property=\"article:modified_time\" content=\"2024-10-16T07:53:53+00:00\" \/>\n<meta property=\"og:image\" content=\"https:\/\/webshop.foodspecialties.eu\/wp-content\/uploads\/2023\/11\/Naturel_pannenkoek_stapel.original.jpg\" \/>\n\t<meta property=\"og:image:width\" content=\"1206\" \/>\n\t<meta property=\"og:image:height\" content=\"787\" \/>\n\t<meta property=\"og:image:type\" content=\"image\/jpeg\" \/>\n<meta name=\"twitter:card\" content=\"summary_large_image\" \/>\n<script type=\"application\/ld+json\" class=\"yoast-schema-graph\">{\"@context\":\"https:\/\/schema.org\",\"@graph\":[{\"@type\":\"WebPage\",\"@id\":\"https:\/\/webshop.foodspecialties.eu\/fr\/produit\/%e2%9d%84%ef%b8%8f-veldts-creps-sans-gluten-5x-100-grammes\/\",\"url\":\"https:\/\/webshop.foodspecialties.eu\/fr\/produit\/%e2%9d%84%ef%b8%8f-veldts-creps-sans-gluten-5x-100-grammes\/\",\"name\":\"&#x2744;&#xfe0f; Veldt's Cr\u00eapes sans gluten | 5x 100 grammes | Food Specialties\",\"isPartOf\":{\"@id\":\"https:\/\/webshop.foodspecialties.eu\/fr\/#website\"},\"primaryImageOfPage\":{\"@id\":\"https:\/\/webshop.foodspecialties.eu\/fr\/produit\/%e2%9d%84%ef%b8%8f-veldts-creps-sans-gluten-5x-100-grammes\/#primaryimage\"},\"image\":{\"@id\":\"https:\/\/webshop.foodspecialties.eu\/fr\/produit\/%e2%9d%84%ef%b8%8f-veldts-creps-sans-gluten-5x-100-grammes\/#primaryimage\"},\"thumbnailUrl\":\"https:\/\/webshop.foodspecialties.eu\/wp-content\/uploads\/2023\/11\/Naturel_pannenkoek_stapel.original.jpg\",\"datePublished\":\"2023-11-22T13:39:48+00:00\",\"dateModified\":\"2024-10-16T07:53:53+00:00\",\"breadcrumb\":{\"@id\":\"https:\/\/webshop.foodspecialties.eu\/fr\/produit\/%e2%9d%84%ef%b8%8f-veldts-creps-sans-gluten-5x-100-grammes\/#breadcrumb\"},\"inLanguage\":\"fr-FR\",\"potentialAction\":[{\"@type\":\"ReadAction\",\"target\":[\"https:\/\/webshop.foodspecialties.eu\/fr\/produit\/%e2%9d%84%ef%b8%8f-veldts-creps-sans-gluten-5x-100-grammes\/\"]}]},{\"@type\":\"ImageObject\",\"inLanguage\":\"fr-FR\",\"@id\":\"https:\/\/webshop.foodspecialties.eu\/fr\/produit\/%e2%9d%84%ef%b8%8f-veldts-creps-sans-gluten-5x-100-grammes\/#primaryimage\",\"url\":\"https:\/\/webshop.foodspecialties.eu\/wp-content\/uploads\/2023\/11\/Naturel_pannenkoek_stapel.original.jpg\",\"contentUrl\":\"https:\/\/webshop.foodspecialties.eu\/wp-content\/uploads\/2023\/11\/Naturel_pannenkoek_stapel.original.jpg\",\"width\":1206,\"height\":787,\"caption\":\"Veldt's Glutenvrije pannenkoeken\"},{\"@type\":\"BreadcrumbList\",\"@id\":\"https:\/\/webshop.foodspecialties.eu\/fr\/produit\/%e2%9d%84%ef%b8%8f-veldts-creps-sans-gluten-5x-100-grammes\/#breadcrumb\",\"itemListElement\":[{\"@type\":\"ListItem\",\"position\":1,\"name\":\"Home\",\"item\":\"https:\/\/webshop.foodspecialties.eu\/fr\/\"},{\"@type\":\"ListItem\",\"position\":2,\"name\":\"V\u00e9g\u00e9talien\",\"item\":\"https:\/\/webshop.foodspecialties.eu\/fr\/\"},{\"@type\":\"ListItem\",\"position\":3,\"name\":\"&#x2744;&#xfe0f; Veldt&#8217;s Cr\u00eapes sans gluten | 5x 100 grammes\"}]},{\"@type\":\"WebSite\",\"@id\":\"https:\/\/webshop.foodspecialties.eu\/fr\/#website\",\"url\":\"https:\/\/webshop.foodspecialties.eu\/fr\/\",\"name\":\"Food Specialties\",\"description\":\"Food Specialties - Webshop | Glutenvrij | Vegan\",\"potentialAction\":[{\"@type\":\"SearchAction\",\"target\":{\"@type\":\"EntryPoint\",\"urlTemplate\":\"https:\/\/webshop.foodspecialties.eu\/fr\/?s={search_term_string}\"},\"query-input\":{\"@type\":\"PropertyValueSpecification\",\"valueRequired\":true,\"valueName\":\"search_term_string\"}}],\"inLanguage\":\"fr-FR\"}]}<\/script>\n<!-- \/ Yoast SEO plugin. -->","yoast_head_json":{"title":"&#x2744;&#xfe0f; Veldt's Cr\u00eapes sans gluten | 5x 100 grammes | Food Specialties","robots":{"index":"noindex","follow":"follow"},"og_locale":"fr_FR","og_type":"article","og_title":"&#x2744;&#xfe0f; Veldt's Cr\u00eapes sans gluten | 5x 100 grammes | Food Specialties","og_description":"Ingr\u00e9dients : Eau, M\u00e9lange \u00e0 P\u00e2tisserie (amidon de ma\u00efs, farine de pomme de terre, gomme de guar, dextrose, farine de lupin), \u0153ufs, lait en poudre partiellement \u00e9cr\u00e9m\u00e9 24%, sel, huile de tournesol","og_url":"https:\/\/webshop.foodspecialties.eu\/fr\/produit\/%e2%9d%84%ef%b8%8f-veldts-creps-sans-gluten-5x-100-grammes\/","og_site_name":"Food Specialties","article_modified_time":"2024-10-16T07:53:53+00:00","og_image":[{"width":1206,"height":787,"url":"https:\/\/webshop.foodspecialties.eu\/wp-content\/uploads\/2023\/11\/Naturel_pannenkoek_stapel.original.jpg","type":"image\/jpeg"}],"twitter_card":"summary_large_image","schema":{"@context":"https:\/\/schema.org","@graph":[{"@type":"WebPage","@id":"https:\/\/webshop.foodspecialties.eu\/fr\/produit\/%e2%9d%84%ef%b8%8f-veldts-creps-sans-gluten-5x-100-grammes\/","url":"https:\/\/webshop.foodspecialties.eu\/fr\/produit\/%e2%9d%84%ef%b8%8f-veldts-creps-sans-gluten-5x-100-grammes\/","name":"&#x2744;&#xfe0f; Veldt's Cr\u00eapes sans gluten | 5x 100 grammes | Food Specialties","isPartOf":{"@id":"https:\/\/webshop.foodspecialties.eu\/fr\/#website"},"primaryImageOfPage":{"@id":"https:\/\/webshop.foodspecialties.eu\/fr\/produit\/%e2%9d%84%ef%b8%8f-veldts-creps-sans-gluten-5x-100-grammes\/#primaryimage"},"image":{"@id":"https:\/\/webshop.foodspecialties.eu\/fr\/produit\/%e2%9d%84%ef%b8%8f-veldts-creps-sans-gluten-5x-100-grammes\/#primaryimage"},"thumbnailUrl":"https:\/\/webshop.foodspecialties.eu\/wp-content\/uploads\/2023\/11\/Naturel_pannenkoek_stapel.original.jpg","datePublished":"2023-11-22T13:39:48+00:00","dateModified":"2024-10-16T07:53:53+00:00","breadcrumb":{"@id":"https:\/\/webshop.foodspecialties.eu\/fr\/produit\/%e2%9d%84%ef%b8%8f-veldts-creps-sans-gluten-5x-100-grammes\/#breadcrumb"},"inLanguage":"fr-FR","potentialAction":[{"@type":"ReadAction","target":["https:\/\/webshop.foodspecialties.eu\/fr\/produit\/%e2%9d%84%ef%b8%8f-veldts-creps-sans-gluten-5x-100-grammes\/"]}]},{"@type":"ImageObject","inLanguage":"fr-FR","@id":"https:\/\/webshop.foodspecialties.eu\/fr\/produit\/%e2%9d%84%ef%b8%8f-veldts-creps-sans-gluten-5x-100-grammes\/#primaryimage","url":"https:\/\/webshop.foodspecialties.eu\/wp-content\/uploads\/2023\/11\/Naturel_pannenkoek_stapel.original.jpg","contentUrl":"https:\/\/webshop.foodspecialties.eu\/wp-content\/uploads\/2023\/11\/Naturel_pannenkoek_stapel.original.jpg","width":1206,"height":787,"caption":"Veldt's Glutenvrije pannenkoeken"},{"@type":"BreadcrumbList","@id":"https:\/\/webshop.foodspecialties.eu\/fr\/produit\/%e2%9d%84%ef%b8%8f-veldts-creps-sans-gluten-5x-100-grammes\/#breadcrumb","itemListElement":[{"@type":"ListItem","position":1,"name":"Home","item":"https:\/\/webshop.foodspecialties.eu\/fr\/"},{"@type":"ListItem","position":2,"name":"V\u00e9g\u00e9talien","item":"https:\/\/webshop.foodspecialties.eu\/fr\/"},{"@type":"ListItem","position":3,"name":"&#x2744;&#xfe0f; Veldt&#8217;s Cr\u00eapes sans gluten | 5x 100 grammes"}]},{"@type":"WebSite","@id":"https:\/\/webshop.foodspecialties.eu\/fr\/#website","url":"https:\/\/webshop.foodspecialties.eu\/fr\/","name":"Food Specialties","description":"Food Specialties - Webshop | Glutenvrij | Vegan","potentialAction":[{"@type":"SearchAction","target":{"@type":"EntryPoint","urlTemplate":"https:\/\/webshop.foodspecialties.eu\/fr\/?s={search_term_string}"},"query-input":{"@type":"PropertyValueSpecification","valueRequired":true,"valueName":"search_term_string"}}],"inLanguage":"fr-FR"}]}},"_links":{"self":[{"href":"https:\/\/webshop.foodspecialties.eu\/fr\/wp-json\/wp\/v2\/product\/3497","targetHints":{"allow":["GET"]}}],"collection":[{"href":"https:\/\/webshop.foodspecialties.eu\/fr\/wp-json\/wp\/v2\/product"}],"about":[{"href":"https:\/\/webshop.foodspecialties.eu\/fr\/wp-json\/wp\/v2\/types\/product"}],"wp:featuredmedia":[{"embeddable":true,"href":"https:\/\/webshop.foodspecialties.eu\/fr\/wp-json\/wp\/v2\/media\/2583"}],"wp:attachment":[{"href":"https:\/\/webshop.foodspecialties.eu\/fr\/wp-json\/wp\/v2\/media?parent=3497"}],"wp:term":[{"taxonomy":"product_brand","embeddable":true,"href":"https:\/\/webshop.foodspecialties.eu\/fr\/wp-json\/wp\/v2\/product_brand?post=3497"},{"taxonomy":"product_cat","embeddable":true,"href":"https:\/\/webshop.foodspecialties.eu\/fr\/wp-json\/wp\/v2\/product_cat?post=3497"},{"taxonomy":"product_tag","embeddable":true,"href":"https:\/\/webshop.foodspecialties.eu\/fr\/wp-json\/wp\/v2\/product_tag?post=3497"}],"curies":[{"name":"wp","href":"https:\/\/api.w.org\/{rel}","templated":true}]}}